{"id":12235,"date":"2026-04-09T06:43:04","date_gmt":"2026-04-09T04:43:04","guid":{"rendered":"https:\/\/www.holz-automation.de\/kontakt-2\/"},"modified":"2026-04-10T10:12:24","modified_gmt":"2026-04-10T08:12:24","slug":"kontakt-2","status":"publish","type":"page","link":"https:\/\/www.holz-automation.de\/cs\/kontakt-2\/","title":{"rendered":"Kontakt"},"content":{"rendered":"<p><div class=\"fusion-fullwidth fullwidth-box fusion-builder-row-1 has-pattern-background has-mask-background nonhundred-percent-fullwidth non-hundred-percent-height-scrolling\" style=\"--awb-border-radius-top-left:0px;--awb-border-radius-top-right:0px;--awb-border-radius-bottom-right:0px;--awb-border-radius-bottom-left:0px;--awb-padding-top:80px;--awb-padding-right:20px;--awb-padding-bottom:30px;--awb-padding-left:20px;--awb-margin-top:0px;--awb-margin-bottom:0px;--awb-background-color:#ffffff;--awb-flex-wrap:wrap;\" ><div class=\"fusion-builder-row fusion-row\"><div class=\"fusion-layout-column fusion_builder_column fusion-builder-column-0 fusion_builder_column_1_6 1_6 fusion-one-sixth fusion-column-first\" style=\"--awb-bg-size:cover;width:16.666666666667%;width:calc(16.666666666667% - ( ( 4% + 20px + 20px ) * 0.16666666666667 ) );margin-right: 4%;\"><div class=\"fusion-column-wrapper fusion-column-has-shadow fusion-flex-column-wrapper-legacy\"><div class=\"fusion-clearfix\"><\/div><\/div><\/div><div class=\"fusion-layout-column fusion_builder_column fusion-builder-column-1 fusion_builder_column_1_3 1_3 fusion-one-third\" style=\"--awb-padding-top:20px;--awb-padding-right:20px;--awb-padding-bottom:20px;--awb-padding-left:20px;--awb-bg-color:#ffffff;--awb-bg-color-hover:#ffffff;--awb-bg-size:cover;--awb-margin-bottom:40px;width:33.333333333333%;width:calc(33.333333333333% - ( ( 4% + 20px + 20px ) * 0.33333333333333 ) );margin-right: 20px;\"><div class=\"fusion-column-wrapper fusion-column-has-shadow fusion-flex-column-wrapper-legacy\"><div class=\"fusion-image-element fusion-image-align-center in-legacy-container\" style=\"text-align:center;--awb-caption-title-font-family:var(--h2_typography-font-family);--awb-caption-title-font-weight:var(--h2_typography-font-weight);--awb-caption-title-font-style:var(--h2_typography-font-style);--awb-caption-title-size:var(--h2_typography-font-size);--awb-caption-title-transform:var(--h2_typography-text-transform);--awb-caption-title-line-height:var(--h2_typography-line-height);--awb-caption-title-letter-spacing:var(--h2_typography-letter-spacing);\"><div class=\"imageframe-align-center\"><span class=\" fusion-imageframe imageframe-none imageframe-1 hover-type-none\"><img decoding=\"async\" width=\"300\" height=\"300\" alt=\"J\u00fcrgen Holz | HOLZ automation \u2013 speci\u00e1ln\u00ed stroje\" title=\"Portr\u00e9t zam\u011bstnance firmy HOLZ\" src=\"https:\/\/www.holz-automation.de\/wp-content\/uploads\/2025\/08\/2-300x300.png\" class=\"img-responsive wp-image-12246\" srcset=\"https:\/\/www.holz-automation.de\/wp-content\/uploads\/2025\/08\/2-200x200.png 200w, https:\/\/www.holz-automation.de\/wp-content\/uploads\/2025\/08\/2-400x400.png 400w, https:\/\/www.holz-automation.de\/wp-content\/uploads\/2025\/08\/2-600x600.png 600w, https:\/\/www.holz-automation.de\/wp-content\/uploads\/2025\/08\/2-800x800.png 800w, https:\/\/www.holz-automation.de\/wp-content\/uploads\/2025\/08\/2.png 886w\" sizes=\"(max-width: 800px) 100vw, 400px\" \/><\/span><\/div><\/div><div class=\"fusion-sep-clear\"><\/div><div class=\"fusion-separator fusion-full-width-sep\" style=\"margin-left: auto;margin-right: auto;margin-top:15px;margin-bottom:15px;width:100%;max-width:100%;\"><\/div><div class=\"fusion-sep-clear\"><\/div><div class=\"fusion-title title fusion-title-1 fusion-sep-none fusion-title-center fusion-title-text fusion-title-size-five\" style=\"--awb-text-color:#009ba8;--awb-margin-bottom:0px;--awb-margin-top-small:0px;--awb-margin-right-small:0px;--awb-margin-bottom-small:0px;--awb-margin-left-small:0px;\"><h5 class=\"fusion-title-heading title-heading-center fusion-responsive-typography-calculated\" style=\"margin:0;--fontSize:25;--minFontSize:25;line-height:1.25;\">J\u00fcrgen Holz<\/h5><\/div><div class=\"fusion-text fusion-text-1\"><p style=\"text-align: center;\">Jednatel<\/p>\n<\/div><div class=\"fusion-text fusion-text-2\"><p style=\"text-align: center;\">Telefon:<br \/>+49 (0) 7191 \/ 3432-100<\/p>\n<\/div><div class=\"fusion-sep-clear\"><\/div><div class=\"fusion-separator fusion-full-width-sep\" style=\"margin-left: auto;margin-right: auto;margin-top:10px;margin-bottom:10px;width:100%;max-width:100%;\"><\/div><div class=\"fusion-sep-clear\"><\/div><div class=\"fusion-aligncenter\"><a class=\"fusion-button button-flat button-medium button-custom fusion-button-default button-1 fusion-button-default-span \" style=\"--button_accent_color:#ffffff;--button_accent_hover_color:#ffffff;--button_border_hover_color:#ffffff;--button_gradient_top_color:#009ba8;--button_gradient_bottom_color:#009ba8;--button_gradient_top_color_hover:#131e27;--button_gradient_bottom_color_hover:#131e27;--button_text_transform:uppercase;\" target=\"_self\" href=\"&#x6d;&#x61;&#105;l&#x74;&#x6f;&#58;ju&#x65;&#x72;&#103;e&#x6e;&#x2e;&#104;&#111;l&#x7a;&#x40;&#104;o&#x6c;&#x7a;&#45;&#97;u&#x74;&#x6f;&#109;a&#x74;&#x69;&#111;&#110;&#46;&#x64;&#x65;\"><i class=\"fa-envelope far awb-button__icon awb-button__icon--default button-icon-left\" aria-hidden=\"true\"><\/i><span class=\"fusion-button-text awb-button__text awb-button__text--default\">Odeslat e-mail<\/span><\/a><\/div><div class=\"fusion-sep-clear\"><\/div><div class=\"fusion-separator fusion-full-width-sep\" style=\"margin-left: auto;margin-right: auto;margin-top:10px;margin-bottom:10px;width:100%;max-width:100%;\"><\/div><div class=\"fusion-sep-clear\"><\/div><div class=\"fusion-aligncenter\"><a class=\"fusion-button button-flat button-medium button-custom fusion-button-default button-2 fusion-button-default-span \" style=\"--button_accent_color:#ffffff;--button_accent_hover_color:#ffffff;--button_border_hover_color:#ffffff;--button_gradient_top_color:#009ba8;--button_gradient_bottom_color:#009ba8;--button_gradient_top_color_hover:#131e27;--button_gradient_bottom_color_hover:#131e27;--button_text_transform:uppercase;\" target=\"_blank\" rel=\"noopener noreferrer\" href=\"https:\/\/www.linkedin.com\/in\/j%C3%BCrgen-holz\/\"><i class=\"fa-linkedin-in fab awb-button__icon awb-button__icon--default button-icon-left\" aria-hidden=\"true\"><\/i><span class=\"fusion-button-text awb-button__text awb-button__text--default\">Zobrazit profil<\/span><\/a><\/div><div class=\"fusion-sep-clear\"><\/div><div class=\"fusion-separator fusion-full-width-sep\" style=\"margin-left: auto;margin-right: auto;margin-top:10px;margin-bottom:10px;width:100%;max-width:100%;\"><\/div><div class=\"fusion-sep-clear\"><\/div><div class=\"fusion-clearfix\"><\/div><\/div><\/div><div class=\"fusion-layout-column fusion_builder_column fusion-builder-column-2 fusion_builder_column_1_3 1_3 fusion-one-third\" style=\"--awb-padding-top:20px;--awb-padding-right:20px;--awb-padding-bottom:20px;--awb-padding-left:20px;--awb-bg-color:#ffffff;--awb-bg-color-hover:#ffffff;--awb-bg-size:cover;--awb-margin-bottom:40px;width:33.333333333333%;width:calc(33.333333333333% - ( ( 4% + 20px + 20px ) * 0.33333333333333 ) );margin-right: 20px;\"><div class=\"fusion-column-wrapper fusion-column-has-shadow fusion-flex-column-wrapper-legacy\"><div class=\"fusion-image-element fusion-image-align-center in-legacy-container\" style=\"text-align:center;--awb-caption-title-font-family:var(--h2_typography-font-family);--awb-caption-title-font-weight:var(--h2_typography-font-weight);--awb-caption-title-font-style:var(--h2_typography-font-style);--awb-caption-title-size:var(--h2_typography-font-size);--awb-caption-title-transform:var(--h2_typography-text-transform);--awb-caption-title-line-height:var(--h2_typography-line-height);--awb-caption-title-letter-spacing:var(--h2_typography-letter-spacing);\"><div class=\"imageframe-align-center\"><span class=\" fusion-imageframe imageframe-none imageframe-2 hover-type-none\"><img decoding=\"async\" width=\"300\" height=\"300\" alt=\"J\u00fcrgen Holz | HOLZ automation \u2013 speci\u00e1ln\u00ed stroje\" title=\"Portr\u00e9t mu\u017ee s kn\u00edrem\" src=\"https:\/\/www.holz-automation.de\/wp-content\/uploads\/2025\/08\/1-300x300.png\" class=\"img-responsive wp-image-12245\" srcset=\"https:\/\/www.holz-automation.de\/wp-content\/uploads\/2025\/08\/1-200x200.png 200w, https:\/\/www.holz-automation.de\/wp-content\/uploads\/2025\/08\/1-400x400.png 400w, https:\/\/www.holz-automation.de\/wp-content\/uploads\/2025\/08\/1-600x600.png 600w, https:\/\/www.holz-automation.de\/wp-content\/uploads\/2025\/08\/1-800x800.png 800w, https:\/\/www.holz-automation.de\/wp-content\/uploads\/2025\/08\/1.png 886w\" sizes=\"(max-width: 800px) 100vw, 400px\" \/><\/span><\/div><\/div><div class=\"fusion-sep-clear\"><\/div><div class=\"fusion-separator fusion-full-width-sep\" style=\"margin-left: auto;margin-right: auto;margin-top:15px;margin-bottom:15px;width:100%;max-width:100%;\"><\/div><div class=\"fusion-sep-clear\"><\/div><div class=\"fusion-title title fusion-title-2 fusion-sep-none fusion-title-center fusion-title-text fusion-title-size-five\" style=\"--awb-text-color:#009ba8;--awb-margin-bottom:0px;--awb-margin-top-small:0px;--awb-margin-right-small:0px;--awb-margin-bottom-small:0px;--awb-margin-left-small:0px;\"><h5 class=\"fusion-title-heading title-heading-center fusion-responsive-typography-calculated\" style=\"margin:0;--fontSize:25;--minFontSize:25;line-height:1.25;\">Oliver B\u00fcrker<\/h5><\/div><div class=\"fusion-text fusion-text-3\"><p style=\"text-align: center;\">Obchod<\/p>\n<\/div><div class=\"fusion-text fusion-text-4\"><p style=\"text-align: center;\">Telefon:<br \/>+49 (0) 7191 \/ 3432-111<\/p>\n<\/div><div class=\"fusion-sep-clear\"><\/div><div class=\"fusion-separator fusion-full-width-sep\" style=\"margin-left: auto;margin-right: auto;margin-top:10px;margin-bottom:10px;width:100%;max-width:100%;\"><\/div><div class=\"fusion-sep-clear\"><\/div><div class=\"fusion-aligncenter\"><a class=\"fusion-button button-flat button-medium button-custom fusion-button-default button-3 fusion-button-default-span \" style=\"--button_accent_color:#ffffff;--button_accent_hover_color:#ffffff;--button_border_hover_color:#ffffff;--button_gradient_top_color:#009ba8;--button_gradient_bottom_color:#009ba8;--button_gradient_top_color_hover:#131e27;--button_gradient_bottom_color_hover:#131e27;--button_text_transform:uppercase;\" target=\"_self\" href=\"m&#97;&#105;&#108;&#x74;&#x6f;&#x3a;ol&#105;&#118;&#x65;&#x72;&#x2e;&#x62;ue&#114;&#107;&#x65;&#x72;&#x40;&#x68;o&#108;&#122;&#45;&#x61;&#x75;&#x74;om&#97;&#116;&#105;&#x6f;&#x6e;&#x2e;de\"><i class=\"fa-envelope far awb-button__icon awb-button__icon--default button-icon-left\" aria-hidden=\"true\"><\/i><span class=\"fusion-button-text awb-button__text awb-button__text--default\">Odeslat e-mail<\/span><\/a><\/div><div class=\"fusion-sep-clear\"><\/div><div class=\"fusion-separator fusion-full-width-sep\" style=\"margin-left: auto;margin-right: auto;margin-top:10px;margin-bottom:10px;width:100%;max-width:100%;\"><\/div><div class=\"fusion-sep-clear\"><\/div><div class=\"fusion-aligncenter\"><a class=\"fusion-button button-flat button-medium button-custom fusion-button-default button-4 fusion-button-default-span \" style=\"--button_accent_color:#ffffff;--button_accent_hover_color:#ffffff;--button_border_hover_color:#ffffff;--button_gradient_top_color:#009ba8;--button_gradient_bottom_color:#009ba8;--button_gradient_top_color_hover:#131e27;--button_gradient_bottom_color_hover:#131e27;--button_text_transform:uppercase;\" target=\"_blank\" rel=\"noopener noreferrer\" href=\"https:\/\/www.linkedin.com\/in\/oliver-buerker\/\"><i class=\"fa-linkedin-in fab awb-button__icon awb-button__icon--default button-icon-left\" aria-hidden=\"true\"><\/i><span class=\"fusion-button-text awb-button__text awb-button__text--default\">Zobrazit profil<\/span><\/a><\/div><div class=\"fusion-sep-clear\"><\/div><div class=\"fusion-separator fusion-full-width-sep\" style=\"margin-left: auto;margin-right: auto;margin-top:10px;margin-bottom:10px;width:100%;max-width:100%;\"><\/div><div class=\"fusion-sep-clear\"><\/div><div class=\"fusion-clearfix\"><\/div><\/div><\/div><div class=\"fusion-layout-column fusion_builder_column fusion-builder-column-3 fusion_builder_column_1_6 1_6 fusion-one-sixth fusion-column-last\" style=\"--awb-bg-size:cover;width:16.666666666667%;width:calc(16.666666666667% - ( ( 4% + 20px + 20px ) * 0.16666666666667 ) );\"><div class=\"fusion-column-wrapper fusion-column-has-shadow fusion-flex-column-wrapper-legacy\"><div class=\"fusion-clearfix\"><\/div><\/div><\/div><\/div><\/div><div class=\"fusion-fullwidth fullwidth-box fusion-builder-row-2 nonhundred-percent-fullwidth non-hundred-percent-height-scrolling\" style=\"--awb-border-radius-top-left:0px;--awb-border-radius-top-right:0px;--awb-border-radius-bottom-right:0px;--awb-border-radius-bottom-left:0px;--awb-padding-top:80px;--awb-padding-right:20px;--awb-padding-bottom:50px;--awb-padding-left:20px;--awb-margin-top:0px;--awb-margin-bottom:0px;--awb-background-color:#ebebeb;--awb-flex-wrap:wrap;\" ><div class=\"fusion-builder-row fusion-row\"><div class=\"fusion-layout-column fusion_builder_column fusion-builder-column-4 fusion_builder_column_1_1 1_1 fusion-one-full fusion-column-first fusion-column-last\" style=\"--awb-bg-size:cover;--awb-margin-bottom:0px;\"><div class=\"fusion-column-wrapper fusion-column-has-shadow fusion-flex-column-wrapper-legacy\"><div class=\"fusion-title title fusion-title-3 fusion-sep-none fusion-title-center fusion-title-text fusion-title-size-five\" style=\"--awb-text-color:#131e27;--awb-margin-bottom:0px;--awb-margin-top-small:0px;--awb-margin-right-small:0px;--awb-margin-bottom-small:0px;--awb-margin-left-small:0px;\"><h5 class=\"fusion-title-heading title-heading-center fusion-responsive-typography-calculated\" style=\"margin:0;--fontSize:25;--minFontSize:25;line-height:1.25;\">KONTAKT<\/h5><\/div><div class=\"fusion-sep-clear\"><\/div><div class=\"fusion-separator fusion-full-width-sep\" style=\"margin-left: auto;margin-right: auto;margin-top:5px;margin-bottom:5px;width:100%;max-width:100%;\"><\/div><div class=\"fusion-sep-clear\"><\/div><div class=\"fusion-title title fusion-title-4 fusion-sep-none fusion-title-center fusion-title-text fusion-title-size-one\" style=\"--awb-text-color:#009ba8;--awb-margin-bottom:0px;--awb-margin-top-small:0px;--awb-margin-right-small:0px;--awb-margin-bottom-small:0px;--awb-margin-left-small:0px;--awb-font-size:4REM;\"><h1 class=\"fusion-title-heading title-heading-center fusion-responsive-typography-calculated\" style=\"margin:0;font-size:1em;--fontSize:18;--minFontSize:18;line-height:1.25;\">Kontaktujte n\u00e1s.<\/h1><\/div><div class=\"fusion-sep-clear\"><\/div><div class=\"fusion-separator fusion-full-width-sep\" style=\"margin-left: auto;margin-right: auto;margin-top:19px;margin-bottom:19px;width:100%;max-width:100%;\"><\/div><div class=\"fusion-sep-clear\"><\/div><div class=\"fusion-content-boxes content-boxes columns row fusion-columns-3 fusion-columns-total-3 fusion-content-boxes-1 content-boxes-icon-on-top content-left\" style=\"--awb-backgroundcolor:#ffffff;--awb-body-color:#000000;--awb-title-color:#009ba8;--awb-iconcolor:#009ba8;--awb-hover-accent-color:#131e27;--awb-circle-hover-accent-color:transparent;\" data-animationOffset=\"top-into-view\"><div style=\"--awb-backgroundcolor:#ffffff;--awb-iconcolor:#009ba8;\" class=\"fusion-column content-box-column content-box-column content-box-column-1 col-lg-4 col-md-4 col-sm-4 fusion-content-box-hover content-box-column-first-in-row\"><div class=\"col content-box-wrapper content-wrapper-background link-area-box icon-hover-animation-none\" data-animationOffset=\"top-into-view\"><div class=\"heading heading-with-icon icon-left\"><div class=\"icon\"><i style=\"background-color:transparent;border-color:transparent;height:auto;width: 40px;line-height:normal;font-size:40px;\" aria-hidden=\"true\" class=\"fontawesome-icon fa-map-marker-alt fas circle-no\"><\/i><\/div><h2 class=\"content-box-heading fusion-responsive-typography-calculated\" style=\"--h2_typography-font-size:25px;--fontSize:25;line-height:1.25;\">Adresa<\/h2><\/div><div class=\"fusion-clearfix\"><\/div><div class=\"content-container\">\n<p style=\"text-align: center;\">HOLZ automation GmbH<br \/>Donaustra\u00dfe 23<br \/>D-71522 Backnang<\/p>\n<\/div><\/div><\/div><div style=\"--awb-backgroundcolor:#ffffff;--awb-iconcolor:#009ba8;\" class=\"fusion-column content-box-column content-box-column content-box-column-2 col-lg-4 col-md-4 col-sm-4 fusion-content-box-hover \"><div class=\"col content-box-wrapper content-wrapper-background link-area-box icon-hover-animation-none\" data-animationOffset=\"top-into-view\"><div class=\"heading heading-with-icon icon-left\"><div class=\"icon\"><i style=\"background-color:transparent;border-color:transparent;height:auto;width: 40px;line-height:normal;font-size:40px;\" aria-hidden=\"true\" class=\"fontawesome-icon fa-phone-alt fas circle-no\"><\/i><\/div><h2 class=\"content-box-heading fusion-responsive-typography-calculated\" style=\"--h2_typography-font-size:25px;--fontSize:25;line-height:1.25;\">Jak se k n\u00e1m dostanete<\/h2><\/div><div class=\"fusion-clearfix\"><\/div><div class=\"content-container\">\n<p style=\"text-align: center;\">Tel. +49 (0) 7191 \/ 3432-0<br \/>Fax: +49 (0) 7191 \/ 3432-299 <br \/><a href=\"&#x6d;&#97;&#x69;&#x6c;t&#x6f;&#58;i&#x6e;&#102;o&#x40;&#104;&#x6f;&#x6c;z&#x2d;&#97;u&#x74;&#111;m&#x61;&#116;&#x69;&#x6f;&#110;&#x2e;&#x64;e\">&#105;&#x6e;&#102;&#x6f;&#64;&#x68;&#111;&#x6c;&#122;&#x2d;&#97;&#x75;&#116;&#x6f;&#109;&#x61;&#116;&#x69;&#111;&#x6e;&#46;&#x64;&#101;<\/a><\/p>\n<\/div><\/div><\/div><div style=\"--awb-backgroundcolor:#ffffff;--awb-iconcolor:#009ba8;\" class=\"fusion-column content-box-column content-box-column content-box-column-3 col-lg-4 col-md-4 col-sm-4 fusion-content-box-hover content-box-column-last content-box-column-last-in-row\"><div class=\"col content-box-wrapper content-wrapper-background link-area-box icon-hover-animation-none\" data-animationOffset=\"top-into-view\"><div class=\"heading heading-with-icon icon-left\"><div class=\"icon\"><i style=\"background-color:transparent;border-color:transparent;height:auto;width: 40px;line-height:normal;font-size:40px;\" aria-hidden=\"true\" class=\"fontawesome-icon fa-clock far circle-no\"><\/i><\/div><h2 class=\"content-box-heading fusion-responsive-typography-calculated\" style=\"--h2_typography-font-size:25px;--fontSize:25;line-height:1.25;\">Dod\u00e1vka<\/h2><\/div><div class=\"fusion-clearfix\"><\/div><div class=\"content-container\">\n<p style=\"text-align: center;\">Pond\u011bl\u00ed \u2013 P\u00e1tek:<br \/>07:00 \u2013 16:00<br \/>So. &amp; Ne. zav\u0159eno <\/p>\n<\/div><\/div><\/div><div class=\"fusion-clearfix\"><\/div><\/div><div class=\"fusion-clearfix\"><\/div><\/div><\/div><\/div><\/div><div class=\"fusion-fullwidth fullwidth-box fusion-builder-row-3 fusion-flex-container nonhundred-percent-fullwidth non-hundred-percent-height-scrolling\" style=\"--awb-border-radius-top-left:0px;--awb-border-radius-top-right:0px;--awb-border-radius-bottom-right:0px;--awb-border-radius-bottom-left:0px;--awb-padding-top:80px;--awb-padding-right:20px;--awb-padding-bottom:30px;--awb-padding-left:20px;--awb-margin-top:0px;--awb-margin-bottom:0px;--awb-background-color:#f5f5f5;--awb-flex-wrap:wrap;\" ><div class=\"fusion-builder-row fusion-row fusion-flex-align-items-center fusion-flex-content-wrap\" style=\"max-width:1216.8px;margin-left: calc(-4% \/ 2 );margin-right: calc(-4% \/ 2 );\"><div class=\"fusion-layout-column fusion_builder_column fusion-builder-column-5 fusion_builder_column_2_3 2_3 fusion-flex-column\" style=\"--awb-bg-size:cover;--awb-width-large:66.666666666667%;--awb-margin-top-large:0px;--awb-spacing-right-large:2.88%;--awb-margin-bottom-large:20px;--awb-spacing-left-large:2.88%;--awb-width-medium:100%;--awb-spacing-right-medium:1.92%;--awb-spacing-left-medium:1.92%;--awb-width-small:100%;--awb-spacing-right-small:1.92%;--awb-spacing-left-small:1.92%;\"><div class=\"fusion-column-wrapper fusion-column-has-shadow fusion-flex-justify-content-flex-start fusion-content-layout-column\"><div class=\"fusion-title title fusion-title-5 fusion-sep-none fusion-title-text fusion-title-size-three\" style=\"--awb-text-color:#0e8ee9;--awb-margin-bottom:0px;--awb-margin-top-small:0px;--awb-margin-right-small:0px;--awb-margin-bottom-small:0px;--awb-margin-left-small:0px;\"><h3 class=\"fusion-title-heading title-heading-left fusion-responsive-typography-calculated\" style=\"margin:0;--fontSize:35;line-height:1.25;\">Teamviewer ke sta\u017een\u00ed<\/h3><\/div><div class=\"fusion-separator fusion-full-width-sep\" style=\"align-self: center;margin-left: auto;margin-right: auto;margin-top:19px;margin-bottom:19px;width:100%;max-width:100%;\"><\/div><div class=\"fusion-text fusion-text-5\"><p>Teamviewer je praktick\u00fd software, kter\u00fd v\u00e1m umo\u017e\u0148uje ovl\u00e1dat jin\u00fd po\u010d\u00edta\u010d p\u0159es internet nebo nechat ovl\u00e1dat sv\u016fj vlastn\u00ed po\u010d\u00edta\u010d jinou osobou.<\/p>\n<p>Odborn\u00fd term\u00edn pro takov\u00fd program je vzd\u00e1len\u00e1 plocha (Remote-Desktop). V \u010de\u0161tin\u011b se \u010dasto pou\u017e\u00edv\u00e1 ozna\u010den\u00ed d\u00e1lkov\u00e9 ovl\u00e1d\u00e1n\u00ed PC, co\u017e m\u00e1 zhruba stejn\u00fd v\u00fdznam.<\/p>\n<\/div><div class=\"fusion-separator fusion-full-width-sep\" style=\"align-self: center;margin-left: auto;margin-right: auto;margin-top:15px;margin-bottom:15px;width:100%;max-width:100%;\"><\/div><\/div><\/div><div class=\"fusion-layout-column fusion_builder_column fusion-builder-column-6 fusion_builder_column_1_3 1_3 fusion-flex-column\" style=\"--awb-bg-size:cover;--awb-width-large:33.333333333333%;--awb-margin-top-large:0px;--awb-spacing-right-large:5.76%;--awb-margin-bottom-large:0px;--awb-spacing-left-large:5.76%;--awb-width-medium:100%;--awb-order-medium:0;--awb-spacing-right-medium:1.92%;--awb-spacing-left-medium:1.92%;--awb-width-small:100%;--awb-order-small:0;--awb-spacing-right-small:1.92%;--awb-spacing-left-small:1.92%;\"><div class=\"fusion-column-wrapper fusion-column-has-shadow fusion-flex-justify-content-flex-start fusion-content-layout-column\"><div class=\"fusion-image-element \" style=\"text-align:center;--awb-caption-title-font-family:var(--h2_typography-font-family);--awb-caption-title-font-weight:var(--h2_typography-font-weight);--awb-caption-title-font-style:var(--h2_typography-font-style);--awb-caption-title-size:var(--h2_typography-font-size);--awb-caption-title-transform:var(--h2_typography-text-transform);--awb-caption-title-line-height:var(--h2_typography-line-height);--awb-caption-title-letter-spacing:var(--h2_typography-letter-spacing);\"><span class=\" fusion-imageframe imageframe-none imageframe-3 hover-type-none\"><a class=\"fusion-no-lightbox\" href=\"https:\/\/get.teamviewer.com\/5nb9msf\" target=\"_blank\" aria-label=\"teamviewer_holz-automation\" rel=\"noopener noreferrer\"><img decoding=\"async\" width=\"186\" height=\"130\" src=\"https:\/\/www.holz-automation.de\/wp-content\/uploads\/2021\/02\/teamviewer_holz-automation.png\" alt class=\"img-responsive wp-image-12238\"\/><\/a><\/span><\/div><div class=\"fusion-separator fusion-full-width-sep\" style=\"align-self: center;margin-left: auto;margin-right: auto;margin-top:15px;margin-bottom:15px;width:100%;max-width:100%;\"><\/div><div style=\"text-align:center;\"><a class=\"fusion-button button-flat fusion-button-default-size button-custom fusion-button-default button-5 fusion-button-default-span fusion-button-default-type fusion-has-button-gradient\" style=\"--button_accent_color:#ffffff;--button_accent_hover_color:ffffff;--button_border_hover_color:ffffff;--button_gradient_top_color:#0e8ee9;--button_gradient_bottom_color:#005fc5;--button_gradient_top_color_hover:#005fc5;--button_gradient_bottom_color_hover:#0e8ee9;\" target=\"_blank\" rel=\"noopener noreferrer\" href=\"https:\/\/get.teamviewer.com\/5nb9msf\"><span class=\"fusion-button-text awb-button__text awb-button__text--default\">St\u00e1hnout TeamViewer<\/span><\/a><\/div><div class=\"fusion-separator fusion-full-width-sep\" style=\"align-self: center;margin-left: auto;margin-right: auto;margin-top:15px;margin-bottom:15px;width:100%;max-width:100%;\"><\/div><\/div><\/div><\/div><\/div><\/p>\n","protected":false},"excerpt":{"rendered":"","protected":false},"author":1,"featured_media":0,"parent":0,"menu_order":0,"comment_status":"closed","ping_status":"closed","template":"100-width.php","meta":{"_exactmetrics_skip_tracking":false,"_exactmetrics_sitenote_active":false,"_exactmetrics_sitenote_note":"","_exactmetrics_sitenote_category":0,"footnotes":""},"class_list":["post-12235","page","type-page","status-publish","hentry"],"_links":{"self":[{"href":"https:\/\/www.holz-automation.de\/cs\/wp-json\/wp\/v2\/pages\/12235","targetHints":{"allow":["GET"]}}],"collection":[{"href":"https:\/\/www.holz-automation.de\/cs\/wp-json\/wp\/v2\/pages"}],"about":[{"href":"https:\/\/www.holz-automation.de\/cs\/wp-json\/wp\/v2\/types\/page"}],"author":[{"embeddable":true,"href":"https:\/\/www.holz-automation.de\/cs\/wp-json\/wp\/v2\/users\/1"}],"replies":[{"embeddable":true,"href":"https:\/\/www.holz-automation.de\/cs\/wp-json\/wp\/v2\/comments?post=12235"}],"version-history":[{"count":9,"href":"https:\/\/www.holz-automation.de\/cs\/wp-json\/wp\/v2\/pages\/12235\/revisions"}],"predecessor-version":[{"id":18215,"href":"https:\/\/www.holz-automation.de\/cs\/wp-json\/wp\/v2\/pages\/12235\/revisions\/18215"}],"wp:attachment":[{"href":"https:\/\/www.holz-automation.de\/cs\/wp-json\/wp\/v2\/media?parent=12235"}],"curies":[{"name":"wp","href":"https:\/\/api.w.org\/{rel}","templated":true}]}}