{"id":12442,"date":"2026-04-09T06:52:20","date_gmt":"2026-04-09T04:52:20","guid":{"rendered":"https:\/\/www.holz-automation.de\/montaz-fotovoltaickeho-modulu\/"},"modified":"2026-04-09T06:54:07","modified_gmt":"2026-04-09T04:54:07","slug":"montaz-fotovoltaickeho-modulu","status":"publish","type":"page","link":"https:\/\/www.holz-automation.de\/cs\/specialni-stroje\/zakaznicke-projekty\/montaz-fotovoltaickeho-modulu\/","title":{"rendered":"Mont\u00e1\u017e fotovoltaick\u00e9ho modulu"},"content":{"rendered":"<p><div class=\"fusion-fullwidth fullwidth-box fusion-builder-row-1 nonhundred-percent-fullwidth non-hundred-percent-height-scrolling\" style=\"--awb-background-position:left top;--awb-border-sizes-top:0px;--awb-border-sizes-bottom:0px;--awb-border-sizes-left:0px;--awb-border-sizes-right:0px;--awb-border-radius-top-left:0px;--awb-border-radius-top-right:0px;--awb-border-radius-bottom-right:0px;--awb-border-radius-bottom-left:0px;--awb-padding-top:80px;--awb-padding-right:20px;--awb-padding-bottom:20px;--awb-padding-left:20px;--awb-margin-top:0px;--awb-margin-bottom:0px;--awb-background-color:#ffffff;--awb-flex-wrap:wrap;\" ><div class=\"fusion-builder-row fusion-row\"><div class=\"fusion-layout-column fusion_builder_column fusion-builder-column-0 fusion_builder_column_1_1 1_1 fusion-one-full fusion-column-first fusion-column-last\" style=\"--awb-bg-size:cover;--awb-margin-bottom:0px;\"><div class=\"fusion-column-wrapper fusion-column-has-shadow fusion-flex-column-wrapper-legacy\"><div class=\"fusion-title title fusion-title-1 fusion-sep-none fusion-title-center fusion-title-text fusion-title-size-five\" style=\"--awb-text-color:#131e27;--awb-margin-bottom:0px;--awb-margin-top-small:0px;--awb-margin-right-small:0px;--awb-margin-bottom-small:0px;--awb-margin-left-small:0px;\"><h5 class=\"fusion-title-heading title-heading-center fusion-responsive-typography-calculated\" style=\"margin:0;--fontSize:25;--minFontSize:25;line-height:1.25;\">Z\u00c1KAZNICK\u00dd PROJEKT<\/h5><\/div><div class=\"fusion-sep-clear\"><\/div><div class=\"fusion-separator fusion-full-width-sep\" style=\"margin-left: auto;margin-right: auto;margin-top:5px;margin-bottom:5px;width:100%;max-width:100%;\"><\/div><div class=\"fusion-sep-clear\"><\/div><div class=\"fusion-title title fusion-title-2 fusion-sep-none fusion-title-center fusion-title-text fusion-title-size-one\" style=\"--awb-text-color:#009ba8;--awb-margin-bottom:0px;--awb-margin-top-small:0px;--awb-margin-right-small:0px;--awb-margin-bottom-small:0px;--awb-margin-left-small:0px;--awb-font-size:3REM;\"><h1 class=\"fusion-title-heading title-heading-center fusion-responsive-typography-calculated\" style=\"margin:0;font-size:1em;--fontSize:18;--minFontSize:18;line-height:1.25;\">Mont\u00e1\u017e fotovoltaick\u00e9ho modulu<\/h1><\/div><div class=\"fusion-sep-clear\"><\/div><div class=\"fusion-separator fusion-full-width-sep\" style=\"margin-left: auto;margin-right: auto;margin-top:15px;margin-bottom:15px;width:100%;max-width:100%;\"><\/div><div class=\"fusion-sep-clear\"><\/div><div class=\"fusion-image-element fusion-image-align-center in-legacy-container\" style=\"text-align:center;--awb-caption-title-font-family:var(--h2_typography-font-family);--awb-caption-title-font-weight:var(--h2_typography-font-weight);--awb-caption-title-font-style:var(--h2_typography-font-style);--awb-caption-title-size:var(--h2_typography-font-size);--awb-caption-title-transform:var(--h2_typography-text-transform);--awb-caption-title-line-height:var(--h2_typography-line-height);--awb-caption-title-letter-spacing:var(--h2_typography-letter-spacing);\"><div class=\"imageframe-align-center\"><span class=\" fusion-imageframe imageframe-none imageframe-1 hover-type-none\"><img decoding=\"async\" width=\"1170\" height=\"600\" alt=\"3D model komplexn\u00edho pr\u016fmyslov\u00e9ho za\u0159\u00edzen\u00ed s automatiza\u010dn\u00ed technikou a hlin\u00edkov\u00fdm r\u00e1mem.\" title=\"3D vizualizace pr\u016fmyslov\u00e9ho automatiza\u010dn\u00edho za\u0159\u00edzen\u00ed\" src=\"https:\/\/www.holz-automation.de\/wp-content\/uploads\/2020\/07\/kundenprojekt_industry_montage-photovoltaikmodul_holz-automation.png\" class=\"img-responsive wp-image-12443\" srcset=\"https:\/\/www.holz-automation.de\/wp-content\/uploads\/2020\/07\/kundenprojekt_industry_montage-photovoltaikmodul_holz-automation-200x103.png 200w, https:\/\/www.holz-automation.de\/wp-content\/uploads\/2020\/07\/kundenprojekt_industry_montage-photovoltaikmodul_holz-automation-400x205.png 400w, https:\/\/www.holz-automation.de\/wp-content\/uploads\/2020\/07\/kundenprojekt_industry_montage-photovoltaikmodul_holz-automation-600x308.png 600w, https:\/\/www.holz-automation.de\/wp-content\/uploads\/2020\/07\/kundenprojekt_industry_montage-photovoltaikmodul_holz-automation-800x410.png 800w, https:\/\/www.holz-automation.de\/wp-content\/uploads\/2020\/07\/kundenprojekt_industry_montage-photovoltaikmodul_holz-automation.png 1170w\" sizes=\"(max-width: 800px) 100vw, 1170px\" \/><\/span><\/div><\/div><div class=\"fusion-sep-clear\"><\/div><div class=\"fusion-separator fusion-full-width-sep\" style=\"margin-left: auto;margin-right: auto;margin-top:15px;margin-bottom:15px;width:100%;max-width:100%;\"><\/div><div class=\"fusion-sep-clear\"><\/div><div class=\"fusion-clearfix\"><\/div><\/div><\/div><div class=\"fusion-layout-column fusion_builder_column fusion-builder-column-1 fusion_builder_column_1_2 1_2 fusion-one-half fusion-column-first\" style=\"--awb-bg-size:cover;--awb-margin-bottom:0px;width:48%; margin-right: 4%;\"><div class=\"fusion-column-wrapper fusion-column-has-shadow fusion-flex-column-wrapper-legacy\"><div class=\"fusion-title title fusion-title-3 fusion-sep-none fusion-title-text fusion-title-size-five\" style=\"--awb-text-color:#000000;--awb-margin-bottom:0px;--awb-margin-top-small:0px;--awb-margin-right-small:0px;--awb-margin-bottom-small:0px;--awb-margin-left-small:0px;\"><h5 class=\"fusion-title-heading title-heading-left fusion-responsive-typography-calculated\" style=\"margin:0;--fontSize:25;--minFontSize:25;line-height:1.25;\">MONT\u00c1\u017d<\/h5><\/div><div class=\"fusion-sep-clear\"><\/div><div class=\"fusion-separator fusion-full-width-sep\" style=\"margin-left: auto;margin-right: auto;margin-top:10px;margin-bottom:10px;width:100%;max-width:100%;\"><\/div><div class=\"fusion-sep-clear\"><\/div><ul style=\"--awb-line-height:27.2px;--awb-icon-width:27.2px;--awb-icon-height:27.2px;--awb-icon-margin:11.2px;--awb-content-margin:38.4px;\" class=\"fusion-checklist fusion-checklist-1 fusion-checklist-default fusion-checklist-divider type-icons\"><li class=\"fusion-li-item\" style=\"\"><span class=\"icon-wrapper circle-no\"><i class=\"fusion-li-icon fa-plus fas\" aria-hidden=\"true\"><\/i><\/span><div class=\"fusion-li-item-content\">Automatick\u00e1 manipulace a p\u0159\u00edprava p\u00e1jec\u00edch p\u00e1sk\u016f<\/div><\/li><li class=\"fusion-li-item\" style=\"\"><span class=\"icon-wrapper circle-no\"><i class=\"fusion-li-icon fa-plus fas\" aria-hidden=\"true\"><\/i><\/span><div class=\"fusion-li-item-content\">Uchopovac\u00ed jednotka pro odeb\u00edr\u00e1n\u00ed a odkl\u00e1d\u00e1n\u00ed p\u00e1jec\u00edch \u0161ablon z nosi\u010de obrobk\u016f a oto\u010dn\u00e9ho stolu<\/div><\/li><li class=\"fusion-li-item\" style=\"\"><span class=\"icon-wrapper circle-no\"><i class=\"fusion-li-icon fa-plus fas\" aria-hidden=\"true\"><\/i><\/span><div class=\"fusion-li-item-content\">Osazen\u00ed p\u00e1jec\u00ed \u0161ablony p\u00e1skem pomoc\u00ed vakuov\u00e9ho uchopova\u010de<\/div><\/li><li class=\"fusion-li-item\" style=\"\"><span class=\"icon-wrapper circle-no\"><i class=\"fusion-li-icon fa-plus fas\" aria-hidden=\"true\"><\/i><\/span><div class=\"fusion-li-item-content\">P\u00e1jec\u00ed p\u00e1sky lze st\u0159\u00edhat na r\u016fzn\u00e9 d\u00e9lky, \u010d\u00e1ste\u010dn\u011b oh\u00fdbat a sm\u00e1\u010det p\u00e1jec\u00edm tavidlem<\/div><\/li><\/ul><div class=\"fusion-sep-clear\"><\/div><div class=\"fusion-separator fusion-full-width-sep\" style=\"margin-left: auto;margin-right: auto;margin-top:20px;margin-bottom:20px;width:100%;max-width:100%;\"><\/div><div class=\"fusion-sep-clear\"><\/div><div class=\"fusion-clearfix\"><\/div><\/div><\/div><div class=\"fusion-layout-column fusion_builder_column fusion-builder-column-2 fusion_builder_column_1_2 1_2 fusion-one-half fusion-column-last\" style=\"--awb-bg-size:cover;--awb-margin-bottom:0px;width:48%;\"><div class=\"fusion-column-wrapper fusion-column-has-shadow fusion-flex-column-wrapper-legacy\"><div class=\"fusion-title title fusion-title-4 fusion-sep-none fusion-title-text fusion-title-size-five\" style=\"--awb-text-color:#000000;--awb-margin-bottom:0px;--awb-margin-top-small:0px;--awb-margin-right-small:0px;--awb-margin-bottom-small:0px;--awb-margin-left-small:0px;\"><h5 class=\"fusion-title-heading title-heading-left fusion-responsive-typography-calculated\" style=\"margin:0;--fontSize:25;--minFontSize:25;line-height:1.25;\">SPR\u00c1VA PROCESN\u00cdCH DAT<\/h5><\/div><div class=\"fusion-sep-clear\"><\/div><div class=\"fusion-separator fusion-full-width-sep\" style=\"margin-left: auto;margin-right: auto;margin-top:10px;margin-bottom:10px;width:100%;max-width:100%;\"><\/div><div class=\"fusion-sep-clear\"><\/div><ul style=\"--awb-line-height:27.2px;--awb-icon-width:27.2px;--awb-icon-height:27.2px;--awb-icon-margin:11.2px;--awb-content-margin:38.4px;\" class=\"fusion-checklist fusion-checklist-2 fusion-checklist-default fusion-checklist-divider type-icons\"><li class=\"fusion-li-item\" style=\"\"><span class=\"icon-wrapper circle-no\"><i class=\"fusion-li-icon fa-plus fas\" aria-hidden=\"true\"><\/i><\/span><div class=\"fusion-li-item-content\">Technologie \u0159\u00eddic\u00edho po\u010d\u00edta\u010de a spr\u00e1va dat<\/div><\/li><\/ul><div class=\"fusion-sep-clear\"><\/div><div class=\"fusion-separator fusion-full-width-sep\" style=\"margin-left: auto;margin-right: auto;margin-top:20px;margin-bottom:20px;width:100%;max-width:100%;\"><\/div><div class=\"fusion-sep-clear\"><\/div><div class=\"fusion-clearfix\"><\/div><\/div><\/div><\/div><\/div><div class=\"fusion-fullwidth fullwidth-box fusion-builder-row-2 fusion-flex-container nonhundred-percent-fullwidth non-hundred-percent-height-scrolling\" style=\"--awb-border-radius-top-left:0px;--awb-border-radius-top-right:0px;--awb-border-radius-bottom-right:0px;--awb-border-radius-bottom-left:0px;--awb-padding-top:50px;--awb-padding-right:20px;--awb-padding-bottom:50px;--awb-padding-left:20px;--awb-margin-top:0px;--awb-margin-bottom:0px;--awb-background-color:#ebebeb;--awb-flex-wrap:wrap;\" ><div class=\"fusion-builder-row fusion-row fusion-flex-align-items-center fusion-flex-content-wrap\" style=\"max-width:1216.8px;margin-left: calc(-4% \/ 2 );margin-right: calc(-4% \/ 2 );\"><div class=\"fusion-layout-column fusion_builder_column fusion-builder-column-3 fusion_builder_column_1_3 1_3 fusion-flex-column\" style=\"--awb-bg-size:cover;--awb-width-large:33.333333333333%;--awb-margin-top-large:0px;--awb-spacing-right-large:3.84%;--awb-margin-bottom-large:0px;--awb-spacing-left-large:5.76%;--awb-width-medium:100%;--awb-spacing-right-medium:1.92%;--awb-spacing-left-medium:1.92%;--awb-width-small:100%;--awb-spacing-right-small:1.92%;--awb-spacing-left-small:1.92%;\"><div class=\"fusion-column-wrapper fusion-column-has-shadow fusion-flex-justify-content-flex-start fusion-content-layout-column\"><div class=\"fusion-image-element \" style=\"text-align:center;--awb-caption-title-font-family:var(--h2_typography-font-family);--awb-caption-title-font-weight:var(--h2_typography-font-weight);--awb-caption-title-font-style:var(--h2_typography-font-style);--awb-caption-title-size:var(--h2_typography-font-size);--awb-caption-title-transform:var(--h2_typography-text-transform);--awb-caption-title-line-height:var(--h2_typography-line-height);--awb-caption-title-letter-spacing:var(--h2_typography-letter-spacing);\"><span class=\" fusion-imageframe imageframe-none imageframe-2 hover-type-none\"><img decoding=\"async\" width=\"300\" height=\"300\" alt=\"J\u00fcrgen Holz | HOLZ automation \u2013 speci\u00e1ln\u00ed stroje\" title=\"Portr\u00e9t zam\u011bstnance s logem HOLZ\" src=\"https:\/\/www.holz-automation.de\/wp-content\/uploads\/2025\/08\/2_Hintergrund_grau-300x300.png\" class=\"img-responsive wp-image-14423\" srcset=\"https:\/\/www.holz-automation.de\/wp-content\/uploads\/2025\/08\/2_Hintergrund_grau-200x200.png 200w, https:\/\/www.holz-automation.de\/wp-content\/uploads\/2025\/08\/2_Hintergrund_grau-400x400.png 400w, https:\/\/www.holz-automation.de\/wp-content\/uploads\/2025\/08\/2_Hintergrund_grau-600x600.png 600w, https:\/\/www.holz-automation.de\/wp-content\/uploads\/2025\/08\/2_Hintergrund_grau-800x800.png 800w, https:\/\/www.holz-automation.de\/wp-content\/uploads\/2025\/08\/2_Hintergrund_grau.png 886w\" sizes=\"(max-width: 1024px) 100vw, (max-width: 640px) 100vw, 400px\" \/><\/span><\/div><\/div><\/div><div class=\"fusion-layout-column fusion_builder_column fusion-builder-column-4 fusion_builder_column_2_3 2_3 fusion-flex-column\" style=\"--awb-bg-size:cover;--awb-width-large:66.666666666667%;--awb-margin-top-large:0px;--awb-spacing-right-large:2.88%;--awb-margin-bottom-large:0px;--awb-spacing-left-large:3.84%;--awb-width-medium:100%;--awb-spacing-right-medium:1.92%;--awb-spacing-left-medium:1.92%;--awb-width-small:100%;--awb-spacing-right-small:1.92%;--awb-spacing-left-small:1.92%;\"><div class=\"fusion-column-wrapper fusion-column-has-shadow fusion-flex-justify-content-flex-start fusion-content-layout-column\"><div class=\"fusion-text fusion-text-1\"><p><strong>V\u00e1\u0161 kontaktn\u00ed partner pro automatizaci<\/strong><\/p>\n<\/div><div class=\"fusion-title title fusion-title-5 fusion-sep-none fusion-title-text fusion-title-size-three\" style=\"--awb-text-color:#009ba8;--awb-margin-bottom:0px;--awb-margin-top-small:0px;--awb-margin-right-small:0px;--awb-margin-bottom-small:0px;--awb-margin-left-small:0px;\"><h3 class=\"fusion-title-heading title-heading-left fusion-responsive-typography-calculated\" style=\"margin:0;--fontSize:35;line-height:1.25;\">J\u00fcrgen Holz<\/h3><\/div><div class=\"fusion-separator fusion-full-width-sep\" style=\"align-self: center;margin-left: auto;margin-right: auto;margin-top:19px;margin-bottom:19px;width:100%;max-width:100%;\"><\/div><div class=\"fusion-text fusion-text-2\"><p>Nev\u00e1hejte m\u011b kontaktovat! R\u00e1d v\u00e1s budu informovat o automatizaci a va\u0161ich mo\u017enostech v t\u00e9to oblasti: <\/p>\n<p>Tel.: +49 (0) 7191 \/ 3432-100 | <a href=\"m&#97;&#x69;&#x6c;t&#111;&#x3a;&#x6a;u&#101;&#x72;&#x67;e&#110;&#x2e;&#x68;o&#108;&#x7a;&#x40;h&#111;&#108;&#x7a;&#x2d;a&#117;&#x74;&#x6f;m&#97;&#x74;&#x69;o&#110;&#x2e;&#x64;e\">&#x6a;u&#x65;&#114;&#x67;&#101;n&#x2e;&#104;&#x6f;&#108;z&#x40;&#104;&#x6f;&#108;z&#x2d;a&#x75;&#116;&#x6f;&#x6d;a&#x74;&#105;&#x6f;&#110;&#46;&#x64;&#101;<\/a><\/p>\n<\/div><\/div><\/div><\/div><\/div>\n<div class=\"fusion-fullwidth fullwidth-box fusion-builder-row-3 nonhundred-percent-fullwidth non-hundred-percent-height-scrolling\" style=\"--awb-border-radius-top-left:0px;--awb-border-radius-top-right:0px;--awb-border-radius-bottom-right:0px;--awb-border-radius-bottom-left:0px;--awb-padding-top:80px;--awb-padding-right:20px;--awb-padding-bottom:30px;--awb-padding-left:20px;--awb-margin-top:0px;--awb-margin-bottom:0px;--awb-flex-wrap:wrap;\" ><div class=\"fusion-builder-row fusion-row\"><div class=\"fusion-layout-column fusion_builder_column fusion-builder-column-5 fusion_builder_column_1_1 1_1 fusion-one-full fusion-column-first fusion-column-last\" style=\"--awb-bg-size:cover;--awb-margin-bottom:0px;\"><div class=\"fusion-column-wrapper fusion-column-has-shadow fusion-flex-column-wrapper-legacy\"><div class=\"fusion-title title fusion-title-6 fusion-sep-none fusion-title-center fusion-title-text fusion-title-size-five\" style=\"--awb-text-color:#131e27;--awb-margin-bottom:0px;--awb-margin-top-small:0px;--awb-margin-right-small:0px;--awb-margin-bottom-small:0px;--awb-margin-left-small:0px;\"><h5 class=\"fusion-title-heading title-heading-center fusion-responsive-typography-calculated\" style=\"margin:0;--fontSize:25;--minFontSize:25;line-height:1.25;\">DAL\u0160\u00cd VYSOCE EFEKTIVN\u00cd AUTOMATIZACE<\/h5><\/div><div class=\"fusion-sep-clear\"><\/div><div class=\"fusion-separator fusion-full-width-sep\" style=\"margin-left: auto;margin-right: auto;margin-top:5px;margin-bottom:5px;width:100%;max-width:100%;\"><\/div><div class=\"fusion-sep-clear\"><\/div><div class=\"fusion-title title fusion-title-7 fusion-sep-none fusion-title-center fusion-title-text fusion-title-size-two\" style=\"--awb-text-color:#009ba8;--awb-margin-bottom:0px;--awb-margin-top-small:0px;--awb-margin-right-small:0px;--awb-margin-bottom-small:0px;--awb-margin-left-small:0px;\"><h2 class=\"fusion-title-heading title-heading-center fusion-responsive-typography-calculated\" style=\"margin:0;--fontSize:38;line-height:1.25;\">Z\u00e1kaznick\u00e9 projekty<\/h2><\/div><div class=\"fusion-sep-clear\"><\/div><div class=\"fusion-separator fusion-full-width-sep\" style=\"margin-left: auto;margin-right: auto;margin-top:19px;margin-bottom:19px;width:100%;max-width:100%;\"><\/div><div class=\"fusion-sep-clear\"><\/div><div class=\"fusion-clearfix\"><\/div><\/div><\/div><\/div><\/div><\/p>\n","protected":false},"excerpt":{"rendered":"","protected":false},"author":1,"featured_media":0,"parent":13050,"menu_order":0,"comment_status":"closed","ping_status":"closed","template":"100-width.php","meta":{"_exactmetrics_skip_tracking":false,"_exactmetrics_sitenote_active":false,"_exactmetrics_sitenote_note":"","_exactmetrics_sitenote_category":0,"footnotes":""},"class_list":["post-12442","page","type-page","status-publish","hentry"],"_links":{"self":[{"href":"https:\/\/www.holz-automation.de\/cs\/wp-json\/wp\/v2\/pages\/12442","targetHints":{"allow":["GET"]}}],"collection":[{"href":"https:\/\/www.holz-automation.de\/cs\/wp-json\/wp\/v2\/pages"}],"about":[{"href":"https:\/\/www.holz-automation.de\/cs\/wp-json\/wp\/v2\/types\/page"}],"author":[{"embeddable":true,"href":"https:\/\/www.holz-automation.de\/cs\/wp-json\/wp\/v2\/users\/1"}],"replies":[{"embeddable":true,"href":"https:\/\/www.holz-automation.de\/cs\/wp-json\/wp\/v2\/comments?post=12442"}],"version-history":[{"count":7,"href":"https:\/\/www.holz-automation.de\/cs\/wp-json\/wp\/v2\/pages\/12442\/revisions"}],"predecessor-version":[{"id":12501,"href":"https:\/\/www.holz-automation.de\/cs\/wp-json\/wp\/v2\/pages\/12442\/revisions\/12501"}],"up":[{"embeddable":true,"href":"https:\/\/www.holz-automation.de\/cs\/wp-json\/wp\/v2\/pages\/13050"}],"wp:attachment":[{"href":"https:\/\/www.holz-automation.de\/cs\/wp-json\/wp\/v2\/media?parent=12442"}],"curies":[{"name":"wp","href":"https:\/\/api.w.org\/{rel}","templated":true}]}}