{"id":12610,"date":"2026-04-09T06:52:40","date_gmt":"2026-04-09T04:52:40","guid":{"rendered":"https:\/\/www.holz-automation.de\/50-let\/"},"modified":"2026-04-10T10:16:32","modified_gmt":"2026-04-10T08:16:32","slug":"50-let","status":"publish","type":"page","link":"https:\/\/www.holz-automation.de\/cs\/50-let\/","title":{"rendered":"50 let"},"content":{"rendered":"<div class=\"fusion-fullwidth fullwidth-box fusion-builder-row-1 nonhundred-percent-fullwidth non-hundred-percent-height-scrolling\" style=\"--awb-border-radius-top-left:0px;--awb-border-radius-top-right:0px;--awb-border-radius-bottom-right:0px;--awb-border-radius-bottom-left:0px;--awb-padding-top:80px;--awb-padding-right:20px;--awb-padding-bottom:60px;--awb-padding-left:20px;--awb-margin-top:0px;--awb-margin-bottom:0px;--awb-background-color:#ffffff;--awb-flex-wrap:wrap;\" ><div class=\"fusion-builder-row fusion-row\"><div class=\"fusion-layout-column fusion_builder_column fusion-builder-column-0 fusion_builder_column_1_1 1_1 fusion-one-full fusion-column-first fusion-column-last\" style=\"--awb-bg-size:cover;--awb-margin-bottom:0px;\"><div class=\"fusion-column-wrapper fusion-column-has-shadow fusion-flex-column-wrapper-legacy\"><div class=\"fusion-title title fusion-title-1 fusion-sep-none fusion-title-center fusion-title-text fusion-title-size-five\" style=\"--awb-text-color:#131e27;--awb-margin-bottom:0px;--awb-margin-top-small:0px;--awb-margin-right-small:0px;--awb-margin-bottom-small:0px;--awb-margin-left-small:0px;\"><h5 class=\"fusion-title-heading title-heading-center fusion-responsive-typography-calculated\" style=\"margin:0;--fontSize:25;--minFontSize:25;line-height:1.25;\">HOLZ automation<\/h5><\/div><div class=\"fusion-sep-clear\"><\/div><div class=\"fusion-separator fusion-full-width-sep\" style=\"margin-left: auto;margin-right: auto;margin-top:5px;margin-bottom:5px;width:100%;max-width:100%;\"><\/div><div class=\"fusion-sep-clear\"><\/div><div class=\"fusion-title title fusion-title-2 fusion-sep-none fusion-title-center fusion-title-text fusion-title-size-one\" style=\"--awb-text-color:#009ba8;--awb-margin-bottom:0px;--awb-margin-top-small:0px;--awb-margin-right-small:0px;--awb-margin-bottom-small:0px;--awb-margin-left-small:0px;--awb-font-size:3REM;\"><h1 class=\"fusion-title-heading title-heading-center fusion-responsive-typography-calculated\" style=\"margin:0;font-size:1em;--fontSize:18;--minFontSize:18;line-height:1.25;\">Slav\u00edme jubileum!<\/h1><\/div><div class=\"fusion-sep-clear\"><\/div><div class=\"fusion-separator fusion-full-width-sep\" style=\"margin-left: auto;margin-right: auto;margin-top:19px;margin-bottom:19px;width:100%;max-width:100%;\"><\/div><div class=\"fusion-sep-clear\"><\/div><div class=\"fusion-title title fusion-title-3 fusion-sep-none fusion-title-center fusion-title-text fusion-title-size-five\" style=\"--awb-text-color:#009ba8;--awb-margin-bottom:0px;--awb-margin-top-small:0px;--awb-margin-right-small:0px;--awb-margin-bottom-small:0px;--awb-margin-left-small:0px;\"><h5 class=\"fusion-title-heading title-heading-center fusion-responsive-typography-calculated\" style=\"margin:0;--fontSize:25;--minFontSize:25;line-height:1.25;\">Ji\u017e 50 let s nad\u0161en\u00edm pro v\u011bc<\/h5><\/div><div class=\"fusion-sep-clear\"><\/div><div class=\"fusion-separator fusion-full-width-sep\" style=\"margin-left: auto;margin-right: auto;margin-top:15px;margin-bottom:15px;width:100%;max-width:100%;\"><\/div><div class=\"fusion-sep-clear\"><\/div><div class=\"fusion-text fusion-text-1\"><p style=\"text-align: center;\">V roce 2020 m\u00e1 spole\u010dnost HOLZ automation p\u00e1dn\u00fd d\u016fvod k oslav\u011b \u2013 n\u011bkdej\u0161\u00ed mal\u00e1 \u017eivnost v oboru n\u00e1stroj\u00e1\u0159stv\u00ed se toti\u017e ohl\u00ed\u017e\u00ed za p\u016flstolet\u00edm firemn\u00ed historie. Dnes jsme mezin\u00e1rodn\u011b \u00fasp\u011b\u0161n\u00fdm specialistou na automatizaci se 75 zam\u011bstnanci \u2013 p\u0159i zalo\u017een\u00ed na\u0161eho rodinn\u00e9ho podniku v roce 1970 to v\u0161ak vypadalo \u00fapln\u011b jinak. N\u00e1\u0161 zakladatel Manfred Holz tehdy pracoval s\u00e1m v mal\u00e9 gar\u00e1\u017ei sv\u00e9ho nov\u011b postaven\u00e9ho rodinn\u00e9ho domu\u2026 To jasn\u011b ukazuje, \u017ee se za posledn\u00edch 50 let mnoh\u00e9 zm\u011bnilo! Proto se chceme u p\u0159\u00edle\u017eitosti na\u0161eho jubilea zastavit a ohl\u00e9dnout se za v\u00fdvojem, kter\u00fd z n\u00e1s nakonec ud\u011blal to, \u010d\u00edm jsme dnes: \u0161v\u00e1bsk\u00fd rodinn\u00fd podnik s vizion\u00e1\u0159i a vyn\u00e1lezci, kte\u0159\u00ed pracuj\u00ed s nad\u0161en\u00edm.  <\/p>\n<\/div><div class=\"fusion-sep-clear\"><\/div><div class=\"fusion-separator fusion-full-width-sep\" style=\"margin-left: auto;margin-right: auto;margin-top:15px;margin-bottom:15px;width:100%;max-width:100%;\"><\/div><div class=\"fusion-sep-clear\"><\/div><div class=\"fusion-clearfix\"><\/div><\/div><\/div><div class=\"fusion-layout-column fusion_builder_column fusion-builder-column-1 fusion_builder_column_1_1 1_1 fusion-one-full fusion-column-first fusion-column-last\" style=\"--awb-bg-size:cover;--awb-margin-bottom:0px;\"><div class=\"fusion-column-wrapper fusion-column-has-shadow fusion-flex-column-wrapper-legacy\"><div class=\"accordian fusion-accordian\" style=\"--awb-border-size:0px;--awb-icon-size:25px;--awb-content-font-size:18px;--awb-icon-alignment:left;--awb-hover-color:#f5f5f5;--awb-border-color:#cccccc;--awb-background-color:#ebebeb;--awb-divider-color:#e0dede;--awb-divider-hover-color:#e0dede;--awb-icon-color:#000000;--awb-title-color:#009ba8;--awb-content-color:#131e27;--awb-icon-box-color:#333333;--awb-toggle-hover-accent-color:#009ba8;--awb-title-font-family:&quot;Poppins&quot;;--awb-title-font-weight:300;--awb-title-font-style:normal;--awb-title-font-size:25px;--awb-content-font-family:&quot;Poppins&quot;;--awb-content-font-style:normal;--awb-content-font-weight:300;\"><div class=\"panel-group fusion-toggle-icon-unboxed\" id=\"accordion-12610-1\"><div class=\"fusion-panel panel-default panel-97f09b976f0b9d6a1 fusion-toggle-no-divider fusion-toggle-boxed-mode\"><div class=\"panel-heading\"><h4 class=\"panel-title toggle\" id=\"toggle_97f09b976f0b9d6a1\"><a aria-expanded=\"false\" aria-controls=\"97f09b976f0b9d6a1\" role=\"button\" data-toggle=\"collapse\" data-parent=\"#accordion-12610-1\" data-target=\"#97f09b976f0b9d6a1\" href=\"#97f09b976f0b9d6a1\"><span class=\"fusion-toggle-icon-wrapper\" aria-hidden=\"true\"><i class=\"fa-fusion-box active-icon awb-icon-minus\" aria-hidden=\"true\"><\/i><i class=\"fa-fusion-box inactive-icon awb-icon-plus\" aria-hidden=\"true\"><\/i><\/span><span class=\"fusion-toggle-heading\">Miln\u00edky spole\u010dnosti HOLZ automation \u00bb Zde se dozv\u00edte v\u00edce!<\/span><\/a><\/h4><\/div><div id=\"97f09b976f0b9d6a1\" class=\"panel-collapse collapse \" aria-labelledby=\"toggle_97f09b976f0b9d6a1\"><div class=\"panel-body toggle-content fusion-clearfix\">\n<p>Sedm let p\u016fsobila firma \u201eManfred Holz Werkzeugbau\u201c z gar\u00e1\u017ee rodiny Holzov\u00fdch v Maubachu a za tu dobu si ji\u017e dok\u00e1zala vybudovat pov\u011bst mimo\u0159\u00e1dn\u011b kompetentn\u00edho partnera. Velc\u00ed z\u00e1kazn\u00edci jako Mahle, Bosch a Stihl d\u016fv\u011b\u0159ovali firm\u011b Holz ji\u017e tehdy. Tak se stalo, \u017ee v roce 1977 mohlo doj\u00edt ke st\u011bhov\u00e1n\u00ed do d\u00edlensk\u00e9 p\u0159\u00edstavby \u2013 i se t\u0159emi odborn\u00fdmi pracovn\u00edky, kte\u0159\u00ed byli v t\u00e9 dob\u011b zam\u011bstn\u00e1ni.  <\/p>\n<p>V roce 1983 za\u010dal v\u00fdvoj sm\u011brem od \u010dist\u00e9 n\u00e1stroj\u00e1rny k v\u00fdrobn\u00edmu z\u00e1vodu \u2013 byl po\u0159\u00edzen prvn\u00ed CNC stroj!<\/p>\n<p>Podpora mlad\u00fdch talent\u016f le\u017eela firm\u011b Holz na srdci ji\u017e tehdy \u2013 jen o t\u0159i roky pozd\u011bji, v roce 1986, ud\u011blal prvn\u00ed u\u010de\u0148 Jens Traub sv\u00e9mu \u0161kolic\u00edmu podniku velkou radost, kdy\u017e dokon\u010dil sv\u00e9 vzd\u011bl\u00e1n\u00ed jako t\u0159et\u00ed nejlep\u0161\u00ed v cel\u00e9m B\u00e1densku-W\u00fcrttembersku \u2013 to byl jasn\u00fd sign\u00e1l!<\/p>\n<p>Dal\u0161\u00ed siln\u00fd sign\u00e1l n\u00e1sledoval kr\u00e1tce pot\u00e9, v roce 1987: nav\u00e1z\u00e1n\u00ed spolupr\u00e1ce se specialistou na tuning AMG. Zde byla firma Holz od t\u00e9 chv\u00edle zodpov\u011bdn\u00e1 za obr\u00e1b\u011bn\u00ed blok\u016f motor\u016f. <\/p>\n<p>Po v\u0161ech radostn\u00fdch ud\u00e1lostech prvn\u00edch 18 let v\u0161ak p\u0159i\u0161ly i nezdary, kter\u00e9 bylo t\u0159eba p\u0159ekonat \u2013 v roce 1988 do\u0161lo v d\u00edln\u011b k po\u017e\u00e1ru ho\u0159\u010d\u00edku, kter\u00fd t\u011b\u017ece po\u0161kodil nejen tehdej\u0161\u00ed dva nov\u00e9 CNC stroje, ale i velkou \u010d\u00e1st vybaven\u00ed. D\u00edky rychl\u00e9mu a odhodlan\u00e9mu jedn\u00e1n\u00ed v\u0161ech z\u00fa\u010dastn\u011bn\u00fdch se v\u0161ak poda\u0159ilo zabr\u00e1nit nejhor\u0161\u00edmu \u2013 na\u0161t\u011bst\u00ed nebyl nikdo v\u00e1\u017en\u011b zran\u011bn a i v\u00fdpadek v\u00fdroby se poda\u0159ilo udr\u017eet na minimu. <\/p>\n<p>Pot\u00e9, co se firma Holz z tohoto ne\u0161t\u011bst\u00ed zotavila, sm\u011b\u0159ovala d\u00e1le vzh\u016fru \u2013 byl zakoupen nov\u00fd pozemek v pr\u016fmyslov\u00e9 z\u00f3n\u011b Waldrems u Backnangu a za pouh\u00fdch osm m\u011bs\u00edc\u016f byla dokon\u010dena nov\u00e1, modern\u00ed a prostorn\u00e1 v\u00fdrobn\u00ed hala. Firma se k 1.kv\u011btnu 1991 p\u0159est\u011bhovala do nov\u00fdch prostor a t\u00edmto krokem se tak\u00e9 transformovala na spole\u010dnost s ru\u010den\u00edm omezen\u00fdm (GmbH)! <\/p>\n<p>Devades\u00e1t\u00e1 l\u00e9ta byla pro spole\u010dnost Holz GmbH celkov\u011b \u00fasp\u011b\u0161nou dek\u00e1dou, nebo\u0165 v t\u00e9to dob\u011b byly polo\u017eeny v\u00fdznamn\u00e9 z\u00e1klady pro dal\u0161\u00ed rozvoj.<\/p>\n<p>Nejen\u017ee se v roce 1995 mohlo slavit prvn\u00ed velk\u00e9 jubileum \u2013 konkr\u00e9tn\u011b 25 let firmy Holz.<\/p>\n<p>V roce 1996 zalo\u017eil J\u00fcrgen Holz \u201eHolz engineering\u201c \u2013 samostatnou konstruk\u010dn\u00ed kancel\u00e1\u0159; v roce 1998 byl dod\u00e1n prvn\u00ed kompletn\u00ed jedno\u00fa\u010delov\u00fd stroj: difuzn\u00ed sv\u00e1\u0159e\u010dka pro kotvy start\u00e9r\u016f, a v roce 1999 mohl Holz zah\u00e1jit prvn\u00ed v\u00fdvojov\u00fd projekt \u2013 jednalo se o \u201eautomatick\u00e9 pod\u00e1v\u00e1n\u00ed ohebn\u00fdch d\u00edl\u016f\u201c.<\/p>\n<p>V nult\u00fdch letech se spole\u010dnost HOLZ vyvinula ve specialistu na jedno\u00fa\u010delov\u00e9 stroje \u2013 rod\u00ed se HOLZ automation<\/p>\n<p>Dobr\u00e9 zpr\u00e1vy v tomto desetilet\u00ed n\u00e1sleduj\u00ed jedna za druhou: p\u0159ich\u00e1zej\u00ed velk\u00e9 zak\u00e1zky od renomovan\u00fdch z\u00e1kazn\u00edk\u016f jako Bosch (v mezin\u00e1rodn\u00edch pobo\u010dk\u00e1ch jako Belgie, USA, \u010cesk\u00e1 republika), Porsche a Daimler AG, HOLZ se poprv\u00e9 prezentuje s vlastn\u00edm veletr\u017en\u00edm st\u00e1nkem, n\u00e1sleduje prvn\u00ed certifikace podle DIN EN ISO 9001:2000 a kr\u00e1tce nato upgrade na DIN EN ISO 9001:2008, \u2026<\/p>\n<p>V t\u00e9 dob\u011b m\u00e1 HOLZ 36 zam\u011bstnanc\u016f \u2013 a v roce 2010 slav\u00ed 40. v\u00fdro\u010d\u00ed!<\/p>\n<p>V roce 2014 jsme se odv\u00e1\u017eili k dal\u0161\u00edmu velk\u00e9mu kroku sm\u011brem do budoucnosti a provedli jsme restrukturalizaci \u2013 investovali jsme do nov\u00e9ho s\u00eddla, vynikaj\u00edc\u00edch zam\u011bstnanc\u016f a do modern\u00edho pracovn\u00edho prost\u0159ed\u00ed a vybaven\u00ed. Proto\u017ee chceme nejen dr\u017eet krok, ale myslet dop\u0159edu. <\/p>\n<p>Od t\u00e9 doby nabral n\u00e1\u0161 v\u00fdvoj je\u0161t\u011b v\u011bt\u0161\u00ed obr\u00e1tky \u2013 dnes m\u016f\u017eeme s pln\u00fdm pr\u00e1vem prohl\u00e1sit, \u017ee jsme pova\u017eov\u00e1ni za vyhled\u00e1van\u00e9ho specialistu a full-service agenturu v oblasti jedno\u00fa\u010delov\u00fdch stroj\u016f a automatiza\u010dn\u00ed techniky \u2013 a p\u0159esto jsme z\u016fstali v\u011brni sv\u00fdm hodnot\u00e1m a p\u0159esv\u011bd\u010den\u00ed. Neust\u00e1le se utvrzujeme v tom, \u017ee jsme na spr\u00e1vn\u00e9 cest\u011b \u2013 jsme toti\u017e dr\u017eiteli r\u016fzn\u00fdch ocen\u011bn\u00ed a uzn\u00e1n\u00ed, kter\u00e1 n\u00e1s i n\u00e1\u0161 t\u00fdm samoz\u0159ejm\u011b napl\u0148uj\u00ed velkou hrdost\u00ed! <\/p>\n<p>S t\u00edmto v\u011bdom\u00edm n\u00e1s 50. v\u00fdro\u010d\u00ed napl\u0148uje hrdost\u00ed a vd\u011b\u010dnost\u00ed. Existuje toti\u017e mnoho t\u011bch, bez nich\u017e bychom dnes nebyli tam, kde jsme. <\/p>\n<\/div><\/div><\/div><\/div><\/div><div class=\"fusion-sep-clear\"><\/div><div class=\"fusion-separator fusion-full-width-sep\" style=\"margin-left: auto;margin-right: auto;margin-top:30px;margin-bottom:30px;width:100%;max-width:100%;\"><\/div><div class=\"fusion-sep-clear\"><\/div><div class=\"fusion-clearfix\"><\/div><\/div><\/div><div class=\"fusion-layout-column fusion_builder_column fusion-builder-column-2 fusion_builder_column_1_1 1_1 fusion-one-full fusion-column-first fusion-column-last\" style=\"--awb-bg-size:cover;--awb-margin-bottom:0px;\"><div class=\"fusion-column-wrapper fusion-column-has-shadow fusion-flex-column-wrapper-legacy\"><div class=\"fusion-title title fusion-title-4 fusion-sep-none fusion-title-center fusion-title-text fusion-title-size-five\" style=\"--awb-text-color:#009ba8;--awb-margin-bottom:0px;--awb-margin-top-small:0px;--awb-margin-right-small:0px;--awb-margin-bottom-small:0px;--awb-margin-left-small:0px;\"><h5 class=\"fusion-title-heading title-heading-center fusion-responsive-typography-calculated\" style=\"margin:0;--fontSize:25;--minFontSize:25;line-height:1.25;\">Je \u010das \u0159\u00edci D\u011aKUJEME<\/h5><\/div><div class=\"fusion-sep-clear\"><\/div><div class=\"fusion-separator fusion-full-width-sep\" style=\"margin-left: auto;margin-right: auto;margin-top:15px;margin-bottom:15px;width:100%;max-width:100%;\"><\/div><div class=\"fusion-sep-clear\"><\/div><div class=\"fusion-text fusion-text-2\"><p style=\"text-align: center;\">Na\u0161ich 75 zam\u011bstnanc\u016f je na\u0161\u00edm nejv\u011bt\u0161\u00edm aktivem a na\u0161\u00ed p\u00fdchou. V\u0161echna odd\u011blen\u00ed odv\u00e1d\u011bj\u00ed den co den skv\u011blou pr\u00e1ci. A\u0165 u\u017e jde o administrativu, technologie, v\u00fdrobu nebo mont\u00e1\u017e, a\u0165 u\u017e jsou to na\u0161i lid\u00e9 v n\u00e1kupu a logistice, na\u0161i u\u010dni, kolegov\u00e9 v prodeji nebo v projektov\u00e9m \u0159\u00edzen\u00ed \u2013 ka\u017ed\u00fd jednotliv\u00fd \u010dlov\u011bk v\u00fdznamn\u011b p\u0159isp\u00edv\u00e1 k \u00fasp\u011bchu na\u0161\u00ed spole\u010dnosti. Zvl\u00e1\u0161t\u011b je t\u0159eba vyzdvihnout ochotu p\u0159em\u00fd\u0161let nad r\u00e1mec p\u0159\u00edslu\u0161n\u00e9ho odd\u011blen\u00ed, kompetenc\u00ed a t\u00e9mat. Nikdo neuv\u00edzl ve vyjet\u00fdch kolej\u00edch, v\u0161ichni jsou neust\u00e1le otev\u0159en\u00ed nov\u00fdm n\u00e1pad\u016fm a neobvykl\u00fdm zp\u016fsob\u016fm my\u0161len\u00ed. Jsme hrd\u00ed na to, \u017ee m\u00e1me v na\u0161em t\u00fdmu tolik kompetentn\u00edch lid\u00ed \u2013 a proto \u0159\u00edk\u00e1me D\u011aKUJEME! D\u011bkujeme za v\u011brnost, za spolupr\u00e1ci, za nasazen\u00ed a za ochotu sd\u00edlet s n\u00e1mi spole\u010dn\u00e9 nad\u0161en\u00ed!      <\/p>\n<p style=\"text-align: center;\">Stejn\u011b velk\u00fd d\u00edk pat\u0159\u00ed samoz\u0159ejm\u011b na\u0161im z\u00e1kaznic\u00edm a z\u00e1kazn\u00edk\u016fm, kte\u0159\u00ed n\u00e1m opakovan\u011b projevuj\u00ed svou d\u016fv\u011bru a spole\u010dn\u011b s n\u00e1mi zahajuj\u00ed a realizuj\u00ed \u00fasp\u011b\u0161n\u00e9 projekty. Na\u0161e spole\u010dn\u00e9 \u00fasp\u011bchy a spolupr\u00e1ce zalo\u017een\u00e1 na vz\u00e1jemn\u00e9m respektu n\u00e1s neust\u00e1le motivuj\u00ed! Je \u00fa\u017easn\u00e9, \u017ee na\u0161i z\u00e1kazn\u00edci sd\u00edlej\u00ed na\u0161eho ducha a spole\u010dn\u011b s n\u00e1mi se odva\u017euj\u00ed myslet dop\u0159edu. Slibujeme, \u017ee ani v budoucnu neustaneme v pr\u00e1ci, dokud nebude projekt k pln\u00e9 spokojenosti a nad\u0161en\u00ed v\u0161ech z\u00fa\u010dastn\u011bn\u00fdch dokon\u010den!   <\/p>\n<\/div><div class=\"fusion-sep-clear\"><\/div><div class=\"fusion-separator fusion-full-width-sep\" style=\"margin-left: auto;margin-right: auto;margin-top:15px;margin-bottom:15px;width:100%;max-width:100%;\"><\/div><div class=\"fusion-sep-clear\"><\/div><div class=\"fusion-clearfix\"><\/div><\/div><\/div><div class=\"fusion-layout-column fusion_builder_column fusion-builder-column-3 fusion_builder_column_1_1 1_1 fusion-one-full fusion-column-first fusion-column-last\" style=\"--awb-bg-size:cover;--awb-margin-bottom:0px;\"><div class=\"fusion-column-wrapper fusion-column-has-shadow fusion-flex-column-wrapper-legacy\"><div class=\"fusion-title title fusion-title-5 fusion-sep-none fusion-title-center fusion-title-text fusion-title-size-five\" style=\"--awb-text-color:#009ba8;--awb-margin-bottom:0px;--awb-margin-top-small:0px;--awb-margin-right-small:0px;--awb-margin-bottom-small:0px;--awb-margin-left-small:0px;\"><h5 class=\"fusion-title-heading title-heading-center fusion-responsive-typography-calculated\" style=\"margin:0;--fontSize:25;--minFontSize:25;line-height:1.25;\">Na\u0161e motivace roste s \u00fasp\u011bchem<\/h5><\/div><div class=\"fusion-sep-clear\"><\/div><div class=\"fusion-separator fusion-full-width-sep\" style=\"margin-left: auto;margin-right: auto;margin-top:15px;margin-bottom:15px;width:100%;max-width:100%;\"><\/div><div class=\"fusion-sep-clear\"><\/div><div class=\"fusion-text fusion-text-3\"><p style=\"text-align: center;\">Kdo se ohl\u00ed\u017e\u00ed zp\u011bt, nem\u011bl by zapom\u00ednat hled\u011bt i dop\u0159edu. V\u00edme toti\u017e, \u017ee mus\u00edme i nad\u00e1le vytrvat, abychom byli a z\u016fstali siln\u00ed i v budoucnu. A abychom toho dos\u00e1hli, d\u011bl\u00e1me v\u0161e, co je v na\u0161ich sil\u00e1ch: investujeme do vzd\u011bl\u00e1v\u00e1n\u00ed a rozvoje na\u0161ich zam\u011bstnanc\u016f, dr\u017e\u00edme krok s technick\u00fdm pokrokem a i nad\u00e1le se neboj\u00edme d\u00edvat za hranice v\u0161ednosti. Odpo\u010d\u00edvat na vav\u0159\u00ednech n\u00e1m nen\u00ed vlastn\u00ed \u2013 i v budoucnu budeme pracovat motivovan\u011b, s nad\u0161en\u00edm, po \u0161v\u00e1bsku, ale jinak. My v HOLZ toti\u017e nem\u00e1me r\u00e1di stagnaci, i nad\u00e1le s\u00e1z\u00edme na pokrok a dal\u0161\u00ed rozvoj! V tomto duchu: na dal\u0161\u00edch 50 let HOLZ automation!     <\/p>\n<p style=\"text-align: center;\">Velk\u00e9 d\u00edky v\u0161em, kte\u0159\u00ed n\u00e1s na na\u0161\u00ed cest\u011b doprov\u00e1zej\u00ed!<\/p>\n<\/div><div class=\"fusion-sep-clear\"><\/div><div class=\"fusion-separator fusion-full-width-sep\" style=\"margin-left: auto;margin-right: auto;margin-top:15px;margin-bottom:15px;width:100%;max-width:100%;\"><\/div><div class=\"fusion-sep-clear\"><\/div><div class=\"fusion-clearfix\"><\/div><\/div><\/div><\/div><\/div>\n","protected":false},"excerpt":{"rendered":"","protected":false},"author":1,"featured_media":0,"parent":0,"menu_order":0,"comment_status":"closed","ping_status":"closed","template":"100-width.php","meta":{"_exactmetrics_skip_tracking":false,"_exactmetrics_sitenote_active":false,"_exactmetrics_sitenote_note":"","_exactmetrics_sitenote_category":0,"footnotes":""},"class_list":["post-12610","page","type-page","status-publish","hentry"],"_links":{"self":[{"href":"https:\/\/www.holz-automation.de\/cs\/wp-json\/wp\/v2\/pages\/12610","targetHints":{"allow":["GET"]}}],"collection":[{"href":"https:\/\/www.holz-automation.de\/cs\/wp-json\/wp\/v2\/pages"}],"about":[{"href":"https:\/\/www.holz-automation.de\/cs\/wp-json\/wp\/v2\/types\/page"}],"author":[{"embeddable":true,"href":"https:\/\/www.holz-automation.de\/cs\/wp-json\/wp\/v2\/users\/1"}],"replies":[{"embeddable":true,"href":"https:\/\/www.holz-automation.de\/cs\/wp-json\/wp\/v2\/comments?post=12610"}],"version-history":[{"count":11,"href":"https:\/\/www.holz-automation.de\/cs\/wp-json\/wp\/v2\/pages\/12610\/revisions"}],"predecessor-version":[{"id":18714,"href":"https:\/\/www.holz-automation.de\/cs\/wp-json\/wp\/v2\/pages\/12610\/revisions\/18714"}],"wp:attachment":[{"href":"https:\/\/www.holz-automation.de\/cs\/wp-json\/wp\/v2\/media?parent=12610"}],"curies":[{"name":"wp","href":"https:\/\/api.w.org\/{rel}","templated":true}]}}