{"id":14373,"date":"2026-04-09T06:58:09","date_gmt":"2026-04-09T04:58:09","guid":{"rendered":"https:\/\/www.holz-automation.de\/ochrana-osobnich-udaju\/"},"modified":"2026-04-09T06:58:10","modified_gmt":"2026-04-09T04:58:10","slug":"ochrana-osobnich-udaju","status":"publish","type":"page","link":"https:\/\/www.holz-automation.de\/cs\/ochrana-osobnich-udaju\/","title":{"rendered":"Ochrana osobn\u00edch \u00fadaj\u016f"},"content":{"rendered":"<div class=\"fusion-fullwidth fullwidth-box fusion-builder-row-1 nonhundred-percent-fullwidth non-hundred-percent-height-scrolling\" style=\"--awb-border-radius-top-left:0px;--awb-border-radius-top-right:0px;--awb-border-radius-bottom-right:0px;--awb-border-radius-bottom-left:0px;--awb-padding-top:80px;--awb-padding-right:20px;--awb-padding-bottom:30px;--awb-padding-left:20px;--awb-margin-top:0px;--awb-margin-bottom:0px;--awb-flex-wrap:wrap;\" ><div class=\"fusion-builder-row fusion-row\"><div class=\"fusion-layout-column fusion_builder_column fusion-builder-column-0 fusion_builder_column_1_1 1_1 fusion-one-full fusion-column-first fusion-column-last\" style=\"--awb-bg-size:cover;--awb-margin-bottom:0px;\"><div class=\"fusion-column-wrapper fusion-column-has-shadow fusion-flex-column-wrapper-legacy\"><div class=\"fusion-title title fusion-title-1 fusion-sep-none fusion-title-text fusion-title-size-two\" style=\"--awb-text-color:#009ba8;--awb-margin-bottom:0px;--awb-margin-top-small:0px;--awb-margin-right-small:0px;--awb-margin-bottom-small:0px;--awb-margin-left-small:0px;\"><h2 class=\"fusion-title-heading title-heading-left fusion-responsive-typography-calculated\" style=\"margin:0;--fontSize:38;line-height:1.25;\">Ochrana osobn\u00edch \u00fadaj\u016f<\/h2><\/div><div class=\"fusion-sep-clear\"><\/div><div class=\"fusion-separator fusion-full-width-sep\" style=\"margin-left: auto;margin-right: auto;margin-top:19px;margin-bottom:19px;width:100%;max-width:100%;\"><\/div><div class=\"fusion-sep-clear\"><\/div><div class=\"fusion-text fusion-text-1\"><p>Ochrana Va\u0161ich osobn\u00edch \u00fadaj\u016f je pro n\u00e1s d\u016fle\u017eit\u00e1. P\u0159ijali jsme technick\u00e1 a organiza\u010dn\u00ed opat\u0159en\u00ed, kter\u00e1 zaji\u0161\u0165uj\u00ed, \u017ee p\u0159edpisy o ochran\u011b osobn\u00edch \u00fadaj\u016f dodr\u017eujeme jak my, tak i extern\u00ed poskytovatel\u00e9 slu\u017eeb (zpracovatel\u00e9). <\/p>\n<p>Na\u0161e obecn\u00e9 informace o ochran\u011b osobn\u00edch \u00fadaj\u016f a specifika p\u0159i n\u00e1v\u0161t\u011bv\u011b na\u0161ich webov\u00fdch str\u00e1nek naleznete na n\u00e1sleduj\u00edc\u00edch odkazech:<\/p>\n<p><strong><a title=\"Obecn\u00e9 prohl\u00e1\u0161en\u00ed o ochran\u011b osobn\u00edch \u00fadaj\u016f\" href=\"https:\/\/www.holz-automation.de\/de\/datenschutz\/allgemeine-datenschutzerklaerung\/\">\u00bb Obecn\u00e9 prohl\u00e1\u0161en\u00ed o ochran\u011b osobn\u00edch \u00fadaj\u016f<\/a><\/strong><\/p>\n<p><strong><a title=\"Ochrana osobn\u00edch \u00fadaj\u016f \u2013 \u017e\u00e1dost o zam\u011bstn\u00e1n\u00ed\" href=\"https:\/\/www.holz-automation.de\/de\/datenschutz-bewerbung\/\">\u00bb Nahr\u00e1t video k \u017e\u00e1dosti o zam\u011bstn\u00e1n\u00ed<\/a><\/strong><\/p>\n<p><strong><a title=\"Ochrana osobn\u00edch \u00fadaj\u016f pro uchaze\u010de\" href=\"https:\/\/www.holz-automation.de\/de\/datenschutz\/datenschutz-fuer-bewerber\/\">\u00bb Ochrana osobn\u00edch \u00fadaj\u016f pro uchaze\u010dky a uchaze\u010de prost\u0159ednictv\u00edm n\u00e1borov\u00e9ho port\u00e1lu HRworks<\/a><\/strong><\/p>\n<\/div><div class=\"fusion-clearfix\"><\/div><\/div><\/div><\/div><\/div>\n","protected":false},"excerpt":{"rendered":"","protected":false},"author":1,"featured_media":0,"parent":0,"menu_order":0,"comment_status":"closed","ping_status":"closed","template":"100-width.php","meta":{"_exactmetrics_skip_tracking":false,"_exactmetrics_sitenote_active":false,"_exactmetrics_sitenote_note":"","_exactmetrics_sitenote_category":0,"footnotes":""},"class_list":["post-14373","page","type-page","status-publish","hentry"],"_links":{"self":[{"href":"https:\/\/www.holz-automation.de\/cs\/wp-json\/wp\/v2\/pages\/14373","targetHints":{"allow":["GET"]}}],"collection":[{"href":"https:\/\/www.holz-automation.de\/cs\/wp-json\/wp\/v2\/pages"}],"about":[{"href":"https:\/\/www.holz-automation.de\/cs\/wp-json\/wp\/v2\/types\/page"}],"author":[{"embeddable":true,"href":"https:\/\/www.holz-automation.de\/cs\/wp-json\/wp\/v2\/users\/1"}],"replies":[{"embeddable":true,"href":"https:\/\/www.holz-automation.de\/cs\/wp-json\/wp\/v2\/comments?post=14373"}],"version-history":[{"count":2,"href":"https:\/\/www.holz-automation.de\/cs\/wp-json\/wp\/v2\/pages\/14373\/revisions"}],"predecessor-version":[{"id":14384,"href":"https:\/\/www.holz-automation.de\/cs\/wp-json\/wp\/v2\/pages\/14373\/revisions\/14384"}],"wp:attachment":[{"href":"https:\/\/www.holz-automation.de\/cs\/wp-json\/wp\/v2\/media?parent=14373"}],"curies":[{"name":"wp","href":"https:\/\/api.w.org\/{rel}","templated":true}]}}