{"id":15292,"date":"2026-04-09T07:01:15","date_gmt":"2026-04-09T05:01:15","guid":{"rendered":"https:\/\/www.holz-automation.de\/obrazove-podklady\/"},"modified":"2026-04-09T07:01:28","modified_gmt":"2026-04-09T05:01:28","slug":"obrazove-podklady","status":"publish","type":"page","link":"https:\/\/www.holz-automation.de\/cs\/obrazove-podklady\/","title":{"rendered":"Obrazov\u00e9 podklady"},"content":{"rendered":"<div class=\"fusion-fullwidth fullwidth-box fusion-builder-row-1 nonhundred-percent-fullwidth non-hundred-percent-height-scrolling\" style=\"--awb-border-radius-top-left:0px;--awb-border-radius-top-right:0px;--awb-border-radius-bottom-right:0px;--awb-border-radius-bottom-left:0px;--awb-padding-top:80px;--awb-padding-right:20px;--awb-padding-bottom:30px;--awb-padding-left:20px;--awb-margin-top:0px;--awb-margin-bottom:0px;--awb-flex-wrap:wrap;\" ><div class=\"fusion-builder-row fusion-row\"><div class=\"fusion-layout-column fusion_builder_column fusion-builder-column-0 fusion_builder_column_1_1 1_1 fusion-one-full fusion-column-first fusion-column-last\" style=\"--awb-bg-size:cover;--awb-margin-bottom:0px;\"><div class=\"fusion-column-wrapper fusion-column-has-shadow fusion-flex-column-wrapper-legacy\"><div class=\"fusion-title title fusion-title-1 fusion-sep-none fusion-title-text fusion-title-size-five\" style=\"--awb-text-color:#131e27;--awb-margin-bottom:0px;--awb-margin-top-small:0px;--awb-margin-right-small:0px;--awb-margin-bottom-small:0px;--awb-margin-left-small:0px;\"><h5 class=\"fusion-title-heading title-heading-left fusion-responsive-typography-calculated\" style=\"margin:0;--fontSize:25;--minFontSize:25;line-height:1.25;\">Fotolia.de \/ Stock.Adobe.com<\/h5><\/div><div class=\"fusion-text fusion-text-1\"><p>ID 79241353 \u2013 D\u011bdick\u00e1 da\u0148 \u00a9 eyetronic<br \/>\nID 51962992 \u2013 Auto jedouc\u00ed rychle v tunelu \u00a9 zentilia<\/p>\n<\/div><div class=\"fusion-sep-clear\"><\/div><div class=\"fusion-separator fusion-full-width-sep\" style=\"margin-left: auto;margin-right: auto;margin-top:19px;margin-bottom:19px;width:100%;max-width:100%;\"><\/div><div class=\"fusion-sep-clear\"><\/div><div class=\"fusion-title title fusion-title-2 fusion-sep-none fusion-title-text fusion-title-size-five\" style=\"--awb-text-color:#131e27;--awb-margin-bottom:0px;--awb-margin-top-small:0px;--awb-margin-right-small:0px;--awb-margin-bottom-small:0px;--awb-margin-left-small:0px;\"><h5 class=\"fusion-title-heading title-heading-left fusion-responsive-typography-calculated\" style=\"margin:0;--fontSize:25;--minFontSize:25;line-height:1.25;\">iStockPhoto.com<\/h5><\/div><div class=\"fusion-text fusion-text-2\"><p>ID 466111840 \u2013 Sv\u011bdomit\u00ed architekti \u00a9 mediaphotos<br \/>\nID 1212818584 \u2013 Skupina lid\u00ed ve tvaru koronaviru. Infek\u010dn\u00ed epidemie nebo pandemie Covid-19. \u00a9 arthobbit<br \/>\nID 1139875073 \u2013 Pr\u016fmyslov\u00e1 vrta\u010dka na tmav\u00e9m pozad\u00ed \u00a9 EduardHarkonen<br \/>\nID 843440626 \u2013 3D render betonov\u00e9 gar\u00e1\u017ee se \u0161esti\u00faheln\u00edkov\u00fdm vzorem \u00a9 BrilliantEye<\/p>\n<\/div><div class=\"fusion-sep-clear\"><\/div><div class=\"fusion-separator fusion-full-width-sep\" style=\"margin-left: auto;margin-right: auto;margin-top:19px;margin-bottom:19px;width:100%;max-width:100%;\"><\/div><div class=\"fusion-sep-clear\"><\/div><div class=\"fusion-title title fusion-title-3 fusion-sep-none fusion-title-text fusion-title-size-five\" style=\"--awb-text-color:#131e27;--awb-margin-bottom:0px;--awb-margin-top-small:0px;--awb-margin-right-small:0px;--awb-margin-bottom-small:0px;--awb-margin-left-small:0px;\"><h5 class=\"fusion-title-heading title-heading-left fusion-responsive-typography-calculated\" style=\"margin:0;--fontSize:25;--minFontSize:25;line-height:1.25;\">Shutterstock.de<\/h5><\/div><div class=\"fusion-text fusion-text-3\"><p>ID 1034490223 \u2013 Obr\u00e1zek mlad\u00fdch turist\u016f v slune\u010dn\u00edch br\u00fdl\u00edch, hledaj\u00edc\u00edch informace na internetov\u00fdch str\u00e1nk\u00e1ch na&#8230; \u00a9 GaudiLab<br \/>\nID 1095174317 \u2013 Inteligentn\u00ed tov\u00e1rna a Pr\u016fmysl 4.0 a propojen\u00e9 v\u00fdrobn\u00ed roboty si vym\u011b\u0148uj\u00ed data&#8230; \u00a9 everything possible<br \/>\nID 755617726 \u2013 \u0160\u0165astn\u00e1 d\u00edvka. Detailn\u00ed portr\u00e9t \u0161\u0165astn\u00e9 mlad\u00e9 brunetky s kudrnat\u00fdmi vlasy&#8230; \u00a9 HBRH<br \/>\nID 717765166 \u2013 Mlad\u00e1 podnikatelka sed\u00edc\u00ed u stolu v kav\u00e1rn\u011b p\u0159ed notebookem s n\u00e1pisem&#8230; \u00a9 Foxy burrow<br \/>\nID 662942956 \u2013 Hv\u011bzdice nebo mo\u0159sk\u00e1 hv\u011bzdice stoj\u00edc\u00ed na pl\u00e1\u017ei p\u0159i v\u00fdchodu slunce \u00a9 Valentin Valkov<br \/>\nID 537287941 \u2013 \u010cern\u00fd sportovn\u00ed v\u016fz ve vysok\u00e9 rychlosti \u2013 futuristick\u00fd koncept \u2013 3D ilustrace \u00a9 ParabolStudio<br \/>\nID 1101319838 \u2013 P\u0159\u00edprava kovov\u00e9 \u0161pi\u010dky aort\u00e1ln\u00ed kanyly na opera\u010dn\u00edm s\u00e1le pro operaci otev\u0159en\u00e9ho srdce \u00a9 FaiPloypilin<\/p>\n<\/div><div class=\"fusion-sep-clear\"><\/div><div class=\"fusion-separator fusion-full-width-sep\" style=\"margin-left: auto;margin-right: auto;margin-top:19px;margin-bottom:19px;width:100%;max-width:100%;\"><\/div><div class=\"fusion-sep-clear\"><\/div><div class=\"fusion-clearfix\"><\/div><\/div><\/div><\/div><\/div>\n","protected":false},"excerpt":{"rendered":"","protected":false},"author":1,"featured_media":0,"parent":0,"menu_order":0,"comment_status":"closed","ping_status":"closed","template":"100-width.php","meta":{"_exactmetrics_skip_tracking":false,"_exactmetrics_sitenote_active":false,"_exactmetrics_sitenote_note":"","_exactmetrics_sitenote_category":0,"footnotes":""},"class_list":["post-15292","page","type-page","status-publish","hentry"],"_links":{"self":[{"href":"https:\/\/www.holz-automation.de\/cs\/wp-json\/wp\/v2\/pages\/15292","targetHints":{"allow":["GET"]}}],"collection":[{"href":"https:\/\/www.holz-automation.de\/cs\/wp-json\/wp\/v2\/pages"}],"about":[{"href":"https:\/\/www.holz-automation.de\/cs\/wp-json\/wp\/v2\/types\/page"}],"author":[{"embeddable":true,"href":"https:\/\/www.holz-automation.de\/cs\/wp-json\/wp\/v2\/users\/1"}],"replies":[{"embeddable":true,"href":"https:\/\/www.holz-automation.de\/cs\/wp-json\/wp\/v2\/comments?post=15292"}],"version-history":[{"count":8,"href":"https:\/\/www.holz-automation.de\/cs\/wp-json\/wp\/v2\/pages\/15292\/revisions"}],"predecessor-version":[{"id":15420,"href":"https:\/\/www.holz-automation.de\/cs\/wp-json\/wp\/v2\/pages\/15292\/revisions\/15420"}],"wp:attachment":[{"href":"https:\/\/www.holz-automation.de\/cs\/wp-json\/wp\/v2\/media?parent=15292"}],"curies":[{"name":"wp","href":"https:\/\/api.w.org\/{rel}","templated":true}]}}