{"id":12599,"date":"2026-04-09T06:52:39","date_gmt":"2026-04-09T04:52:39","guid":{"rendered":"https:\/\/www.holz-automation.de\/50-aar\/"},"modified":"2026-04-10T10:16:32","modified_gmt":"2026-04-10T08:16:32","slug":"50-aar","status":"publish","type":"page","link":"https:\/\/www.holz-automation.de\/da\/50-aar\/","title":{"rendered":"50 \u00e5r"},"content":{"rendered":"<div class=\"fusion-fullwidth fullwidth-box fusion-builder-row-1 nonhundred-percent-fullwidth non-hundred-percent-height-scrolling\" style=\"--awb-border-radius-top-left:0px;--awb-border-radius-top-right:0px;--awb-border-radius-bottom-right:0px;--awb-border-radius-bottom-left:0px;--awb-padding-top:80px;--awb-padding-right:20px;--awb-padding-bottom:60px;--awb-padding-left:20px;--awb-margin-top:0px;--awb-margin-bottom:0px;--awb-background-color:#ffffff;--awb-flex-wrap:wrap;\" ><div class=\"fusion-builder-row fusion-row\"><div class=\"fusion-layout-column fusion_builder_column fusion-builder-column-0 fusion_builder_column_1_1 1_1 fusion-one-full fusion-column-first fusion-column-last\" style=\"--awb-bg-size:cover;--awb-margin-bottom:0px;\"><div class=\"fusion-column-wrapper fusion-column-has-shadow fusion-flex-column-wrapper-legacy\"><div class=\"fusion-title title fusion-title-1 fusion-sep-none fusion-title-center fusion-title-text fusion-title-size-five\" style=\"--awb-text-color:#131e27;--awb-margin-bottom:0px;--awb-margin-top-small:0px;--awb-margin-right-small:0px;--awb-margin-bottom-small:0px;--awb-margin-left-small:0px;\"><h5 class=\"fusion-title-heading title-heading-center fusion-responsive-typography-calculated\" style=\"margin:0;--fontSize:25;--minFontSize:25;line-height:1.25;\">HOLZ automation<\/h5><\/div><div class=\"fusion-sep-clear\"><\/div><div class=\"fusion-separator fusion-full-width-sep\" style=\"margin-left: auto;margin-right: auto;margin-top:5px;margin-bottom:5px;width:100%;max-width:100%;\"><\/div><div class=\"fusion-sep-clear\"><\/div><div class=\"fusion-title title fusion-title-2 fusion-sep-none fusion-title-center fusion-title-text fusion-title-size-one\" style=\"--awb-text-color:#009ba8;--awb-margin-bottom:0px;--awb-margin-top-small:0px;--awb-margin-right-small:0px;--awb-margin-bottom-small:0px;--awb-margin-left-small:0px;--awb-font-size:3REM;\"><h1 class=\"fusion-title-heading title-heading-center fusion-responsive-typography-calculated\" style=\"margin:0;font-size:1em;--fontSize:18;--minFontSize:18;line-height:1.25;\">Vi fejrer jubil\u00e6um!<\/h1><\/div><div class=\"fusion-sep-clear\"><\/div><div class=\"fusion-separator fusion-full-width-sep\" style=\"margin-left: auto;margin-right: auto;margin-top:19px;margin-bottom:19px;width:100%;max-width:100%;\"><\/div><div class=\"fusion-sep-clear\"><\/div><div class=\"fusion-title title fusion-title-3 fusion-sep-none fusion-title-center fusion-title-text fusion-title-size-five\" style=\"--awb-text-color:#009ba8;--awb-margin-bottom:0px;--awb-margin-top-small:0px;--awb-margin-right-small:0px;--awb-margin-bottom-small:0px;--awb-margin-left-small:0px;\"><h5 class=\"fusion-title-heading title-heading-center fusion-responsive-typography-calculated\" style=\"margin:0;--fontSize:25;--minFontSize:25;line-height:1.25;\">Med begejstring for sagen i 50 \u00e5r<\/h5><\/div><div class=\"fusion-sep-clear\"><\/div><div class=\"fusion-separator fusion-full-width-sep\" style=\"margin-left: auto;margin-right: auto;margin-top:15px;margin-bottom:15px;width:100%;max-width:100%;\"><\/div><div class=\"fusion-sep-clear\"><\/div><div class=\"fusion-text fusion-text-1\"><p style=\"text-align: center;\">I 2020 er der hos HOLZ automation al mulig grund til at fejre \u2013 for den dengang lille enkeltmandsvirksomhed inden for v\u00e6rkt\u00f8jsfremstilling kan se tilbage p\u00e5 et halvt \u00e5rhundredes virksomhedshistorie. I dag er vi en internationalt succesfuld specialist i automatisering med 75 medarbejdere \u2013 men ved grundl\u00e6ggelsen af vores familievirksomhed i 1970 s\u00e5 det stadig helt anderledes ud: Vores grundl\u00e6gger Manfred Holz arbejdede dengang alene i den lille garage til sit nybyggede enfamiliehus \u2026 Det viser tydeligt, at der er sket en hel del i de seneste 50 \u00e5r! Derfor vil vi i anledning af vores jubil\u00e6um standse op og se tilbage p\u00e5 de udviklinger, der i sidste ende har gjort os til det, vi er i dag: en schwabisk familievirksomhed med fremsynede t\u00e6nkere og opfindsomme ildsj\u00e6le, der br\u00e6nder for det, de laver.  <\/p>\n<\/div><div class=\"fusion-sep-clear\"><\/div><div class=\"fusion-separator fusion-full-width-sep\" style=\"margin-left: auto;margin-right: auto;margin-top:15px;margin-bottom:15px;width:100%;max-width:100%;\"><\/div><div class=\"fusion-sep-clear\"><\/div><div class=\"fusion-clearfix\"><\/div><\/div><\/div><div class=\"fusion-layout-column fusion_builder_column fusion-builder-column-1 fusion_builder_column_1_1 1_1 fusion-one-full fusion-column-first fusion-column-last\" style=\"--awb-bg-size:cover;--awb-margin-bottom:0px;\"><div class=\"fusion-column-wrapper fusion-column-has-shadow fusion-flex-column-wrapper-legacy\"><div class=\"accordian fusion-accordian\" style=\"--awb-border-size:0px;--awb-icon-size:25px;--awb-content-font-size:18px;--awb-icon-alignment:left;--awb-hover-color:#f5f5f5;--awb-border-color:#cccccc;--awb-background-color:#ebebeb;--awb-divider-color:#e0dede;--awb-divider-hover-color:#e0dede;--awb-icon-color:#000000;--awb-title-color:#009ba8;--awb-content-color:#131e27;--awb-icon-box-color:#333333;--awb-toggle-hover-accent-color:#009ba8;--awb-title-font-family:&quot;Poppins&quot;;--awb-title-font-weight:300;--awb-title-font-style:normal;--awb-title-font-size:25px;--awb-content-font-family:&quot;Poppins&quot;;--awb-content-font-style:normal;--awb-content-font-weight:300;\"><div class=\"panel-group fusion-toggle-icon-unboxed\" id=\"accordion-12599-1\"><div class=\"fusion-panel panel-default panel-b15f7d97bf5779e1a fusion-toggle-no-divider fusion-toggle-boxed-mode\"><div class=\"panel-heading\"><h4 class=\"panel-title toggle\" id=\"toggle_b15f7d97bf5779e1a\"><a aria-expanded=\"false\" aria-controls=\"b15f7d97bf5779e1a\" role=\"button\" data-toggle=\"collapse\" data-parent=\"#accordion-12599-1\" data-target=\"#b15f7d97bf5779e1a\" href=\"#b15f7d97bf5779e1a\"><span class=\"fusion-toggle-icon-wrapper\" aria-hidden=\"true\"><i class=\"fa-fusion-box active-icon awb-icon-minus\" aria-hidden=\"true\"><\/i><i class=\"fa-fusion-box inactive-icon awb-icon-plus\" aria-hidden=\"true\"><\/i><\/span><span class=\"fusion-toggle-heading\">Milep\u00e6le for HOLZ automation \u00bb L\u00e6s mere her!<\/span><\/a><\/h4><\/div><div id=\"b15f7d97bf5779e1a\" class=\"panel-collapse collapse \" aria-labelledby=\"toggle_b15f7d97bf5779e1a\"><div class=\"panel-body toggle-content fusion-clearfix\">\n<p>I syv \u00e5r opererede \u00bbManfred Holz Werkzeugbau\u00ab fra Holz&#8217; garage i Maubach og opn\u00e5ede i den periode allerede et ry som en s\u00e6rligt kompetent partner. Store kunder som Mahle, Bosch og Stihl stolede allerede dengang p\u00e5 Holz. Det f\u00f8rte til, at flytningen til v\u00e6rkstedsudvidelsen kunne finde sted i 1977 \u2013 sammen med de tre fagl\u00e6rte arbejdere, der p\u00e5 det tidspunkt var ansat.  <\/p>\n<p>I 1983 begyndte en udvikling v\u00e6k fra ren v\u00e6rkt\u00f8jsfremstilling mod en produktionsvirksomhed \u2013 den f\u00f8rste CNC-maskine blev anskaffet!<\/p>\n<p>Allerede dengang l\u00e5 talentudvikling Holz n\u00e6rt \u2013 kun tre \u00e5r senere, i 1986, gjorde den f\u00f8rste l\u00e6rling, Jens Traub, sin l\u00e6replads meget stolt, da han afsluttede sin uddannelse som den tredjebedste i delstaten Baden-W\u00fcrttemberg \u2013 et sigende signal!<\/p>\n<p>Et andet st\u00e6rkt signal fulgte kort efter, i 1987: samarbejdet med tuning-specialisten AMG blev etableret. Her var Holz fra da af ansvarlig for bearbejdning af motorblokke. <\/p>\n<p>Efter alle de gl\u00e6delige udviklinger i de f\u00f8rste 18 \u00e5r m\u00e5tte der dog ogs\u00e5 h\u00e5ndteres tilbageslag \u2013 i 1988 opstod der en magnesiumbrand p\u00e5 v\u00e6rkstedet, som ikke kun beskadigede de dengang to nye CNC-maskiner, men ogs\u00e5 store dele af inventaret alvorligt. Men takket v\u00e6re den hurtige og resolutte handling fra alle involverede blev det v\u00e6rste forhindret \u2013 heldigvis kom ingen alvorligt til skade, og produktionstabet kunne holdes nede. <\/p>\n<p>Efter at Holz havde kommet sig over denne ulykke, str\u00e6bte virksomheden videre opad \u2013 den nye grund i industriomr\u00e5det Waldrems n\u00e6r Backnang blev erhvervet, og en ny, moderne og rummelig produktionshal blev f\u00e6rdiggjort p\u00e5 kun otte m\u00e5neder. Virksomheden flyttede til den nye placering den 1. maj 1991 og blev i samme omb\u00e6ring omdannet til et GmbH! <\/p>\n<p>Og i det hele taget var 90&#8217;erne et succesfuldt \u00e5rti for Holz GmbH, for her blev der lagt vigtige grundsten for den videre udvikling.<\/p>\n<p>Ikke kun at det f\u00f8rste store jubil\u00e6um \u2013 nemlig 25 \u00e5r med Holz \u2013 kunne fejres i 1995.<\/p>\n<p>I 1996 grundlagde J\u00fcrgen Holz \u00bbHolz engineering\u00ab \u2013 et selvst\u00e6ndigt konstruktionsbureau; i 1998 blev den f\u00f8rste komplette specialmaskine leveret: en diffusionssvejsemaskine til starterankre, og i 1999 kunne Holz starte det f\u00f8rste udviklingsprojekt \u2013 det handlede om \u00bbautomatisk tilf\u00f8rsel af b\u00f8jelige dele\u00ab.<\/p>\n<p>I 2000\u2019erne udviklede HOLZ sig til specialist i specialmaskiner \u2013 HOLZ automation bliver f\u00f8dt<\/p>\n<p>De gode nyheder f\u00f8lger slag i slag i dette \u00e5rti: store ordrer fra anerkendte kunder som Bosch (p\u00e5 internationale lokationer som Belgien, USA, Tjekkiet), Porsche og Daimler AG modtages, HOLZ pr\u00e6senterer sig for f\u00f8rste gang med egen messestand, den f\u00f8rste certificering i henhold til DIN EN ISO 9001:2000 f\u00f8lger, og kort efter opgraderingen til DIN EN ISO 9001:2008, \u2026<\/p>\n<p>P\u00e5 dette tidspunkt har HOLZ 36 medarbejdere \u2013 og fejrer i 2010 sit 40-\u00e5rs jubil\u00e6um!<\/p>\n<p>I 2014 vovede vi endnu et stort skridt mod fremtiden og omstrukturerede os \u2013 vi investerede i en ny lokation, fremragende medarbejdere og i et moderne arbejdsmilj\u00f8 og udstyr. Fordi vi ikke kun \u00f8nsker at f\u00f8lge med, men ogs\u00e5 at t\u00e6nke fremad. <\/p>\n<p>Siden da har vores udvikling taget endnu mere fart \u2013 vi kan i dag med rette h\u00e6vde at v\u00e6re en efterspurgt specialist og full-service bureau inden for specialmaskiner og automatiseringsteknik \u2013 og alligevel er vi forblevet tro mod vores v\u00e6rdier og overbevisninger. Vi bliver hele tiden bekr\u00e6ftet i, at vi er p\u00e5 rette vej \u2013 for vi er prismodtagere af forskellige awards og udm\u00e6rkelser, som naturligvis g\u00f8r os og vores team m\u00e6gtigt stolte! <\/p>\n<p>Med denne vished fylder vores 50-\u00e5rs jubil\u00e6um os med stolthed og taknemmelighed. For der er nogle, uden hvem vi ikke ville v\u00e6re, hvor vi er i dag. <\/p>\n<\/div><\/div><\/div><\/div><\/div><div class=\"fusion-sep-clear\"><\/div><div class=\"fusion-separator fusion-full-width-sep\" style=\"margin-left: auto;margin-right: auto;margin-top:30px;margin-bottom:30px;width:100%;max-width:100%;\"><\/div><div class=\"fusion-sep-clear\"><\/div><div class=\"fusion-clearfix\"><\/div><\/div><\/div><div class=\"fusion-layout-column fusion_builder_column fusion-builder-column-2 fusion_builder_column_1_1 1_1 fusion-one-full fusion-column-first fusion-column-last\" style=\"--awb-bg-size:cover;--awb-margin-bottom:0px;\"><div class=\"fusion-column-wrapper fusion-column-has-shadow fusion-flex-column-wrapper-legacy\"><div class=\"fusion-title title fusion-title-4 fusion-sep-none fusion-title-center fusion-title-text fusion-title-size-five\" style=\"--awb-text-color:#009ba8;--awb-margin-bottom:0px;--awb-margin-top-small:0px;--awb-margin-right-small:0px;--awb-margin-bottom-small:0px;--awb-margin-left-small:0px;\"><h5 class=\"fusion-title-heading title-heading-center fusion-responsive-typography-calculated\" style=\"margin:0;--fontSize:25;--minFontSize:25;line-height:1.25;\">Det er tid til at sige TAK<\/h5><\/div><div class=\"fusion-sep-clear\"><\/div><div class=\"fusion-separator fusion-full-width-sep\" style=\"margin-left: auto;margin-right: auto;margin-top:15px;margin-bottom:15px;width:100%;max-width:100%;\"><\/div><div class=\"fusion-sep-clear\"><\/div><div class=\"fusion-text fusion-text-2\"><p style=\"text-align: center;\">Vores 75 medarbejdere er vores st\u00f8rste aktiv og vores stolthed. Alle afdelinger udf\u00f8rer et fantastisk arbejde dag efter dag. Uanset om det er administration, teknologi, produktion eller montage, om det er vores folk inden for indk\u00f8b og logistik, vores l\u00e6rlinge, om det er i salg eller projektledelse \u2013 hver enkelt yder et vigtigt bidrag til vores virksomheds succes. S\u00e6rligt skal fremh\u00e6ves viljen til at t\u00e6nke ud over gr\u00e6nserne for den respektive afdeling, ansvarsomr\u00e5der og emnefelter. Ingen er fastl\u00e5st, alle er altid \u00e5bne for nye ideer og us\u00e6dvanlige tankegange. Vi er stolte over at have s\u00e5 mange kompetente mennesker i vores team \u2013 og derfor siger vi TAK! Tak for loyalitet, for samarbejde, for engagement og for viljen til at v\u00e6re begejstrede sammen med os!      <\/p>\n<p style=\"text-align: center;\">En lige s\u00e5 stor tak skylder vi naturligvis vores kunder, som igen og igen viser os deres tillid og sammen med os igangs\u00e6tter og gennemf\u00f8rer succesfulde projekter. Vores f\u00e6lles succeser og det v\u00e6rds\u00e6ttende samarbejde motiverer os altid p\u00e5 ny! Det er vidunderligt, at vores kunder deler vores \u00e5nd og t\u00e6nker modigt fremad sammen med os. Vi lover, at vi ogs\u00e5 fremover ikke vil hvile, f\u00f8r et projekt er afsluttet fuldt ud tilfredsstillende og begejstrende for alle involverede!   <\/p>\n<\/div><div class=\"fusion-sep-clear\"><\/div><div class=\"fusion-separator fusion-full-width-sep\" style=\"margin-left: auto;margin-right: auto;margin-top:15px;margin-bottom:15px;width:100%;max-width:100%;\"><\/div><div class=\"fusion-sep-clear\"><\/div><div class=\"fusion-clearfix\"><\/div><\/div><\/div><div class=\"fusion-layout-column fusion_builder_column fusion-builder-column-3 fusion_builder_column_1_1 1_1 fusion-one-full fusion-column-first fusion-column-last\" style=\"--awb-bg-size:cover;--awb-margin-bottom:0px;\"><div class=\"fusion-column-wrapper fusion-column-has-shadow fusion-flex-column-wrapper-legacy\"><div class=\"fusion-title title fusion-title-5 fusion-sep-none fusion-title-center fusion-title-text fusion-title-size-five\" style=\"--awb-text-color:#009ba8;--awb-margin-bottom:0px;--awb-margin-top-small:0px;--awb-margin-right-small:0px;--awb-margin-bottom-small:0px;--awb-margin-left-small:0px;\"><h5 class=\"fusion-title-heading title-heading-center fusion-responsive-typography-calculated\" style=\"margin:0;--fontSize:25;--minFontSize:25;line-height:1.25;\">Vores motivation stiger med succes<\/h5><\/div><div class=\"fusion-sep-clear\"><\/div><div class=\"fusion-separator fusion-full-width-sep\" style=\"margin-left: auto;margin-right: auto;margin-top:15px;margin-bottom:15px;width:100%;max-width:100%;\"><\/div><div class=\"fusion-sep-clear\"><\/div><div class=\"fusion-text fusion-text-3\"><p style=\"text-align: center;\">Den, der ser tilbage, b\u00f8r ikke glemme ogs\u00e5 at se fremad. For vi ved, at vi fortsat skal holde fast for ogs\u00e5 fremover at v\u00e6re og forblive st\u00e6rke. Og for at n\u00e5 det g\u00f8r vi alt, hvad der st\u00e5r i vores magt: Vi investerer i uddannelse og efteruddannelse af vores medarbejdere, vi f\u00f8lger fortsat den teknologiske udvikling t\u00e6t og er stadig ikke bange for at t\u00e6nke ud over det s\u00e6dvanlige. At hvile p\u00e5 laurb\u00e6rrene passer ikke til os \u2013 ogs\u00e5 i fremtiden arbejder vi motiveret, begejstret, schwabisk, men anderledes. For hos HOLZ bryder vi os ikke om stilstand; ogs\u00e5 fremover satser vi p\u00e5 fremskridt og videreudvikling! I den \u00e5nd: Sk\u00e5l for de n\u00e6ste 50 \u00e5r med HOLZ automation!     <\/p>\n<p style=\"text-align: center;\">Mange tak til alle, der har fulgt os p\u00e5 vejen!<\/p>\n<\/div><div class=\"fusion-sep-clear\"><\/div><div class=\"fusion-separator fusion-full-width-sep\" style=\"margin-left: auto;margin-right: auto;margin-top:15px;margin-bottom:15px;width:100%;max-width:100%;\"><\/div><div class=\"fusion-sep-clear\"><\/div><div class=\"fusion-clearfix\"><\/div><\/div><\/div><\/div><\/div>\n","protected":false},"excerpt":{"rendered":"","protected":false},"author":1,"featured_media":0,"parent":0,"menu_order":0,"comment_status":"closed","ping_status":"closed","template":"100-width.php","meta":{"_exactmetrics_skip_tracking":false,"_exactmetrics_sitenote_active":false,"_exactmetrics_sitenote_note":"","_exactmetrics_sitenote_category":0,"footnotes":""},"class_list":["post-12599","page","type-page","status-publish","hentry"],"_links":{"self":[{"href":"https:\/\/www.holz-automation.de\/da\/wp-json\/wp\/v2\/pages\/12599","targetHints":{"allow":["GET"]}}],"collection":[{"href":"https:\/\/www.holz-automation.de\/da\/wp-json\/wp\/v2\/pages"}],"about":[{"href":"https:\/\/www.holz-automation.de\/da\/wp-json\/wp\/v2\/types\/page"}],"author":[{"embeddable":true,"href":"https:\/\/www.holz-automation.de\/da\/wp-json\/wp\/v2\/users\/1"}],"replies":[{"embeddable":true,"href":"https:\/\/www.holz-automation.de\/da\/wp-json\/wp\/v2\/comments?post=12599"}],"version-history":[{"count":15,"href":"https:\/\/www.holz-automation.de\/da\/wp-json\/wp\/v2\/pages\/12599\/revisions"}],"predecessor-version":[{"id":18713,"href":"https:\/\/www.holz-automation.de\/da\/wp-json\/wp\/v2\/pages\/12599\/revisions\/18713"}],"wp:attachment":[{"href":"https:\/\/www.holz-automation.de\/da\/wp-json\/wp\/v2\/media?parent=12599"}],"curies":[{"name":"wp","href":"https:\/\/api.w.org\/{rel}","templated":true}]}}