{"id":14355,"date":"2026-04-09T06:58:08","date_gmt":"2026-04-09T04:58:08","guid":{"rendered":"https:\/\/www.holz-automation.de\/databeskyttelse\/"},"modified":"2026-04-09T06:58:10","modified_gmt":"2026-04-09T04:58:10","slug":"databeskyttelse","status":"publish","type":"page","link":"https:\/\/www.holz-automation.de\/da\/databeskyttelse\/","title":{"rendered":"Databeskyttelse"},"content":{"rendered":"<div class=\"fusion-fullwidth fullwidth-box fusion-builder-row-1 nonhundred-percent-fullwidth non-hundred-percent-height-scrolling\" style=\"--awb-border-radius-top-left:0px;--awb-border-radius-top-right:0px;--awb-border-radius-bottom-right:0px;--awb-border-radius-bottom-left:0px;--awb-padding-top:80px;--awb-padding-right:20px;--awb-padding-bottom:30px;--awb-padding-left:20px;--awb-margin-top:0px;--awb-margin-bottom:0px;--awb-flex-wrap:wrap;\" ><div class=\"fusion-builder-row fusion-row\"><div class=\"fusion-layout-column fusion_builder_column fusion-builder-column-0 fusion_builder_column_1_1 1_1 fusion-one-full fusion-column-first fusion-column-last\" style=\"--awb-bg-size:cover;--awb-margin-bottom:0px;\"><div class=\"fusion-column-wrapper fusion-column-has-shadow fusion-flex-column-wrapper-legacy\"><div class=\"fusion-title title fusion-title-1 fusion-sep-none fusion-title-text fusion-title-size-two\" style=\"--awb-text-color:#009ba8;--awb-margin-bottom:0px;--awb-margin-top-small:0px;--awb-margin-right-small:0px;--awb-margin-bottom-small:0px;--awb-margin-left-small:0px;\"><h2 class=\"fusion-title-heading title-heading-left fusion-responsive-typography-calculated\" style=\"margin:0;--fontSize:38;line-height:1.25;\">Databeskyttelse<\/h2><\/div><div class=\"fusion-sep-clear\"><\/div><div class=\"fusion-separator fusion-full-width-sep\" style=\"margin-left: auto;margin-right: auto;margin-top:19px;margin-bottom:19px;width:100%;max-width:100%;\"><\/div><div class=\"fusion-sep-clear\"><\/div><div class=\"fusion-text fusion-text-1\"><p>Beskyttelsen af Deres personoplysninger er et vigtigt anliggende for os. Vi har truffet tekniske og organisatoriske foranstaltninger, der sikrer, at reglerne om databeskyttelse overholdes af b\u00e5de os og af eksterne tjenesteydere (databehandlere). <\/p>\n<p>De finder vores generelle databeskyttelsesoplysninger og de s\u00e6rlige forhold ved bes\u00f8g p\u00e5 vores websted via f\u00f8lgende links:<\/p>\n<p><strong><a title=\"Generel privatlivspolitik\" href=\"https:\/\/www.holz-automation.de\/de\/datenschutz\/allgemeine-datenschutzerklaerung\/\">\u00bb Generel privatlivspolitik<\/a><\/strong><\/p>\n<p><strong><a title=\"Databeskyttelse i forbindelse med ans\u00f8gning\" href=\"https:\/\/www.holz-automation.de\/de\/datenschutz-bewerbung\/\">\u00bb Upload af ans\u00f8gningsvideo<\/a><\/strong><\/p>\n<p><strong><a title=\"Databeskyttelse for ans\u00f8gere\" href=\"https:\/\/www.holz-automation.de\/de\/datenschutz\/datenschutz-fuer-bewerber\/\">\u00bb Databeskyttelse for ans\u00f8gere via HRworks-ans\u00f8gningsportalen<\/a><\/strong><\/p>\n<\/div><div class=\"fusion-clearfix\"><\/div><\/div><\/div><\/div><\/div>\n","protected":false},"excerpt":{"rendered":"","protected":false},"author":1,"featured_media":0,"parent":0,"menu_order":0,"comment_status":"closed","ping_status":"closed","template":"100-width.php","meta":{"_exactmetrics_skip_tracking":false,"_exactmetrics_sitenote_active":false,"_exactmetrics_sitenote_note":"","_exactmetrics_sitenote_category":0,"footnotes":""},"class_list":["post-14355","page","type-page","status-publish","hentry"],"_links":{"self":[{"href":"https:\/\/www.holz-automation.de\/da\/wp-json\/wp\/v2\/pages\/14355","targetHints":{"allow":["GET"]}}],"collection":[{"href":"https:\/\/www.holz-automation.de\/da\/wp-json\/wp\/v2\/pages"}],"about":[{"href":"https:\/\/www.holz-automation.de\/da\/wp-json\/wp\/v2\/types\/page"}],"author":[{"embeddable":true,"href":"https:\/\/www.holz-automation.de\/da\/wp-json\/wp\/v2\/users\/1"}],"replies":[{"embeddable":true,"href":"https:\/\/www.holz-automation.de\/da\/wp-json\/wp\/v2\/comments?post=14355"}],"version-history":[{"count":4,"href":"https:\/\/www.holz-automation.de\/da\/wp-json\/wp\/v2\/pages\/14355\/revisions"}],"predecessor-version":[{"id":14383,"href":"https:\/\/www.holz-automation.de\/da\/wp-json\/wp\/v2\/pages\/14355\/revisions\/14383"}],"wp:attachment":[{"href":"https:\/\/www.holz-automation.de\/da\/wp-json\/wp\/v2\/media?parent=14355"}],"curies":[{"name":"wp","href":"https:\/\/api.w.org\/{rel}","templated":true}]}}