{"id":16096,"date":"2026-04-09T07:18:04","date_gmt":"2026-04-09T05:18:04","guid":{"rendered":"https:\/\/www.holz-automation.de\/databeskyttelse-i-forbindelse-med-ansoegning\/"},"modified":"2026-04-15T08:23:28","modified_gmt":"2026-04-15T06:23:28","slug":"databeskyttelse-i-forbindelse-med-ansoegning","status":"publish","type":"page","link":"https:\/\/www.holz-automation.de\/da\/databeskyttelse-i-forbindelse-med-ansoegning\/","title":{"rendered":"Databeskyttelse i forbindelse med ans\u00f8gning"},"content":{"rendered":"<div class=\"fusion-fullwidth fullwidth-box fusion-builder-row-1 nonhundred-percent-fullwidth non-hundred-percent-height-scrolling\" style=\"--awb-border-radius-top-left:0px;--awb-border-radius-top-right:0px;--awb-border-radius-bottom-right:0px;--awb-border-radius-bottom-left:0px;--awb-padding-top:80px;--awb-padding-right:20px;--awb-padding-bottom:30px;--awb-padding-left:20px;--awb-margin-top:0px;--awb-margin-bottom:0px;--awb-flex-wrap:wrap;\" ><div class=\"fusion-builder-row fusion-row\"><div class=\"fusion-layout-column fusion_builder_column fusion-builder-column-0 fusion_builder_column_1_1 1_1 fusion-one-full fusion-column-first fusion-column-last\" style=\"--awb-bg-size:cover;--awb-margin-bottom:0px;\"><div class=\"fusion-column-wrapper fusion-column-has-shadow fusion-flex-column-wrapper-legacy\"><div class=\"fusion-title title fusion-title-1 fusion-sep-none fusion-title-text fusion-title-size-two\" style=\"--awb-text-color:#009ba8;--awb-margin-bottom:0px;--awb-margin-top-small:0px;--awb-margin-right-small:0px;--awb-margin-bottom-small:0px;--awb-margin-left-small:0px;\"><h2 class=\"fusion-title-heading title-heading-left fusion-responsive-typography-calculated\" style=\"margin:0;--fontSize:38;line-height:1.25;\">Databeskyttelse for ans\u00f8gere<\/h2><\/div><div class=\"fusion-sep-clear\"><\/div><div class=\"fusion-separator fusion-full-width-sep\" style=\"margin-left: auto;margin-right: auto;margin-top:19px;margin-bottom:19px;width:100%;max-width:100%;\"><\/div><div class=\"fusion-sep-clear\"><\/div><div class=\"fusion-title title fusion-title-2 fusion-sep-none fusion-title-text fusion-title-size-five\" style=\"--awb-text-color:#131e27;--awb-margin-bottom:0px;--awb-margin-top-small:0px;--awb-margin-right-small:0px;--awb-margin-bottom-small:0px;--awb-margin-left-small:0px;\"><h5 class=\"fusion-title-heading title-heading-left fusion-responsive-typography-calculated\" style=\"margin:0;--fontSize:25;--minFontSize:25;line-height:1.25;\">1. Generelt<\/h5><\/div><div class=\"fusion-text fusion-text-1\" style=\"--awb-text-transform:none;\"><p>HOLZ automation GmbH (i det f\u00f8lgende ben\u00e6vnt \u201dHOLZ\u201d) gl\u00e6der sig over din interesse for en ans\u00e6ttelse i vores virksomhed. Vi tager beskyttelsen af dine private data alvorligt, og vi \u00f8nsker, at du f\u00f8ler dig i gode h\u00e6nder, is\u00e6r i forbindelse med din ans\u00f8gning via video. Beskyttelse af dit privatliv ved behandling af personoplysninger er et vigtigt anliggende for os, som vi tager hensyn til i vores forretningsprocesser.<br \/>Afgivelse af personoplysninger via funktionen \u201dINDSTIL DIN VIDEO HER\u201d er hverken kontraktligt eller lovm\u00e6ssigt p\u00e5kr\u00e6vet, men er afg\u00f8rende for gennemf\u00f8relsen af ans\u00f8gningsprocessen via funktionen \u201dINDSTIL DIN VIDEO HER\u201d. Du er ikke forpligtet til at afgive personoplysninger i denne sammenh\u00e6ng. Hvis dette ikke sker, kan ans\u00f8gningsprocessen dog heller ikke igangs\u00e6ttes via funktionen \u201dINDSTIL DIN VIDEO HER\u201d. Alternativt har du dog altid mulighed for at indsende en ans\u00f8gning p\u00e5 traditionel vis med posten eller via funktionen \u201dVores direkte ans\u00f8ger-upload\u201d.     <\/p>\n<p>I det f\u00f8lgende informerer vi Dem om, hvilke personoplysninger der gemmes ved brug af funktionen \u201eINDS\u00c6T DIN VIDEO HER\u201c, og hvordan disse data anvendes. Denne databeskyttelseserkl\u00e6ring g\u00e6lder udelukkende for den ovenfor n\u00e6vnte funktionalitet samt for den efterf\u00f8lgende afregning af Deres rejseudgifter og er s\u00e5ledes et supplement til den generelle databeskyttelseserkl\u00e6ring, der kan findes i sidefoden (footer) p\u00e5 vores hjemmeside. <\/p>\n<p>Brug venligst tilstr\u00e6kkelig tid p\u00e5 at l\u00e6se denne meddelelse.<\/p>\n<\/div><div class=\"fusion-sep-clear\"><\/div><div class=\"fusion-separator fusion-full-width-sep\" style=\"margin-left: auto;margin-right: auto;margin-top:19px;margin-bottom:19px;width:100%;max-width:100%;\"><\/div><div class=\"fusion-sep-clear\"><\/div><div class=\"fusion-title title fusion-title-3 fusion-sep-none fusion-title-text fusion-title-size-five\" style=\"--awb-text-color:#131e27;--awb-margin-bottom:0px;--awb-margin-top-small:0px;--awb-margin-right-small:0px;--awb-margin-bottom-small:0px;--awb-margin-left-small:0px;\"><h5 class=\"fusion-title-heading title-heading-left fusion-responsive-typography-calculated\" style=\"margin:0;--fontSize:25;--minFontSize:25;line-height:1.25;\">2. Dataansvarlig<\/h5><\/div><div class=\"fusion-text fusion-text-2\"><p>HOLZ automation GmbH<br \/>\nDonaustra\u00dfe 23<br \/>\nD-71522 Backnang<\/p>\n<p>Tlf.: +49 (0) 7191 \/ 3432-0<br \/>\nFax: +49 (0) 7191 \/ 3432-299<br \/>\n&#98;&#x65;&#119;&#x65;&#114;&#x62;&#117;&#x6e;&#103;&#x40;&#104;&#x6f;&#108;&#x7a;&#45;&#x61;&#117;&#x74;&#111;&#x6d;&#97;&#x74;&#105;&#x6f;&#110;&#x2e;&#100;&#x65;<\/p>\n<\/div><div class=\"fusion-sep-clear\"><\/div><div class=\"fusion-separator fusion-full-width-sep\" style=\"margin-left: auto;margin-right: auto;margin-top:19px;margin-bottom:19px;width:100%;max-width:100%;\"><\/div><div class=\"fusion-sep-clear\"><\/div><div class=\"fusion-title title fusion-title-4 fusion-sep-none fusion-title-text fusion-title-size-five\" style=\"--awb-text-color:#131e27;--awb-margin-bottom:0px;--awb-margin-top-small:0px;--awb-margin-right-small:0px;--awb-margin-bottom-small:0px;--awb-margin-left-small:0px;\"><h5 class=\"fusion-title-heading title-heading-left fusion-responsive-typography-calculated\" style=\"margin:0;--fontSize:25;--minFontSize:25;line-height:1.25;\">3. Typer af data, der indsamles<\/h5><\/div><div class=\"fusion-text fusion-text-3\"><p>kan etablere en indirekte forbindelse til Deres person, s\u00e5som for- og efternavn, k\u00f8n, adresse, telefonnummer, f\u00f8dselsdato eller e-mailadresse.<\/p>\n<p>Vi behandler personoplysninger, der indsamles ved bes\u00f8g p\u00e5 vores hjemmesider, i overensstemmelse med databeskyttelsesbestemmelserne i det land, hvor den dataansvarlige er beliggende (Forbundsrepublikken Tyskland). Vores databeskyttelsespolitik er i \u00f8vrigt i overensstemmelse med den databeskyttelsespolitik, der g\u00e6lder for HOLZ. I forbindelse med en videoans\u00f8gning behandles forskellige typer af personoplysninger:  <\/p>\n<ul>\n<li>Indholdet af den indsendte video (f.eks. information om ans\u00f8gerens CV og motivation samt baggrundsbilledet); det er vigtigt for os udtrykkeligt at p\u00e5pege, at De i princippet frit kan beslutte, hvad De afsl\u00f8rer om Dem selv i Deres video, og vi r\u00e5der til bevidst og ansvarlig handling.<\/li>\n<li>Kommunikationsdata (f.eks. ans\u00f8gerens e-mailadresse eller mobilnummer)<\/li>\n<li>En henvisning til ans\u00f8gerens online tilstedev\u00e6relse p\u00e5 XING eller LinkedIn, hvis disse anvendes af ans\u00f8geren til identifikation af sin person.<\/li>\n<li>Information om ans\u00f8gerens professionelle karriere, som findes p\u00e5 XING eller LinkedIn, hvis ans\u00f8gerens online tilstedev\u00e6relse der anvendes af denne til identifikation af sin person.<\/li>\n<li>Andre oplysninger, som ans\u00f8geren indsender efter sin 15-sekunders ans\u00f8gning, eller som eftersp\u00f8rges direkte fra ans\u00f8geren (f.eks. eksamensbeviser, certifikater osv.)<\/li>\n<li>Eventuelt data om vurdering og bed\u00f8mmelse af en ans\u00f8ger i ans\u00f8gningsprocessen (ingen automatiseret beslutningstagning inklusive profilering)<\/li>\n<\/ul>\n<p>I forbindelse med Deres rejseudgiftsafregning behandles f\u00f8lgende personoplysninger:<\/p>\n<ul>\n<li>For- og efternavn (inkl. familienavn) p\u00e5 ans\u00f8geren<\/li>\n<li>Adressedata (f.eks. ans\u00f8gerens postadresse)<\/li>\n<li>Kommunikationsdata (f.eks. ans\u00f8gerens e-mailadresse og telefonnummer)<\/li>\n<li>Ans\u00f8gerens bankoplysninger<\/li>\n<li>Start og destination for rejsen<\/li>\n<\/ul>\n<\/div><div class=\"fusion-sep-clear\"><\/div><div class=\"fusion-separator fusion-full-width-sep\" style=\"margin-left: auto;margin-right: auto;margin-top:19px;margin-bottom:19px;width:100%;max-width:100%;\"><\/div><div class=\"fusion-sep-clear\"><\/div><div class=\"fusion-title title fusion-title-5 fusion-sep-none fusion-title-text fusion-title-size-five\" style=\"--awb-text-color:#131e27;--awb-margin-bottom:0px;--awb-margin-top-small:0px;--awb-margin-right-small:0px;--awb-margin-bottom-small:0px;--awb-margin-left-small:0px;\"><h5 class=\"fusion-title-heading title-heading-left fusion-responsive-typography-calculated\" style=\"margin:0;--fontSize:25;--minFontSize:25;line-height:1.25;\">4. Form\u00e5l med personoplysningerne<\/h5><\/div><div class=\"fusion-text fusion-text-4\"><p>N\u00e5r De bruger funktionen \u201eINDS\u00c6T DIN VIDEO HER\u201c p\u00e5 vores hjemmeside, indsamles personoplysninger via en softwareplatform, der drives af en omhyggeligt udvalgt ekstern tjenesteudbyder, som er forpligtet til at overholde de relevante databeskyttelsesbestemmelser, og som desuden st\u00f8tter HOLZ i forbindelse med personaleudv\u00e6lgelsen. Data indsamlet via funktionen \u201eINDS\u00c6T DIN VIDEO HER\u201c lagres hos 1&amp;1 IONOS SE (Elgendorfer Str. 57, 56410 Montabaur). Denne tjenesteudbyder er ogs\u00e5 omhyggeligt udvalgt og databeskyttelsesretligt forpligtet. De personoplysninger, der indsamles i forbindelse med en ans\u00f8gning, anvendes principielt kun til behandling af de indsendte ans\u00f8gninger og bes\u00e6ttelse af de opsl\u00e5ede stillinger samt til afregning af Deres rejseudgifter. En yderligere anvendelse af disse data ville kun finde sted, hvis og i det omfang det er n\u00f8dvendigt for at opfylde en lovm\u00e6ssig forpligtelse og\/eller for at beskytte retlige krav. Ans\u00f8geres tilstedev\u00e6relse p\u00e5 sociale netv\u00e6rk (XING og LinkedIn) anvendes efter ans\u00f8gerens anmodning til personlig identifikation. De oplysninger om ans\u00f8gerens professionelle karriere, der findes der, kan desuden anvendes til at supplere indholdet af ans\u00f8gningsvideoen. En yderligere indholdsm\u00e6ssig analyse af disse ans\u00f8geres tilstedev\u00e6relse finder ikke sted. Efter fuldst\u00e6ndig afslutning af ans\u00f8gningsprocessen begr\u00e6nses behandlingen f\u00f8rst; hvis der ikke l\u00e6ngere er opbevaringsfrister og -forpligtelser, f\u00f8lger sletning.<\/p>\n<\/div><div class=\"fusion-sep-clear\"><\/div><div class=\"fusion-separator fusion-full-width-sep\" style=\"margin-left: auto;margin-right: auto;margin-top:19px;margin-bottom:19px;width:100%;max-width:100%;\"><\/div><div class=\"fusion-sep-clear\"><\/div><div class=\"fusion-title title fusion-title-6 fusion-sep-none fusion-title-text fusion-title-size-five\" style=\"--awb-text-color:#131e27;--awb-margin-bottom:0px;--awb-margin-top-small:0px;--awb-margin-right-small:0px;--awb-margin-bottom-small:0px;--awb-margin-left-small:0px;\"><h5 class=\"fusion-title-heading title-heading-left fusion-responsive-typography-calculated\" style=\"margin:0;--fontSize:25;--minFontSize:25;line-height:1.25;\">5. Retsgrundlag for brug af Deres data<\/h5><\/div><div class=\"fusion-text fusion-text-5\"><p>a. I det omfang De har givet os samtykke til behandling af Deres personoplysninger, udg\u00f8r dette retsgrundlaget for behandlingen (artikel 6, stk. 1, litra a i GDPR).<\/p>\n<p>b. For behandling af personoplysninger med henblik p\u00e5 indg\u00e5else eller opfyldelse af en kontrakt med Dem er artikel 6, stk. 1, litra b i GDPR retsgrundlaget. <\/p>\n<p>c. I det omfang behandlingen af Deres personoplysninger er n\u00f8dvendig for at opfylde vores retlige forpligtelser (f.eks. til opbevaring af data), er vi bemyndiget hertil i henhold til artikel 6, stk. 1, litra c i GDPR. <\/p>\n<p>d. Desuden behandler vi personoplysninger med henblik p\u00e5 at varetage vores legitime interesser samt legitime interesser hos tredjeparter i henhold til artikel 6, stk. 1, litra f i GDPR. Bevarelse af funktionaliteten af vores IT-systemer, (direkte) markedsf\u00f8ring af egne og tredjeparters produkter og tjenester samt den retligt p\u00e5kr\u00e6vede dokumentation af forretningskontakter er s\u00e5danne legitime interesser. I forbindelse med den n\u00f8dvendige interesseafvejning tager vi is\u00e6r hensyn til typen af personoplysninger, behandlingsform\u00e5let, behandlingsomst\u00e6ndighederne og Deres interesse i fortroligheden af Deres personoplysninger.   <\/p>\n<\/div><div class=\"fusion-sep-clear\"><\/div><div class=\"fusion-separator fusion-full-width-sep\" style=\"margin-left: auto;margin-right: auto;margin-top:19px;margin-bottom:19px;width:100%;max-width:100%;\"><\/div><div class=\"fusion-sep-clear\"><\/div><div class=\"fusion-title title fusion-title-7 fusion-sep-none fusion-title-text fusion-title-size-five\" style=\"--awb-text-color:#131e27;--awb-margin-bottom:0px;--awb-margin-top-small:0px;--awb-margin-right-small:0px;--awb-margin-bottom-small:0px;--awb-margin-left-small:0px;\"><h5 class=\"fusion-title-heading title-heading-left fusion-responsive-typography-calculated\" style=\"margin:0;--fontSize:25;--minFontSize:25;line-height:1.25;\">6. Videregivelse af Deres data til tredjeparter; brug af tjenesteudbydere<\/h5><\/div><div class=\"fusion-text fusion-text-6\"><p>De data, der indsamles i forbindelse med ans\u00f8gningsprocessen, videregives principielt ikke til tredjeparter. Noget andet ville kun g\u00e6lde, hvis og i det omfang det er n\u00f8dvendigt for at opfylde en lovm\u00e6ssig forpligtelse og\/eller for at beskytte retlige krav. Videregivelse af Deres data til vores omhyggeligt udvalgte tjenesteudbydere sker kun i forbindelse med ans\u00f8gningsprocessen, som beskrevet i \u00a7 5.  <\/p>\n<\/div><div class=\"fusion-sep-clear\"><\/div><div class=\"fusion-separator fusion-full-width-sep\" style=\"margin-left: auto;margin-right: auto;margin-top:19px;margin-bottom:19px;width:100%;max-width:100%;\"><\/div><div class=\"fusion-sep-clear\"><\/div><div class=\"fusion-title title fusion-title-8 fusion-sep-none fusion-title-text fusion-title-size-five\" style=\"--awb-text-color:#131e27;--awb-margin-bottom:0px;--awb-margin-top-small:0px;--awb-margin-right-small:0px;--awb-margin-bottom-small:0px;--awb-margin-left-small:0px;\"><h5 class=\"fusion-title-heading title-heading-left fusion-responsive-typography-calculated\" style=\"margin:0;--fontSize:25;--minFontSize:25;line-height:1.25;\">7. Overf\u00f8rsel af Deres data til udlandet<\/h5><\/div><div class=\"fusion-text fusion-text-7\"><p>HOLZ opererer globalt. Deres data behandles til dels ogs\u00e5 i lande uden for Den Europ\u00e6iske Union (\u201eEU\u201c) eller Det Europ\u00e6iske \u00d8konomiske Samarbejdsomr\u00e5de (\u201eE\u00d8S\u201c). I disse tilf\u00e6lde sikrer vi f.eks. via kontraktlige aftaler med vores forretningspartnere eller tjenesteudbydere, at et tilstr\u00e6kkeligt databeskyttelsesniveau for Deres data er garanteret, eller vi beder Dem om Deres udtrykkelige samtykke.  <\/p>\n<p>a. Ved brug af tjenesteudbydere og sporing kan personoplysninger overf\u00f8res til modtagere i lande uden for Den Europ\u00e6iske Union, Island, Liechtenstein og Norge (= Det Europ\u00e6iske \u00d8konomiske Samarbejdsomr\u00e5de) og behandles der, is\u00e6r i USA og Indien.<\/p>\n<p>b. I f\u00f8lgende lande er der fra EU&#8217;s synspunkt et tilstr\u00e6kkeligt beskyttelsesniveau for behandling af personoplysninger, der svarer til EU-standarderne (s\u00e5kaldt tilstr\u00e6kkelighedsbeslutning): Andorra, Argentina, Canada (begr\u00e6nset), F\u00e6r\u00f8erne, Guernsey, Israel, Isle of Man, Japan, Jersey, New Zealand, Schweiz, Uruguay. Med modtagere i andre lande aftaler vi anvendelse af EU-standardkontraktbestemmelser, bindende virksomhedsregler eller EU-US hhv. Swiss-US Privacy Shield for at skabe et \u201epassende beskyttelsesniveau\u201c i overensstemmelse med lovkravene. Oplysninger herom stiller vi gerne til Deres r\u00e5dighed via de ovenfor n\u00e6vnte kontaktoplysninger.  <\/p>\n<\/div><div class=\"fusion-sep-clear\"><\/div><div class=\"fusion-separator fusion-full-width-sep\" style=\"margin-left: auto;margin-right: auto;margin-top:19px;margin-bottom:19px;width:100%;max-width:100%;\"><\/div><div class=\"fusion-sep-clear\"><\/div><div class=\"fusion-title title fusion-title-9 fusion-sep-none fusion-title-text fusion-title-size-five\" style=\"--awb-text-color:#131e27;--awb-margin-bottom:0px;--awb-margin-top-small:0px;--awb-margin-right-small:0px;--awb-margin-bottom-small:0px;--awb-margin-left-small:0px;\"><h5 class=\"fusion-title-heading title-heading-left fusion-responsive-typography-calculated\" style=\"margin:0;--fontSize:25;--minFontSize:25;line-height:1.25;\">8. Brug af cookies og anvendelse af Google Analytics<\/h5><\/div><div class=\"fusion-text fusion-text-8\"><p>N\u00e5r De bes\u00f8ger vores hjemmeside, bruger vi cookies og andre sporingsv\u00e6rkt\u00f8jer. Mere information herom finder De i vores cookiepolitik.<br \/>\nDesuden sker der, som tidligere n\u00e6vnt, i tilf\u00e6lde af en videoans\u00f8gning en viderestilling til vores tjenesteudbyders softwareplatform, som anvender Google Analytics. Anvendelsen sker analogt med beskrivelsen under \u00a7 10 i de generelle databeskyttelsesoplysninger (inds\u00e6t link), og de tilsvarende bestemmelser g\u00e6lder.  <\/p>\n<\/div><div class=\"fusion-sep-clear\"><\/div><div class=\"fusion-separator fusion-full-width-sep\" style=\"margin-left: auto;margin-right: auto;margin-top:19px;margin-bottom:19px;width:100%;max-width:100%;\"><\/div><div class=\"fusion-sep-clear\"><\/div><div class=\"fusion-title title fusion-title-10 fusion-sep-none fusion-title-text fusion-title-size-five\" style=\"--awb-text-color:#131e27;--awb-margin-bottom:0px;--awb-margin-top-small:0px;--awb-margin-right-small:0px;--awb-margin-bottom-small:0px;--awb-margin-left-small:0px;\"><h5 class=\"fusion-title-heading title-heading-left fusion-responsive-typography-calculated\" style=\"margin:0;--fontSize:25;--minFontSize:25;line-height:1.25;\">9. Opbevaring af data<\/h5><\/div><div class=\"fusion-text fusion-text-9\"><p>Vi sletter Deres personoplysninger, s\u00e5 snart form\u00e5let, hvortil vi har indsamlet og behandlet dataene, bortfalder. Ud over dette tidspunkt finder opbevaring kun sted, i det omfang det er n\u00f8dvendigt i henhold til love, forordninger eller andre retsforskrifter, som vi er underlagt, i EU eller i henhold til retsforskrifter i tredjelande, hvis der i hvert enkelt tilf\u00e6lde er et passende databeskyttelsesniveau. Hvis sletning i et enkelt tilf\u00e6lde ikke er mulig, markeres de tilsvarende personoplysninger med det form\u00e5l at begr\u00e6nse Deres fremtidige behandling.  <\/p>\n<p>Varigheden af datalagringen er:<\/p>\n<ul>\n<li>ved etablering af et ans\u00e6ttelsesforhold ti \u00e5r fra ans\u00e6ttelsesforholdets oph\u00f8r<\/li>\n<li>ved afslag p\u00e5 en ans\u00f8gning tre m\u00e5neder fra afslagets meddelelse<\/li>\n<li>ved rejseudgiftsafregninger ti \u00e5r fra modtagelse af rejseudgiftsafregningen<\/li>\n<\/ul>\n<\/div><div class=\"fusion-sep-clear\"><\/div><div class=\"fusion-separator fusion-full-width-sep\" style=\"margin-left: auto;margin-right: auto;margin-top:19px;margin-bottom:19px;width:100%;max-width:100%;\"><\/div><div class=\"fusion-sep-clear\"><\/div><div class=\"fusion-title title fusion-title-11 fusion-sep-none fusion-title-text fusion-title-size-five\" style=\"--awb-text-color:#131e27;--awb-margin-bottom:0px;--awb-margin-top-small:0px;--awb-margin-right-small:0px;--awb-margin-bottom-small:0px;--awb-margin-left-small:0px;\"><h5 class=\"fusion-title-heading title-heading-left fusion-responsive-typography-calculated\" style=\"margin:0;--fontSize:25;--minFontSize:25;line-height:1.25;\">10. Sikker dataoverf\u00f8rsel<\/h5><\/div><div class=\"fusion-text fusion-text-10\"><p>Vi anvender passende tekniske og organisatoriske sikkerhedsforanstaltninger for at beskytte Deres data mod tilf\u00e6ldig eller fors\u00e6tlig manipulation, delvist eller fuldst\u00e6ndigt tab, \u00f8del\u00e6ggelse eller uautoriseret adgang fra tredjeparter. Vores sikkerhedsforanstaltninger forbedres l\u00f8bende i takt med den teknologiske udvikling. <\/p>\n<\/div><div class=\"fusion-sep-clear\"><\/div><div class=\"fusion-separator fusion-full-width-sep\" style=\"margin-left: auto;margin-right: auto;margin-top:19px;margin-bottom:19px;width:100%;max-width:100%;\"><\/div><div class=\"fusion-sep-clear\"><\/div><div class=\"fusion-title title fusion-title-12 fusion-sep-none fusion-title-text fusion-title-size-five\" style=\"--awb-text-color:#131e27;--awb-margin-bottom:0px;--awb-margin-top-small:0px;--awb-margin-right-small:0px;--awb-margin-bottom-small:0px;--awb-margin-left-small:0px;\"><h5 class=\"fusion-title-heading title-heading-left fusion-responsive-typography-calculated\" style=\"margin:0;--fontSize:25;--minFontSize:25;line-height:1.25;\">11. Registreredes rettigheder og klageret til en tilsynsmyndighed<\/h5><\/div><div class=\"fusion-text fusion-text-11\"><p>Som registreret har De ret til indsigt (artikel 15 i GDPR), berigtigelse (artikel 16 i GDPR), sletning af data (artikel 17 i GDPR), begr\u00e6nsning af behandling (artikel 18 i GDPR) samt dataportabilitet (artikel 20 i GDPR).<\/p>\n<p>Hvis De har givet samtykke til vores behandling af Deres personoplysninger, har De ret til at tr\u00e6kke samtykket tilbage n\u00e5r som helst. Lovligheden af behandlingen af Deres personoplysninger indtil en tilbagekaldelse p\u00e5virkes ikke af tilbagekaldelsen. Ligeledes up\u00e5virket forbliver en yderligere behandling af disse data p\u00e5 grundlag af et andet retsgrundlag, f.eks. for at opfylde retlige forpligtelser (jf. afsnittet \u201eRetsgrundlag for behandlingen\u201c).  <\/p>\n<\/div><div class=\"fusion-sep-clear\"><\/div><div class=\"fusion-separator fusion-full-width-sep\" style=\"margin-left: auto;margin-right: auto;margin-top:19px;margin-bottom:19px;width:100%;max-width:100%;\"><\/div><div class=\"fusion-sep-clear\"><\/div><div class=\"fusion-clearfix\"><\/div><\/div><\/div><\/div><\/div>\n","protected":false},"excerpt":{"rendered":"","protected":false},"author":1,"featured_media":0,"parent":0,"menu_order":0,"comment_status":"closed","ping_status":"closed","template":"100-width.php","meta":{"_exactmetrics_skip_tracking":false,"_exactmetrics_sitenote_active":false,"_exactmetrics_sitenote_note":"","_exactmetrics_sitenote_category":0,"footnotes":""},"class_list":["post-16096","page","type-page","status-publish","hentry"],"_links":{"self":[{"href":"https:\/\/www.holz-automation.de\/da\/wp-json\/wp\/v2\/pages\/16096","targetHints":{"allow":["GET"]}}],"collection":[{"href":"https:\/\/www.holz-automation.de\/da\/wp-json\/wp\/v2\/pages"}],"about":[{"href":"https:\/\/www.holz-automation.de\/da\/wp-json\/wp\/v2\/types\/page"}],"author":[{"embeddable":true,"href":"https:\/\/www.holz-automation.de\/da\/wp-json\/wp\/v2\/users\/1"}],"replies":[{"embeddable":true,"href":"https:\/\/www.holz-automation.de\/da\/wp-json\/wp\/v2\/comments?post=16096"}],"version-history":[{"count":12,"href":"https:\/\/www.holz-automation.de\/da\/wp-json\/wp\/v2\/pages\/16096\/revisions"}],"predecessor-version":[{"id":18866,"href":"https:\/\/www.holz-automation.de\/da\/wp-json\/wp\/v2\/pages\/16096\/revisions\/18866"}],"wp:attachment":[{"href":"https:\/\/www.holz-automation.de\/da\/wp-json\/wp\/v2\/media?parent=16096"}],"curies":[{"name":"wp","href":"https:\/\/api.w.org\/{rel}","templated":true}]}}