{"id":4785,"date":"2020-05-08T09:10:23","date_gmt":"2020-05-08T07:10:23","guid":{"rendered":"https:\/\/holz.wenzel-werbeagentur.de\/?page_id=4785"},"modified":"2026-04-08T11:15:48","modified_gmt":"2026-04-08T09:15:48","slug":"50-jahre","status":"publish","type":"page","link":"https:\/\/www.holz-automation.de\/de\/50-jahre\/","title":{"rendered":"50 Jahre"},"content":{"rendered":"<div class=\"fusion-fullwidth fullwidth-box fusion-builder-row-1 nonhundred-percent-fullwidth non-hundred-percent-height-scrolling\" style=\"--awb-border-radius-top-left:0px;--awb-border-radius-top-right:0px;--awb-border-radius-bottom-right:0px;--awb-border-radius-bottom-left:0px;--awb-padding-top:80px;--awb-padding-right:20px;--awb-padding-bottom:60px;--awb-padding-left:20px;--awb-margin-top:0px;--awb-margin-bottom:0px;--awb-background-color:#ffffff;--awb-flex-wrap:wrap;\" ><div class=\"fusion-builder-row fusion-row\"><div class=\"fusion-layout-column fusion_builder_column fusion-builder-column-0 fusion_builder_column_1_1 1_1 fusion-one-full fusion-column-first fusion-column-last\" style=\"--awb-bg-size:cover;--awb-margin-bottom:0px;\"><div class=\"fusion-column-wrapper fusion-column-has-shadow fusion-flex-column-wrapper-legacy\"><div class=\"fusion-title title fusion-title-1 fusion-sep-none fusion-title-center fusion-title-text fusion-title-size-five\" style=\"--awb-text-color:#131e27;--awb-margin-bottom:0px;--awb-margin-top-small:0px;--awb-margin-right-small:0px;--awb-margin-bottom-small:0px;--awb-margin-left-small:0px;\"><h5 class=\"fusion-title-heading title-heading-center fusion-responsive-typography-calculated\" style=\"margin:0;--fontSize:25;--minFontSize:25;line-height:1.25;\">HOLZ automation<\/h5><\/div><div class=\"fusion-sep-clear\"><\/div><div class=\"fusion-separator fusion-full-width-sep\" style=\"margin-left: auto;margin-right: auto;margin-top:5px;margin-bottom:5px;width:100%;max-width:100%;\"><\/div><div class=\"fusion-sep-clear\"><\/div><div class=\"fusion-title title fusion-title-2 fusion-sep-none fusion-title-center fusion-title-text fusion-title-size-one\" style=\"--awb-text-color:#009ba8;--awb-margin-bottom:0px;--awb-margin-top-small:0px;--awb-margin-right-small:0px;--awb-margin-bottom-small:0px;--awb-margin-left-small:0px;--awb-font-size:3REM;\"><h1 class=\"fusion-title-heading title-heading-center fusion-responsive-typography-calculated\" style=\"margin:0;font-size:1em;--fontSize:18;--minFontSize:18;line-height:1.25;\">Wir feiern Jubil\u00e4um!<\/h1><\/div><div class=\"fusion-sep-clear\"><\/div><div class=\"fusion-separator fusion-full-width-sep\" style=\"margin-left: auto;margin-right: auto;margin-top:19px;margin-bottom:19px;width:100%;max-width:100%;\"><\/div><div class=\"fusion-sep-clear\"><\/div><div class=\"fusion-title title fusion-title-3 fusion-sep-none fusion-title-center fusion-title-text fusion-title-size-five\" style=\"--awb-text-color:#009ba8;--awb-margin-bottom:0px;--awb-margin-top-small:0px;--awb-margin-right-small:0px;--awb-margin-bottom-small:0px;--awb-margin-left-small:0px;\"><h5 class=\"fusion-title-heading title-heading-center fusion-responsive-typography-calculated\" style=\"margin:0;--fontSize:25;--minFontSize:25;line-height:1.25;\">Seit 50 Jahren mit Begeisterung bei der Sache<\/h5><\/div><div class=\"fusion-sep-clear\"><\/div><div class=\"fusion-separator fusion-full-width-sep\" style=\"margin-left: auto;margin-right: auto;margin-top:15px;margin-bottom:15px;width:100%;max-width:100%;\"><\/div><div class=\"fusion-sep-clear\"><\/div><div class=\"fusion-text fusion-text-1\"><p style=\"text-align: center;\">Im Jahr 2020 gibt es bei HOLZ automation allen Grund zu feiern \u2013 denn der einstige kleine Werkzeugbau-Einzelbetrieb schaut auf ein halbes Jahrhundert Firmengeschichte zur\u00fcck. Heute sind wir ein international erfolgreich agierender Spezialist f\u00fcr Automatisierung mit 75 Mitarbeiterinnen und Mitarbeitern \u2013 doch bei der Gr\u00fcndung unseres Familienunternehmens im Jahr 1970 sah das noch v\u00f6llig anders aus \u2013 unser Gr\u00fcnder Manfred Holz arbeitete seinerzeit alleine in der kleinen Garage seines neu erbauten Einfamilienhauses\u2026 Das macht deutlich, dass sich in den letzten 50 Jahren einiges getan hat! Deshalb m\u00f6chten wir zu unserem Jubil\u00e4um innehalten und zur\u00fcckschauen auf die Entwicklungen, die uns letztendlich zu dem gemacht haben, was wir heute sind: ein schw\u00e4bisches Familienunternehmen mit Vorausdenkern und T\u00fcftlerinnen, die mit Begeisterung bei der Sache sind.<\/p>\n<\/div><div class=\"fusion-sep-clear\"><\/div><div class=\"fusion-separator fusion-full-width-sep\" style=\"margin-left: auto;margin-right: auto;margin-top:15px;margin-bottom:15px;width:100%;max-width:100%;\"><\/div><div class=\"fusion-sep-clear\"><\/div><div class=\"fusion-clearfix\"><\/div><\/div><\/div><div class=\"fusion-layout-column fusion_builder_column fusion-builder-column-1 fusion_builder_column_1_1 1_1 fusion-one-full fusion-column-first fusion-column-last\" style=\"--awb-bg-size:cover;--awb-margin-bottom:0px;\"><div class=\"fusion-column-wrapper fusion-column-has-shadow fusion-flex-column-wrapper-legacy\"><div class=\"accordian fusion-accordian\" style=\"--awb-border-size:0px;--awb-icon-size:25px;--awb-content-font-size:18px;--awb-icon-alignment:left;--awb-hover-color:#f5f5f5;--awb-border-color:#cccccc;--awb-background-color:#ebebeb;--awb-divider-color:#e0dede;--awb-divider-hover-color:#e0dede;--awb-icon-color:#000000;--awb-title-color:#009ba8;--awb-content-color:#131e27;--awb-icon-box-color:#333333;--awb-toggle-hover-accent-color:#009ba8;--awb-title-font-family:&quot;Poppins&quot;;--awb-title-font-weight:300;--awb-title-font-style:normal;--awb-title-font-size:25px;--awb-content-font-family:&quot;Poppins&quot;;--awb-content-font-style:normal;--awb-content-font-weight:300;\"><div class=\"panel-group fusion-toggle-icon-unboxed\" id=\"accordion-4785-1\"><div class=\"fusion-panel panel-default panel-b78d010dbae3a9cfd fusion-toggle-no-divider fusion-toggle-boxed-mode\"><div class=\"panel-heading\"><h4 class=\"panel-title toggle\" id=\"toggle_b78d010dbae3a9cfd\"><a aria-expanded=\"false\" aria-controls=\"b78d010dbae3a9cfd\" role=\"button\" data-toggle=\"collapse\" data-parent=\"#accordion-4785-1\" data-target=\"#b78d010dbae3a9cfd\" href=\"#b78d010dbae3a9cfd\"><span class=\"fusion-toggle-icon-wrapper\" aria-hidden=\"true\"><i class=\"fa-fusion-box active-icon awb-icon-minus\" aria-hidden=\"true\"><\/i><i class=\"fa-fusion-box inactive-icon awb-icon-plus\" aria-hidden=\"true\"><\/i><\/span><span class=\"fusion-toggle-heading\">Meilensteine der Firma HOLZ automation \u00bb Hier erfahren Sie mehr!<\/span><\/a><\/h4><\/div><div id=\"b78d010dbae3a9cfd\" class=\"panel-collapse collapse \" aria-labelledby=\"toggle_b78d010dbae3a9cfd\"><div class=\"panel-body toggle-content fusion-clearfix\">\n<p>Sieben Jahre hat die \u00bbManfred Holz Werkzeugbau\u00ab von der der Holz\u2018schen Garage in Maubach aus agiert und sich in der Zeit bereits einen Ruf als besonders kompetenter Partner erarbeiten k\u00f6nnen. Gro\u00dfe Kunden wie Mahle, Bosch und Stihl vertrauten schon damals auf Holz. So kam es, dass im Jahr 1977 der Umzug in den Werkstattanbau stattfinden konnte \u2013 mitsamt den drei zu dem Zeitpunkt angestellten Facharbeitern.<\/p>\n<p>Im Jahr 1983 begann eine Entwicklung weg vom reinen Werkzeugbau hin zum Fertigungsbetrieb \u2013 die erste CNC-Maschine wurde angeschafft!<\/p>\n<p>Die Nachwuchsf\u00f6rderung lag Holz bereits damals am Herzen \u2013 nur drei Jahre sp\u00e4ter, 1986, machte der erste Lehrling Jens Traub seinen Ausbildungsbetrieb sehr stolz, denn er schloss seine Ausbildung als drittbester des Landes Baden-W\u00fcrttemberg ab \u2013 ein aussagekr\u00e4ftiges Signal!<\/p>\n<p>Ein weiteres starkes Signal folgte kurz darauf, im Jahr 1987: die Zusammenarbeit mit dem Tuningspezialisten AMG kam zustande. Hier war Holz ab sofort zust\u00e4ndig f\u00fcr die Bearbeitung von Motorbl\u00f6cken.<\/p>\n<p>Nach all den erfreulichen Entwicklungen der ersten 18 Jahre waren aber auch R\u00fcckschl\u00e4ge zu verkraften \u2013 im Jahr 1988 kam es zum Magnesiumbrand in der Werkstatt, der nicht nur die damals zwei neuen CNC-Maschinen, sondern auch gro\u00dfe Teile der Einrichtung schwer besch\u00e4digte. Doch durch das schnelle, beherzte Handeln aller Beteiligten wurde das Schlimmste verhindert \u2013 zum Gl\u00fcck wurde niemand gravierend verletzt und auch der Produktionsausfall konnte gering gehalten werden.<\/p>\n<p>Nachdem sich Holz von diesem Ungl\u00fcck erholt hatte, strebte die Firma weiter nach oben \u2013 das neue Grundst\u00fcck im Industriegebiet Waldrems bei Backnang wurde erworben und eine neue, moderne und gro\u00dfz\u00fcgige Produktionshalle in nur acht Monaten fertiggestellt. Die Firma bezog zum 1. Mai 1991 den neuen Standort und wandelte sich mit diesem Schritt auch zur GmbH um!<\/p>\n<p>Und \u00fcberhaupt waren die 90er-Jahre f\u00fcr die Holz GmbH ein Erfolgs-Jahrzehnt, denn hier wurden bedeutsame Grundlagen f\u00fcr die weitere Entwicklung gelegt.<\/p>\n<p>Nicht nur, dass 1995 das erste gro\u00dfe Jubli\u00e4um \u2013 n\u00e4mlich 25 Jahre Holz \u2013 gefeiert werden konnte.<\/p>\n<p>Im Jahr 1996 gr\u00fcndete J\u00fcrgen Holz die \u00bbHolz engineering\u00ab \u2013 ein selbst\u00e4ndiges Konstruktionsb\u00fcro; im Jahr 1998 wurde die erste komplette Sondermaschine ausgeliefert: eine Diffusionsschwei\u00dfmaschine f\u00fcr Starteranker, und 1999 konnte Holz das erste Entwicklungsprojekt starten \u2013 dabei ging es um \u00bbautomatische Zuf\u00fchrung von biegeschlaffen Teilen\u00ab.<\/p>\n<p>In den 2000-ern entwickelte sich HOLZ zum Spezialisten f\u00fcr Sondermaschinen \u2013 HOLZ automation wird geboren<\/p>\n<p>Die guten Nachrichten folgen in diesem Jahrzehnt Schlag auf Schlag: gro\u00dfe Auftr\u00e4ge von namhaften Kunden wie Bosch (an internationalen Standorten wie Belgien, USA, Tschechien), Porsche und die Daimler AG gehen ein, HOLZ pr\u00e4sentiert sich erstmals mit eigenem Messeauftritt, es folgt die Erstzertifizierung nach DIN EN ISO 9001:2000 und kurz darauf das Upgrade auf DIN EN ISO 9001:2008, \u2026<\/p>\n<p>Zu diesem Zeitpunkt hat HOLZ 36 Mitarbeiterinnen und Mitarbeiter \u2013 und feiert im Jahr 2010 das 40-j\u00e4hrige Jubil\u00e4um!<\/p>\n<p>Im Jahr 2014 haben wir noch einen gro\u00dfen Schritt in Richtung Zukunft gewagt und uns neu aufgestellt \u2013 wir haben in einen neuen Standort, herausragende Mitarbeiterinnen und Mitarbeiter und in eine moderne Arbeitsumgebung und -ausstattung investiert. Weil wir nicht nur dran bleiben, sondern vorausdenken wollen.<\/p>\n<p>Seither hat unsere Entwicklung noch mehr an Fahrt aufgenommen \u2013 wir k\u00f6nnen heute mit Fug und Recht behaupten, als ein gefragter Spezialisten und Full-Service Agentur im Bereich von Sondermaschinen und Automatisierungstechnik zu gelten \u2013 und unseren Werten und \u00dcberzeugungen trotzdem treu geblieben zu sein. Immer wieder werden wir darin best\u00e4rkt, dass wir auf dem richtigen Weg sind \u2013 denn wir sind Preistr\u00e4ger verschiedener Awards und Auszeichnungen, die uns und unser Team nat\u00fcrlich m\u00e4chtig stolz machen!<\/p>\n<p>In dieser Gewissheit erf\u00fcllt uns das 50-j\u00e4hrige Jubil\u00e4um mit Stolz und Dankbarkeit. Denn es gibt einige, ohne die wir heute nicht da w\u00e4ren, wo wir sind.<\/p>\n<\/div><\/div><\/div><\/div><\/div><div class=\"fusion-sep-clear\"><\/div><div class=\"fusion-separator fusion-full-width-sep\" style=\"margin-left: auto;margin-right: auto;margin-top:30px;margin-bottom:30px;width:100%;max-width:100%;\"><\/div><div class=\"fusion-sep-clear\"><\/div><div class=\"fusion-clearfix\"><\/div><\/div><\/div><div class=\"fusion-layout-column fusion_builder_column fusion-builder-column-2 fusion_builder_column_1_1 1_1 fusion-one-full fusion-column-first fusion-column-last\" style=\"--awb-bg-size:cover;--awb-margin-bottom:0px;\"><div class=\"fusion-column-wrapper fusion-column-has-shadow fusion-flex-column-wrapper-legacy\"><div class=\"fusion-title title fusion-title-4 fusion-sep-none fusion-title-center fusion-title-text fusion-title-size-five\" style=\"--awb-text-color:#009ba8;--awb-margin-bottom:0px;--awb-margin-top-small:0px;--awb-margin-right-small:0px;--awb-margin-bottom-small:0px;--awb-margin-left-small:0px;\"><h5 class=\"fusion-title-heading title-heading-center fusion-responsive-typography-calculated\" style=\"margin:0;--fontSize:25;--minFontSize:25;line-height:1.25;\">Es ist an der Zeit, DANKE zu sagen<\/h5><\/div><div class=\"fusion-sep-clear\"><\/div><div class=\"fusion-separator fusion-full-width-sep\" style=\"margin-left: auto;margin-right: auto;margin-top:15px;margin-bottom:15px;width:100%;max-width:100%;\"><\/div><div class=\"fusion-sep-clear\"><\/div><div class=\"fusion-text fusion-text-2\"><p style=\"text-align: center;\">Unsere 75 Mitarbeiterinnen und Mitarbeiter sind unser h\u00f6chstes Gut und unser ganzer Stolz. Alle Abteilungen leisten Tag f\u00fcr Tag gro\u00dfartige Arbeit. Ganz egal ob Verwaltung, Technologie, Fertigung oder Montage, ob unsere Leute in Beschaffung und Logistik, unsere Auszubildenden, ob im Vertrieb oder in der Projektleitung \u2013 jede und jeder Einzelne leistet einen wichtigen Beitrag zum Erfolg unseres Unternehmens. Besonders hervorzuheben ist die Bereitschaft, \u00fcber die Grenzen der jeweiligen Abteilung, Zust\u00e4ndigkeiten und Themenfelder hinweg zu denken. Keiner ist festgefahren, alle sind stets offen f\u00fcr neue Ideen und ungew\u00f6hnliche Denkweisen. Wir sind stolz darauf, so viele kompetente Menschen in unserem Team zu wissen \u2013 und deshalb sagen wir DANKE! Danke f\u00fcr Treue, f\u00fcr Mitarbeit, f\u00fcr Engagement und f\u00fcr die Bereitschaft, mit uns gemeinsam begeistert zu sein!<\/p>\n<p style=\"text-align: center;\">Ein ebenso gro\u00dfer Dank geb\u00fchrt nat\u00fcrlich unseren Kundinnen und Kunden, die uns immer wieder ihr Vertrauen schenken und gemeinsam mit uns erfolgreiche Projekte auf den Weg bringen und umsetzen. Unsere gemeinsamen Erfolge und die wertsch\u00e4tzende Zusammenarbeit motivieren uns stets aufs Neue! Es ist wunderbar, dass unsere Kundinnen und Kunden unseren Spirit teilen und mit uns gemeinsam mutig vorausdenken. Wir versprechen, dass wir auch weiterhin nicht eher ruhen, ehe ein Projekt nicht f\u00fcr alle Beteiligten vollumf\u00e4nglich zufriedenstellend und begeisternd abgeschlossen ist!<\/p>\n<\/div><div class=\"fusion-sep-clear\"><\/div><div class=\"fusion-separator fusion-full-width-sep\" style=\"margin-left: auto;margin-right: auto;margin-top:15px;margin-bottom:15px;width:100%;max-width:100%;\"><\/div><div class=\"fusion-sep-clear\"><\/div><div class=\"fusion-clearfix\"><\/div><\/div><\/div><div class=\"fusion-layout-column fusion_builder_column fusion-builder-column-3 fusion_builder_column_1_1 1_1 fusion-one-full fusion-column-first fusion-column-last\" style=\"--awb-bg-size:cover;--awb-margin-bottom:0px;\"><div class=\"fusion-column-wrapper fusion-column-has-shadow fusion-flex-column-wrapper-legacy\"><div class=\"fusion-title title fusion-title-5 fusion-sep-none fusion-title-center fusion-title-text fusion-title-size-five\" style=\"--awb-text-color:#009ba8;--awb-margin-bottom:0px;--awb-margin-top-small:0px;--awb-margin-right-small:0px;--awb-margin-bottom-small:0px;--awb-margin-left-small:0px;\"><h5 class=\"fusion-title-heading title-heading-center fusion-responsive-typography-calculated\" style=\"margin:0;--fontSize:25;--minFontSize:25;line-height:1.25;\">Unsere Motivation steigt mit dem Erfolg<\/h5><\/div><div class=\"fusion-sep-clear\"><\/div><div class=\"fusion-separator fusion-full-width-sep\" style=\"margin-left: auto;margin-right: auto;margin-top:15px;margin-bottom:15px;width:100%;max-width:100%;\"><\/div><div class=\"fusion-sep-clear\"><\/div><div class=\"fusion-text fusion-text-3\"><p style=\"text-align: center;\">Wer zur\u00fcckblickt, sollte nicht vergessen, auch vorauszuschauen. Denn wir wissen, dass wir weiterhin dran bleiben m\u00fcssen, um auch zuk\u00fcnftig stark zu sein und zu bleiben. Und um das zu erreichen, tun wir alles, was in unserer Macht steht: Wir investieren in die Aus- und Weiterbildung unserer Mitarbeiterinnen und Mitarbeiter, wir bleiben dran am technischen Puls der Zeit und haben weiterhin keine Angst davor, \u00fcber den Tellerrand hinaus zu blicken. Auf unseren Lorbeeren auszuruhen, passt nicht zu uns \u2013 wir arbeiten auch in Zukunft motiviert, begeistert, schw\u00e4bisch, aber anders. Denn wir bei HOLZ m\u00f6gen keinen Stillstand, wir setzen auch k\u00fcnftig auf Fortschritt und Weiterentwicklung! In diesem Sinne: auf die n\u00e4chsten 50 Jahre HOLZ automation!<\/p>\n<p style=\"text-align: center;\">Vielen Dank an alle Wegbegleiterinnen und Wegbegleiter!<\/p>\n<\/div><div class=\"fusion-sep-clear\"><\/div><div class=\"fusion-separator fusion-full-width-sep\" style=\"margin-left: auto;margin-right: auto;margin-top:15px;margin-bottom:15px;width:100%;max-width:100%;\"><\/div><div class=\"fusion-sep-clear\"><\/div><div class=\"fusion-clearfix\"><\/div><\/div><\/div><\/div><\/div>\n","protected":false},"excerpt":{"rendered":"","protected":false},"author":1,"featured_media":0,"parent":0,"menu_order":0,"comment_status":"closed","ping_status":"closed","template":"100-width.php","meta":{"_exactmetrics_skip_tracking":false,"_exactmetrics_sitenote_active":false,"_exactmetrics_sitenote_note":"","_exactmetrics_sitenote_category":0,"footnotes":""},"class_list":["post-4785","page","type-page","status-publish","hentry"],"_links":{"self":[{"href":"https:\/\/www.holz-automation.de\/de\/wp-json\/wp\/v2\/pages\/4785","targetHints":{"allow":["GET"]}}],"collection":[{"href":"https:\/\/www.holz-automation.de\/de\/wp-json\/wp\/v2\/pages"}],"about":[{"href":"https:\/\/www.holz-automation.de\/de\/wp-json\/wp\/v2\/types\/page"}],"author":[{"embeddable":true,"href":"https:\/\/www.holz-automation.de\/de\/wp-json\/wp\/v2\/users\/1"}],"replies":[{"embeddable":true,"href":"https:\/\/www.holz-automation.de\/de\/wp-json\/wp\/v2\/comments?post=4785"}],"version-history":[{"count":0,"href":"https:\/\/www.holz-automation.de\/de\/wp-json\/wp\/v2\/pages\/4785\/revisions"}],"wp:attachment":[{"href":"https:\/\/www.holz-automation.de\/de\/wp-json\/wp\/v2\/media?parent=4785"}],"curies":[{"name":"wp","href":"https:\/\/api.w.org\/{rel}","templated":true}]}}