{"id":6499,"date":"2020-06-09T09:47:39","date_gmt":"2020-06-09T07:47:39","guid":{"rendered":"https:\/\/holz.wenzel-werbeagentur.de\/?page_id=6499"},"modified":"2021-03-05T13:16:36","modified_gmt":"2021-03-05T12:16:36","slug":"bildnachweise","status":"publish","type":"page","link":"https:\/\/www.holz-automation.de\/de\/bildnachweise\/","title":{"rendered":"Bildnachweise"},"content":{"rendered":"<div class=\"fusion-fullwidth fullwidth-box fusion-builder-row-1 nonhundred-percent-fullwidth non-hundred-percent-height-scrolling\" style=\"--awb-border-radius-top-left:0px;--awb-border-radius-top-right:0px;--awb-border-radius-bottom-right:0px;--awb-border-radius-bottom-left:0px;--awb-padding-top:80px;--awb-padding-right:20px;--awb-padding-bottom:30px;--awb-padding-left:20px;--awb-margin-top:0px;--awb-margin-bottom:0px;--awb-flex-wrap:wrap;\" ><div class=\"fusion-builder-row fusion-row\"><div class=\"fusion-layout-column fusion_builder_column fusion-builder-column-0 fusion_builder_column_1_1 1_1 fusion-one-full fusion-column-first fusion-column-last\" style=\"--awb-bg-size:cover;--awb-margin-bottom:0px;\"><div class=\"fusion-column-wrapper fusion-column-has-shadow fusion-flex-column-wrapper-legacy\"><div class=\"fusion-title title fusion-title-1 fusion-sep-none fusion-title-text fusion-title-size-five\" style=\"--awb-text-color:#131e27;--awb-margin-bottom:0px;--awb-margin-top-small:0px;--awb-margin-right-small:0px;--awb-margin-bottom-small:0px;--awb-margin-left-small:0px;\"><h5 class=\"fusion-title-heading title-heading-left fusion-responsive-typography-calculated\" style=\"margin:0;--fontSize:25;--minFontSize:25;line-height:1.25;\">Fotolia.de \/ Stock.Adobe.com<\/h5><\/div><div class=\"fusion-text fusion-text-1\"><p>ID 79241353 \u2013 Erbschaftssteuer \u00a9 eyetronic<br \/>\nID 51962992 \u2013 Car driving fast in tunnel \u00a9 zentilia<\/p>\n<\/div><div class=\"fusion-sep-clear\"><\/div><div class=\"fusion-separator fusion-full-width-sep\" style=\"margin-left: auto;margin-right: auto;margin-top:19px;margin-bottom:19px;width:100%;max-width:100%;\"><\/div><div class=\"fusion-sep-clear\"><\/div><div class=\"fusion-title title fusion-title-2 fusion-sep-none fusion-title-text fusion-title-size-five\" style=\"--awb-text-color:#131e27;--awb-margin-bottom:0px;--awb-margin-top-small:0px;--awb-margin-right-small:0px;--awb-margin-bottom-small:0px;--awb-margin-left-small:0px;\"><h5 class=\"fusion-title-heading title-heading-left fusion-responsive-typography-calculated\" style=\"margin:0;--fontSize:25;--minFontSize:25;line-height:1.25;\">iStockPhoto.com<\/h5><\/div><div class=\"fusion-text fusion-text-2\"><p>ID 466111840 \u2013 Gewissenhaften Architekten \u00a9 mediaphotos<br \/>\nID 1212818584 \u2013 Gruppe von Menschen in Form von Coronavirus Form. Covid-19 Infektionsepidemie oder Pandemie. \u00a9 arthobbit<br \/>\nID 1139875073 \u2013 Industrieller Drill auf dunklem Hintergrund \u00a9 EduardHarkonen<br \/>\nID 843440626 \u2013 3D-Rendering Beton Garage mit Sechseck-Muster \u00a9 BrilliantEye<\/p>\n<\/div><div class=\"fusion-sep-clear\"><\/div><div class=\"fusion-separator fusion-full-width-sep\" style=\"margin-left: auto;margin-right: auto;margin-top:19px;margin-bottom:19px;width:100%;max-width:100%;\"><\/div><div class=\"fusion-sep-clear\"><\/div><div class=\"fusion-title title fusion-title-3 fusion-sep-none fusion-title-text fusion-title-size-five\" style=\"--awb-text-color:#131e27;--awb-margin-bottom:0px;--awb-margin-top-small:0px;--awb-margin-right-small:0px;--awb-margin-bottom-small:0px;--awb-margin-left-small:0px;\"><h5 class=\"fusion-title-heading title-heading-left fusion-responsive-typography-calculated\" style=\"margin:0;--fontSize:25;--minFontSize:25;line-height:1.25;\">Shutterstock.de<\/h5><\/div><div class=\"fusion-text fusion-text-3\"><p>ID 1034490223 \u2013 Bild von jungen Touristen in Sonnenbrillen, das Informationen auf Internet-Websites auf&#8230; \u00a9 GaudiLab<br \/>\nID 1095174317 \u2013 Intelligente Fabrik und Industrie 4.0 und vernetzte Produktionsroboter tauschen Daten&#8230; \u00a9 everything possible<br \/>\nID 755617726 \u2013 Gl\u00fcckliches M\u00e4dchen. Nahaufnahme portrait gl\u00fcckliche junge brunette lockige Frau&#8230; \u00a9 HBRH<br \/>\nID 717765166 \u2013 Junge Gesch\u00e4ftsfrau sitzend am Tisch in Caf\u00e9 vor Laptop mit Einschreibung&#8230; \u00a9 Foxy burrow<br \/>\nID 662942956 \u2013 Seastar or sea starfish standing on the beach at sunrise \u00a9 Valentin Valkov<br \/>\nID 537287941 \u2013 Schwarzer Sportwagen mit hoher Geschwindigkeit \u2013 futuristisches Konzept \u2013 3D-Illustration \u00a9 ParabolStudio<br \/>\nID 1101319838 \u2013 Preparing the metal tip aortic cannula in operating room for open heart surgery \u00a9 FaiPloypilin<\/p>\n<\/div><div class=\"fusion-sep-clear\"><\/div><div class=\"fusion-separator fusion-full-width-sep\" style=\"margin-left: auto;margin-right: auto;margin-top:19px;margin-bottom:19px;width:100%;max-width:100%;\"><\/div><div class=\"fusion-sep-clear\"><\/div><div class=\"fusion-clearfix\"><\/div><\/div><\/div><\/div><\/div>\n","protected":false},"excerpt":{"rendered":"","protected":false},"author":1,"featured_media":0,"parent":0,"menu_order":0,"comment_status":"closed","ping_status":"closed","template":"100-width.php","meta":{"_exactmetrics_skip_tracking":false,"_exactmetrics_sitenote_active":false,"_exactmetrics_sitenote_note":"","_exactmetrics_sitenote_category":0,"footnotes":""},"class_list":["post-6499","page","type-page","status-publish","hentry"],"_links":{"self":[{"href":"https:\/\/www.holz-automation.de\/de\/wp-json\/wp\/v2\/pages\/6499","targetHints":{"allow":["GET"]}}],"collection":[{"href":"https:\/\/www.holz-automation.de\/de\/wp-json\/wp\/v2\/pages"}],"about":[{"href":"https:\/\/www.holz-automation.de\/de\/wp-json\/wp\/v2\/types\/page"}],"author":[{"embeddable":true,"href":"https:\/\/www.holz-automation.de\/de\/wp-json\/wp\/v2\/users\/1"}],"replies":[{"embeddable":true,"href":"https:\/\/www.holz-automation.de\/de\/wp-json\/wp\/v2\/comments?post=6499"}],"version-history":[{"count":0,"href":"https:\/\/www.holz-automation.de\/de\/wp-json\/wp\/v2\/pages\/6499\/revisions"}],"wp:attachment":[{"href":"https:\/\/www.holz-automation.de\/de\/wp-json\/wp\/v2\/media?parent=6499"}],"curies":[{"name":"wp","href":"https:\/\/api.w.org\/{rel}","templated":true}]}}