{"id":9581,"date":"2021-06-07T13:44:27","date_gmt":"2021-06-07T11:44:27","guid":{"rendered":"https:\/\/www.holz-automation.de\/?page_id=9581"},"modified":"2022-02-18T14:27:43","modified_gmt":"2022-02-18T13:27:43","slug":"datenschutz-bewerbung","status":"publish","type":"page","link":"https:\/\/www.holz-automation.de\/de\/datenschutz-bewerbung\/","title":{"rendered":"Datenschutz Bewerbung"},"content":{"rendered":"<div class=\"fusion-fullwidth fullwidth-box fusion-builder-row-1 nonhundred-percent-fullwidth non-hundred-percent-height-scrolling\" style=\"--awb-border-radius-top-left:0px;--awb-border-radius-top-right:0px;--awb-border-radius-bottom-right:0px;--awb-border-radius-bottom-left:0px;--awb-padding-top:80px;--awb-padding-right:20px;--awb-padding-bottom:30px;--awb-padding-left:20px;--awb-margin-top:0px;--awb-margin-bottom:0px;--awb-flex-wrap:wrap;\" ><div class=\"fusion-builder-row fusion-row\"><div class=\"fusion-layout-column fusion_builder_column fusion-builder-column-0 fusion_builder_column_1_1 1_1 fusion-one-full fusion-column-first fusion-column-last\" style=\"--awb-bg-size:cover;--awb-margin-bottom:0px;\"><div class=\"fusion-column-wrapper fusion-column-has-shadow fusion-flex-column-wrapper-legacy\"><div class=\"fusion-title title fusion-title-1 fusion-sep-none fusion-title-text fusion-title-size-two\" style=\"--awb-text-color:#009ba8;--awb-margin-bottom:0px;--awb-margin-top-small:0px;--awb-margin-right-small:0px;--awb-margin-bottom-small:0px;--awb-margin-left-small:0px;\"><h2 class=\"fusion-title-heading title-heading-left fusion-responsive-typography-calculated\" style=\"margin:0;--fontSize:38;line-height:1.25;\">Datenschutz f\u00fcr Bewerber<\/h2><\/div><div class=\"fusion-sep-clear\"><\/div><div class=\"fusion-separator fusion-full-width-sep\" style=\"margin-left: auto;margin-right: auto;margin-top:19px;margin-bottom:19px;width:100%;max-width:100%;\"><\/div><div class=\"fusion-sep-clear\"><\/div><div class=\"fusion-title title fusion-title-2 fusion-sep-none fusion-title-text fusion-title-size-five\" style=\"--awb-text-color:#131e27;--awb-margin-bottom:0px;--awb-margin-top-small:0px;--awb-margin-right-small:0px;--awb-margin-bottom-small:0px;--awb-margin-left-small:0px;\"><h5 class=\"fusion-title-heading title-heading-left fusion-responsive-typography-calculated\" style=\"margin:0;--fontSize:25;--minFontSize:25;line-height:1.25;\">1. Allgemeines<\/h5><\/div><div class=\"fusion-text fusion-text-1\" style=\"--awb-text-transform:none;\"><p>Die HOLZ automation GmbH (nachfolgend \u201eHOLZ\u201c) freut sich \u00fcber Dein Interesse an einer Mitarbeit in unserem Unternehmen. Wir nehmen den Schutz Deiner privaten Daten ernst und wir m\u00f6chten, dass Du Dich gerade auch im Zuge Deiner Bewerbung per Video gut aufgehoben wei\u00dft. Der Schutz Deiner Privatsph\u00e4re bei der Verarbeitung personenbezogener Daten ist f\u00fcr uns ein wichtiges Anliegen, das wir bei unseren Gesch\u00e4ftsprozessen ber\u00fccksichtigen.<br \/>Die Bereitstellung personenbezogener Daten \u00fcber die Funktion \u201eDEIN VIDEO HIER EINSTELLEN\u201c ist weder vertraglich noch gesetzlich vorgeschrieben, ist aber f\u00fcr eine Durchf\u00fchrung des Bewerbungsverfahrens \u00fcber die Funktion \u201eDEIN VIDEO HIER EINSTELLEN\u201c unerl\u00e4sslich. Du bist nicht dazu verpflichtet, in diesem Zusammenhang personenbezogene Daten bereitzustellen. Unterbleibt dies, dann kann der Bewerbungsprozess aber auch nicht \u00fcber die Funktion \u201eDEIN VIDEO HIER EINSTELLEN\u201c angesto\u00dfen werden. Alternativ hast Du aber immer auch die M\u00f6glichkeit, eine Bewerbung ganz klassisch auf dem Postweg oder \u00fcber die Funktion \u201eUnser direkter Bewerber-Upload\u201c einzureichen.<\/p>\n<p>Nachfolgend informieren wir Dich dar\u00fcber, welche personenbezogenen Daten bei der Nutzung der Funktion \u201eDEIN VIDEO HIER EINSTELLEN\u201c gespeichert und wie diese Daten verwendet werden. Diese Datenschutzerkl\u00e4rung gilt ausschlie\u00dflich f\u00fcr die zuvor genannte Funktionalit\u00e4t sowie f\u00fcr die anschlie\u00dfende Abrechnung Deiner Reisekosten und somit erg\u00e4nzend zur allgemeinen Datenschutzerkl\u00e4rung, die im Fu\u00dfteil (Footer) unserer Website einsehbar ist.<\/p>\n<p>Bitte nimm Dir gen\u00fcgend Zeit, diesen Hinweis durchzulesen.<\/p>\n<\/div><div class=\"fusion-sep-clear\"><\/div><div class=\"fusion-separator fusion-full-width-sep\" style=\"margin-left: auto;margin-right: auto;margin-top:19px;margin-bottom:19px;width:100%;max-width:100%;\"><\/div><div class=\"fusion-sep-clear\"><\/div><div class=\"fusion-title title fusion-title-3 fusion-sep-none fusion-title-text fusion-title-size-five\" style=\"--awb-text-color:#131e27;--awb-margin-bottom:0px;--awb-margin-top-small:0px;--awb-margin-right-small:0px;--awb-margin-bottom-small:0px;--awb-margin-left-small:0px;\"><h5 class=\"fusion-title-heading title-heading-left fusion-responsive-typography-calculated\" style=\"margin:0;--fontSize:25;--minFontSize:25;line-height:1.25;\">2. Verantwortlicher<\/h5><\/div><div class=\"fusion-text fusion-text-2\"><p>HOLZ automation GmbH<br \/>\nDonaustra\u00dfe 23<br \/>\nD-71522 Backnang<\/p>\n<p>Tel.: +49 (0) 7191 \/ 3432-0<br \/>\nFax: +49 (0) 7191 \/ 3432-299<br \/>\n&#98;e&#x77;e&#x72;b&#x75;n&#x67;&#64;&#x68;&#111;&#x6c;&#122;&#x2d;&#97;u&#116;o&#x6d;a&#x74;i&#x6f;&#110;&#x2e;&#100;&#x65;<\/p>\n<\/div><div class=\"fusion-sep-clear\"><\/div><div class=\"fusion-separator fusion-full-width-sep\" style=\"margin-left: auto;margin-right: auto;margin-top:19px;margin-bottom:19px;width:100%;max-width:100%;\"><\/div><div class=\"fusion-sep-clear\"><\/div><div class=\"fusion-title title fusion-title-4 fusion-sep-none fusion-title-text fusion-title-size-five\" style=\"--awb-text-color:#131e27;--awb-margin-bottom:0px;--awb-margin-top-small:0px;--awb-margin-right-small:0px;--awb-margin-bottom-small:0px;--awb-margin-left-small:0px;\"><h5 class=\"fusion-title-heading title-heading-left fusion-responsive-typography-calculated\" style=\"margin:0;--fontSize:25;--minFontSize:25;line-height:1.25;\">3. Arten von Daten, die erhoben werden<\/h5><\/div><div class=\"fusion-text fusion-text-3\"><p>indirekten Bezug zu Deiner Person herstellen k\u00f6nnen, wie zum Beispiel Vor- und Nachname, Geschlecht, Anschrift, Telefonnummer, Geburtsdatum oder E-Mail-Adresse.<\/p>\n<p>Wir verarbeiten personenbezogene Daten, die beim Besuch unserer Webseiten erhoben werden, gem\u00e4\u00df den datenschutzrechtlichen Bestimmungen des Landes, in dem die f\u00fcr die Datenverarbeitung verantwortliche Stelle sitzt (Bundesrepublik Deutschland). Unsere Datenschutzpolitik richtet sich im \u00dcbrigen nach der f\u00fcr HOLZ geltenden Datenschutz-Richtlinie. Im Zuge einer Bewerbung per Video werden verschiedene Arten von personenbezogenen Daten verarbeitet:<\/p>\n<ul>\n<li>Der Inhalt des eingereichten Videos (etwa Informationen zum Lebenslauf und zur Motivation des Bewerbers sowie das Hintergrundbild); uns ist es wichtig, ausdr\u00fccklich darauf hinzuweisen, dass Sie im Grundsatz frei dar\u00fcber entscheiden, was Sie in Ihrem Video von sich preisgeben und raten zu bewusstem sowie eigenverantwortlichem Handeln<\/li>\n<li>Kommunikationsdaten (z.B. E-Mail-Adresse oder Handynummer des Bewerbers)<\/li>\n<li>Einen Verweis auf die Onlinepr\u00e4senzen des Bewerbers bei XING oder LinkedIn, sofern diese vom Bewerber zur Identifikation seiner Person herangezogen werden<\/li>\n<li>Informationen zum beruflichen Werdegang des Bewerbers, die bei XING oder LinkedIn vorzufinden sind, sofern die dortigen Onlinepr\u00e4senzen des Bewerbers von diesem zur Identifikation seiner Person herangezogen werden<\/li>\n<li>Sonstige Informationen, die der Bewerber im Anschluss an seine 15-Sekunden-Bewerbung einreicht oder die beim Bewerber direkt erfragt werden (etwa Zeugnisse, Urkunden usw.)<\/li>\n<li>Ggf. Daten \u00fcber die Beurteilung und die Bewertung eines Bewerbers im Bewerbungsverfahren (Keine automatisierte Entscheidungsfindung einschlie\u00dflich Profiling)<\/li>\n<\/ul>\n<p>Im Rahmen Deiner Reisekostenabrechnung werden folgende personenbezogene Daten verarbeitet:<\/p>\n<ul>\n<li>Vor- und Nachname (inkl. Familienpr\u00e4fix) des Bewerbers<\/li>\n<li>Adressdaten (z.B. postalische Anschrift des Bewerbers)<\/li>\n<li>Kommunikationsdaten (z.B. E-Mail-Adresse und Telefonnummer des Bewerbers)<\/li>\n<li>Bankverbindung des Bewerbers<\/li>\n<li>Start und Ziel der Reise<\/li>\n<\/ul>\n<\/div><div class=\"fusion-sep-clear\"><\/div><div class=\"fusion-separator fusion-full-width-sep\" style=\"margin-left: auto;margin-right: auto;margin-top:19px;margin-bottom:19px;width:100%;max-width:100%;\"><\/div><div class=\"fusion-sep-clear\"><\/div><div class=\"fusion-title title fusion-title-5 fusion-sep-none fusion-title-text fusion-title-size-five\" style=\"--awb-text-color:#131e27;--awb-margin-bottom:0px;--awb-margin-top-small:0px;--awb-margin-right-small:0px;--awb-margin-bottom-small:0px;--awb-margin-left-small:0px;\"><h5 class=\"fusion-title-heading title-heading-left fusion-responsive-typography-calculated\" style=\"margin:0;--fontSize:25;--minFontSize:25;line-height:1.25;\">4. Zweckbestimmung der personenbezogenen Daten<\/h5><\/div><div class=\"fusion-text fusion-text-4\"><p>Wenn Du auf unserer Website die Funktion \u201eDEIN VIDEO HIER EINSTELLEN\u201c nutzt, werden personenbezogene Daten \u00fcber eine Softwareplattform erhoben, die von einem sorgf\u00e4ltig ausgew\u00e4hlten und auf die Einhaltung der einschl\u00e4gigen Datenschutzvorschriften verpflichteten externen Dienstleister betrieben wird, der HOLZ zudem im Zuge der Personalauswahl unterst\u00fctzt. \u00dcber die Funktion \u201eDEIN VIDEO HIER EINSTELLEN\u201c erhobene Daten lagern bei der 1&#038;1 IONOS SE (Elgendorfer Str. 57, 56410 Montabaur). Auch dieser Dienstleister wurde sorgf\u00e4ltig ausgew\u00e4hlt und datenschutzrechtlich verpflichtet. Die in Zusammenhang mit einer Bewerbung erhobenen personenbezogenen Daten finden grunds\u00e4tzlich nur f\u00fcr die Bearbeitung der eingereichten Bewerbungen und die Besetzung der ausgeschriebenen Stellen Verwendung sowie f\u00fcr die Durchf\u00fchrung Deiner Reisekostenabrechnung. Eine dar\u00fcber hinausgehende Verwendung dieser Daten w\u00fcrde lediglich dann erfolgen, wenn und insoweit dies zur Erf\u00fcllung einer gesetzlichen Verpflichtung und\/oder zur Wahrung von rechtlichen Anspr\u00fcchen erforderlich ist. Bewerberpr\u00e4senzen in den sozialen Netzwerken (XING und LinkedIn) werden auf Veranlassung des Bewerbers zu dessen personeller Identifikation herangezogen. Die dort vorzufindenden Informationen zum beruflichen Werdegang des Bewerbers k\u00f6nnen zudem zur inhaltlichen Erg\u00e4nzung von dessen Bewerbungsvideo Verwendung finden. Eine dar\u00fcber hinausgehende inhaltliche Auswertung dieser Bewerberpr\u00e4senzen erfolgt nicht. Nach vollst\u00e4ndigem Abschluss des Bewerbungsverfahrens wird die Verarbeitung zun\u00e4chst eingeschr\u00e4nkt; stehen dem nicht l\u00e4nger Aufbewahrungsfristen und -pflichten entgegen, so folgt hierauf die L\u00f6schung.<\/p>\n<\/div><div class=\"fusion-sep-clear\"><\/div><div class=\"fusion-separator fusion-full-width-sep\" style=\"margin-left: auto;margin-right: auto;margin-top:19px;margin-bottom:19px;width:100%;max-width:100%;\"><\/div><div class=\"fusion-sep-clear\"><\/div><div class=\"fusion-title title fusion-title-6 fusion-sep-none fusion-title-text fusion-title-size-five\" style=\"--awb-text-color:#131e27;--awb-margin-bottom:0px;--awb-margin-top-small:0px;--awb-margin-right-small:0px;--awb-margin-bottom-small:0px;--awb-margin-left-small:0px;\"><h5 class=\"fusion-title-heading title-heading-left fusion-responsive-typography-calculated\" style=\"margin:0;--fontSize:25;--minFontSize:25;line-height:1.25;\">5. Rechtsgrundlage zur Verwendung Deiner Daten<\/h5><\/div><div class=\"fusion-text fusion-text-5\"><p>a. Soweit Du uns f\u00fcr die Verarbeitung Deiner personenbezogenen Daten eine Einwilligung erteilt hast, stellt diese die Rechtsgrundlage f\u00fcr die Verarbeitung dar (Art. 6 Abs. 1 Buchst. a DSGVO).<\/p>\n<p>b. F\u00fcr eine Verarbeitung personenbezogener Daten f\u00fcr die Zwecke der Anbahnung oder der Erf\u00fcllung eines Vertrages mit Dir ist Art. 6 Abs. 1 Buchst. b DSGVO die Rechtsgrundlage.<\/p>\n<p>c. Soweit die Verarbeitung Deiner personenbezogenen Daten zur Erf\u00fcllung unserer rechtlichen Verpflichtungen (z.B. zur Aufbewahrung von Daten) erforderlich ist, sind wir dazu gem\u00e4\u00df Art. 6 Abs. 1 Buchst. c DSGVO befugt.<\/p>\n<p>d. Au\u00dferdem verarbeiten wir personenbezogene Daten zu Zwecken der Wahrnehmung unserer berechtigten Interessen sowie berechtigter Interessen Dritter gem\u00e4\u00df Art. 6 Abs. 1 Buchst. f DSGVO. Die Erhaltung der Funktionsf\u00e4higkeit unserer IT-Systeme, die (Direkt-) Vermarktung eigener und fremder Produkte und Dienstleistungen und die rechtlich gebotene Dokumentation von Gesch\u00e4ftskontakten sind solche berechtigten Interessen. Wir ber\u00fccksichtigen im Rahmen der jeweils erforderlichen Interessenabw\u00e4gung insbesondere die Art der personenbezogenen Daten, den Verarbeitungszweck, die Verarbeitungsumst\u00e4nde und Dein Interesse an der Vertraulichkeit Deiner personenbezogenen Daten.<\/p>\n<\/div><div class=\"fusion-sep-clear\"><\/div><div class=\"fusion-separator fusion-full-width-sep\" style=\"margin-left: auto;margin-right: auto;margin-top:19px;margin-bottom:19px;width:100%;max-width:100%;\"><\/div><div class=\"fusion-sep-clear\"><\/div><div class=\"fusion-title title fusion-title-7 fusion-sep-none fusion-title-text fusion-title-size-five\" style=\"--awb-text-color:#131e27;--awb-margin-bottom:0px;--awb-margin-top-small:0px;--awb-margin-right-small:0px;--awb-margin-bottom-small:0px;--awb-margin-left-small:0px;\"><h5 class=\"fusion-title-heading title-heading-left fusion-responsive-typography-calculated\" style=\"margin:0;--fontSize:25;--minFontSize:25;line-height:1.25;\">6. Weitergabe Deiner Daten an Dritte; Einsatz von Dienstleistern<\/h5><\/div><div class=\"fusion-text fusion-text-6\"><p>Die im Zuge des Bewerbungsprozesses erhobenen Daten werden grunds\u00e4tzlich nicht an Dritte weitergegeben. Etwas Anderes w\u00fcrde nur dann gelten, wenn und insoweit dies zur Erf\u00fcllung einer gesetzlichen Verpflichtung und\/oder zur Wahrung von rechtlichen Anspr\u00fcchen erforderlich ist. Die Weitergabe deiner Daten an unsere sorgf\u00e4ltig ausgew\u00e4hlten Dienstleister erfolgt nur im Rahmen des Bewerbungsprozesses, wie in \u00a7 5 beschrieben.<\/p>\n<\/div><div class=\"fusion-sep-clear\"><\/div><div class=\"fusion-separator fusion-full-width-sep\" style=\"margin-left: auto;margin-right: auto;margin-top:19px;margin-bottom:19px;width:100%;max-width:100%;\"><\/div><div class=\"fusion-sep-clear\"><\/div><div class=\"fusion-title title fusion-title-8 fusion-sep-none fusion-title-text fusion-title-size-five\" style=\"--awb-text-color:#131e27;--awb-margin-bottom:0px;--awb-margin-top-small:0px;--awb-margin-right-small:0px;--awb-margin-bottom-small:0px;--awb-margin-left-small:0px;\"><h5 class=\"fusion-title-heading title-heading-left fusion-responsive-typography-calculated\" style=\"margin:0;--fontSize:25;--minFontSize:25;line-height:1.25;\">7. \u00dcbermittlung Deiner Daten ins Ausland<\/h5><\/div><div class=\"fusion-text fusion-text-7\"><p>HOLZ operiert global. Deine Daten werden zum Teil auch in L\u00e4ndern au\u00dferhalb der Europ\u00e4ischen Union (\u201eEU\u201c) oder des Europ\u00e4ischen Wirtschaftsraums (\u201eEWR\u201c) verarbeitet. In diesen F\u00e4llen stellen wir zum Beispiel \u00fcber vertragliche Vereinbarungen mit unseren Gesch\u00e4ftspartnern oder Dienstleistern sicher, dass ein ausreichendes Datenschutzniveau f\u00fcr Deine Daten gew\u00e4hrleistet ist, oder wir bitten Dich um Deine ausdr\u00fcckliche Einwilligung.<\/p>\n<p>a. Beim Einsatz von Dienstleistern und Tracking k\u00f6nnen personenbezogene Daten an Empf\u00e4nger in L\u00e4ndern au\u00dferhalb der Europ\u00e4ischen Union, Islands, Liechtensteins und Norwegens (= Europ\u00e4ischer Wirtschaftsraum) \u00fcbertragen und dort verarbeitet werden, insbesondere in die USA und Indien.<\/p>\n<p>b. In den folgenden L\u00e4ndern besteht aus der Sicht der EU ein den EU-Standards entsprechendes angemessenes Schutzniveau f\u00fcr die Verarbeitung personenbezogener Daten (sog. Angemessenheitsbeschluss): Andorra, Argentinien, Kanada (eingeschr\u00e4nkt), F\u00e4r\u00f6er-Inseln, Guernsey, Israel, Isle of Man, Japan, Jersey, Neuseeland, Schweiz, Uruguay. Mit Empf\u00e4ngern in anderen L\u00e4ndern vereinbaren wir die Anwendung von EU-Standardvertragsklauseln, von verbindlichen Unternehmensregelungen oder des EU-US bzw. Swiss-US Privacy Shield, um entsprechend den gesetzlichen Anforderungen ein \u201eangemessenes Schutzniveau\u201c zu schaffen. Informationen hierzu stellen wir Dir gerne \u00fcber die vorstehenden genannten Kontaktdaten zur Verf\u00fcgung.<\/p>\n<\/div><div class=\"fusion-sep-clear\"><\/div><div class=\"fusion-separator fusion-full-width-sep\" style=\"margin-left: auto;margin-right: auto;margin-top:19px;margin-bottom:19px;width:100%;max-width:100%;\"><\/div><div class=\"fusion-sep-clear\"><\/div><div class=\"fusion-title title fusion-title-9 fusion-sep-none fusion-title-text fusion-title-size-five\" style=\"--awb-text-color:#131e27;--awb-margin-bottom:0px;--awb-margin-top-small:0px;--awb-margin-right-small:0px;--awb-margin-bottom-small:0px;--awb-margin-left-small:0px;\"><h5 class=\"fusion-title-heading title-heading-left fusion-responsive-typography-calculated\" style=\"margin:0;--fontSize:25;--minFontSize:25;line-height:1.25;\">8. Verwendung von Cookies und Einsatz von Google Analytics<\/h5><\/div><div class=\"fusion-text fusion-text-8\"><p>Beim Besuch unserer Website setzen wir Cookies und andere Tracking-Tools ein. Mehr Informationen hierzu findest Du in unserer Cookie-Richtlinie.<br \/>\nAu\u00dferdem erfolgt, wie zuvor erw\u00e4hnt, im Falle einer Video-Bewerbung eine Weiterleitung auf die Softwareplattform unseres Dienstleister, der Google Analytics einsetzt. Der Einsatz erfolgt analog der Beschreibung unter \u00a7 10 der allgemeinen Datenschutz-Hinweise (Verlinkung setzen) und es gelten die entsprechenden Bestimmungen.<\/p>\n<\/div><div class=\"fusion-sep-clear\"><\/div><div class=\"fusion-separator fusion-full-width-sep\" style=\"margin-left: auto;margin-right: auto;margin-top:19px;margin-bottom:19px;width:100%;max-width:100%;\"><\/div><div class=\"fusion-sep-clear\"><\/div><div class=\"fusion-title title fusion-title-10 fusion-sep-none fusion-title-text fusion-title-size-five\" style=\"--awb-text-color:#131e27;--awb-margin-bottom:0px;--awb-margin-top-small:0px;--awb-margin-right-small:0px;--awb-margin-bottom-small:0px;--awb-margin-left-small:0px;\"><h5 class=\"fusion-title-heading title-heading-left fusion-responsive-typography-calculated\" style=\"margin:0;--fontSize:25;--minFontSize:25;line-height:1.25;\">9. Aufbewahrung von Daten<\/h5><\/div><div class=\"fusion-text fusion-text-9\"><p>Wir l\u00f6schen Deine personenbezogenen Daten, sobald der Zweck, zu dem wir die Daten erhoben und verarbeitet haben, entf\u00e4llt. \u00dcber diesen Zeitpunkt hinaus findet eine Speicherung nur statt, soweit dies gem\u00e4\u00df den Gesetzen, Verordnungen oder sonstigen Rechtsvorschriften, denen wir unterliegen, in der EU oder nach Rechtsvorschriften in Drittstaaten, wenn dort jeweils ein angemessenes Datenschutzniveau gegeben ist, erforderlich ist. Soweit eine L\u00f6schung im Einzelfall nicht m\u00f6glich ist, werden die entsprechenden personenbezogenen Daten mit dem Ziel markiert, Deine k\u00fcnftige Verarbeitung einzuschr\u00e4nken.<\/p>\n<p>Die Dauer der Datenspeicherung betr\u00e4gt:<\/p>\n<ul>\n<li>bei Begr\u00fcndung eines Arbeitsverh\u00e4ltnisses zehn Jahre ab Beendigung des Arbeitsverh\u00e4ltnisses<\/li>\n<li>bei Ablehnung einer Bewerbung drei Monate ab Erlass des Ablehnungsbescheides<\/li>\n<li>bei Reisekostenabrechnungen zehn Jahre ab Eingang der Reisekostenabrechnung<\/li>\n<\/ul>\n<\/div><div class=\"fusion-sep-clear\"><\/div><div class=\"fusion-separator fusion-full-width-sep\" style=\"margin-left: auto;margin-right: auto;margin-top:19px;margin-bottom:19px;width:100%;max-width:100%;\"><\/div><div class=\"fusion-sep-clear\"><\/div><div class=\"fusion-title title fusion-title-11 fusion-sep-none fusion-title-text fusion-title-size-five\" style=\"--awb-text-color:#131e27;--awb-margin-bottom:0px;--awb-margin-top-small:0px;--awb-margin-right-small:0px;--awb-margin-bottom-small:0px;--awb-margin-left-small:0px;\"><h5 class=\"fusion-title-heading title-heading-left fusion-responsive-typography-calculated\" style=\"margin:0;--fontSize:25;--minFontSize:25;line-height:1.25;\">10. Sichere Daten\u00fcbertragung<\/h5><\/div><div class=\"fusion-text fusion-text-10\"><p>Wir bedienen uns geeigneter technischer und organisatorischer Sicherheitsma\u00dfnahmen, um Deine Daten gegen zuf\u00e4llige oder vors\u00e4tzliche Manipulationen, teilweisen oder vollst\u00e4ndigen Verlust, Zerst\u00f6rung oder den unbefugten Zugriff Dritter zu sch\u00fctzen. Unsere Sicherheitsma\u00dfnahmen werden entsprechend der technologischen Entwicklung fortlaufend verbessert.<\/p>\n<\/div><div class=\"fusion-sep-clear\"><\/div><div class=\"fusion-separator fusion-full-width-sep\" style=\"margin-left: auto;margin-right: auto;margin-top:19px;margin-bottom:19px;width:100%;max-width:100%;\"><\/div><div class=\"fusion-sep-clear\"><\/div><div class=\"fusion-title title fusion-title-12 fusion-sep-none fusion-title-text fusion-title-size-five\" style=\"--awb-text-color:#131e27;--awb-margin-bottom:0px;--awb-margin-top-small:0px;--awb-margin-right-small:0px;--awb-margin-bottom-small:0px;--awb-margin-left-small:0px;\"><h5 class=\"fusion-title-heading title-heading-left fusion-responsive-typography-calculated\" style=\"margin:0;--fontSize:25;--minFontSize:25;line-height:1.25;\">11. Betroffenenrechte und Beschwerderecht bei einer Aufsichtsbeh\u00f6rde<\/h5><\/div><div class=\"fusion-text fusion-text-11\"><p>Als von der Datenverarbeitung betroffene Person hast Du das Recht auf Auskunft (Art. 15 DSGVO), Berichtigung (Art. 16 DSGVO), Datenl\u00f6schung (Art. 17 DSGVO), Einschr\u00e4nkung der Verarbeitung (Art. 18 DSGVO) sowie Daten\u00fcbertragbarkeit (Art. 20 DSGVO).<\/p>\n<p>Hast Du in die Verarbeitung Deiner personenbezogenen Daten durch uns eingewilligt, hast Du das Recht, die Einwilligung jederzeit zu widerrufen. Die Rechtm\u00e4\u00dfigkeit der Verarbeitung Deiner personenbezogenen Daten bis zu einem Widerruf wird durch den Widerruf nicht ber\u00fchrt. Ebenso unber\u00fchrt bleibt eine weitere Verarbeitung dieser Daten aufgrund einer anderen Rechtsgrundlage, etwa zur Erf\u00fcllung rechtlicher Verpflichtungen (vgl. Abschnitt \u201eRechtsgrundlagen der Verarbeitung\u201c).<\/p>\n<\/div><div class=\"fusion-sep-clear\"><\/div><div class=\"fusion-separator fusion-full-width-sep\" style=\"margin-left: auto;margin-right: auto;margin-top:19px;margin-bottom:19px;width:100%;max-width:100%;\"><\/div><div class=\"fusion-sep-clear\"><\/div><div class=\"fusion-clearfix\"><\/div><\/div><\/div><\/div><\/div>\n","protected":false},"excerpt":{"rendered":"","protected":false},"author":1,"featured_media":0,"parent":0,"menu_order":0,"comment_status":"closed","ping_status":"closed","template":"100-width.php","meta":{"_exactmetrics_skip_tracking":false,"_exactmetrics_sitenote_active":false,"_exactmetrics_sitenote_note":"","_exactmetrics_sitenote_category":0,"footnotes":""},"class_list":["post-9581","page","type-page","status-publish","hentry"],"_links":{"self":[{"href":"https:\/\/www.holz-automation.de\/de\/wp-json\/wp\/v2\/pages\/9581","targetHints":{"allow":["GET"]}}],"collection":[{"href":"https:\/\/www.holz-automation.de\/de\/wp-json\/wp\/v2\/pages"}],"about":[{"href":"https:\/\/www.holz-automation.de\/de\/wp-json\/wp\/v2\/types\/page"}],"author":[{"embeddable":true,"href":"https:\/\/www.holz-automation.de\/de\/wp-json\/wp\/v2\/users\/1"}],"replies":[{"embeddable":true,"href":"https:\/\/www.holz-automation.de\/de\/wp-json\/wp\/v2\/comments?post=9581"}],"version-history":[{"count":0,"href":"https:\/\/www.holz-automation.de\/de\/wp-json\/wp\/v2\/pages\/9581\/revisions"}],"wp:attachment":[{"href":"https:\/\/www.holz-automation.de\/de\/wp-json\/wp\/v2\/media?parent=9581"}],"curies":[{"name":"wp","href":"https:\/\/api.w.org\/{rel}","templated":true}]}}