{"id":14321,"date":"2026-04-09T06:58:06","date_gmt":"2026-04-09T04:58:06","guid":{"rendered":"https:\/\/www.holz-automation.de\/proteccion-de-datos\/"},"modified":"2026-04-09T06:58:10","modified_gmt":"2026-04-09T04:58:10","slug":"proteccion-de-datos","status":"publish","type":"page","link":"https:\/\/www.holz-automation.de\/es\/proteccion-de-datos\/","title":{"rendered":"Protecci\u00f3n de datos"},"content":{"rendered":"<div class=\"fusion-fullwidth fullwidth-box fusion-builder-row-1 nonhundred-percent-fullwidth non-hundred-percent-height-scrolling\" style=\"--awb-border-radius-top-left:0px;--awb-border-radius-top-right:0px;--awb-border-radius-bottom-right:0px;--awb-border-radius-bottom-left:0px;--awb-padding-top:80px;--awb-padding-right:20px;--awb-padding-bottom:30px;--awb-padding-left:20px;--awb-margin-top:0px;--awb-margin-bottom:0px;--awb-flex-wrap:wrap;\" ><div class=\"fusion-builder-row fusion-row\"><div class=\"fusion-layout-column fusion_builder_column fusion-builder-column-0 fusion_builder_column_1_1 1_1 fusion-one-full fusion-column-first fusion-column-last\" style=\"--awb-bg-size:cover;--awb-margin-bottom:0px;\"><div class=\"fusion-column-wrapper fusion-column-has-shadow fusion-flex-column-wrapper-legacy\"><div class=\"fusion-title title fusion-title-1 fusion-sep-none fusion-title-text fusion-title-size-two\" style=\"--awb-text-color:#009ba8;--awb-margin-bottom:0px;--awb-margin-top-small:0px;--awb-margin-right-small:0px;--awb-margin-bottom-small:0px;--awb-margin-left-small:0px;\"><h2 class=\"fusion-title-heading title-heading-left fusion-responsive-typography-calculated\" style=\"margin:0;--fontSize:38;line-height:1.25;\">Protecci\u00f3n de datos<\/h2><\/div><div class=\"fusion-sep-clear\"><\/div><div class=\"fusion-separator fusion-full-width-sep\" style=\"margin-left: auto;margin-right: auto;margin-top:19px;margin-bottom:19px;width:100%;max-width:100%;\"><\/div><div class=\"fusion-sep-clear\"><\/div><div class=\"fusion-text fusion-text-1\"><p>La protecci\u00f3n de sus datos personales es una cuesti\u00f3n importante para nosotros. Hemos adoptado medidas t\u00e9cnicas y organizativas que garantizan que las disposiciones sobre protecci\u00f3n de datos sean respetadas tanto por nosotros como por proveedores de servicios externos (encargados del tratamiento). <\/p>\n<p>Puede consultar nuestra informaci\u00f3n general sobre protecci\u00f3n de datos y las particularidades al visitar nuestro sitio web en los siguientes enlaces:<\/p>\n<p><strong><a title=\"Pol\u00edtica general de privacidad\" href=\"https:\/\/www.holz-automation.de\/de\/datenschutz\/allgemeine-datenschutzerklaerung\/\">\u00bb Pol\u00edtica general de privacidad<\/a><\/strong><\/p>\n<p><strong><a title=\"Protecci\u00f3n de datos \u2013 candidatura\" href=\"https:\/\/www.holz-automation.de\/de\/datenschutz-bewerbung\/\">\u00bb Subir v\u00eddeo de candidatura<\/a><\/strong><\/p>\n<p><strong><a title=\"Protecci\u00f3n de datos para candidatos\" href=\"https:\/\/www.holz-automation.de\/de\/datenschutz\/datenschutz-fuer-bewerber\/\">\u00bb Protecci\u00f3n de datos para candidatas y candidatos a trav\u00e9s del portal de candidaturas de HRworks<\/a><\/strong><\/p>\n<\/div><div class=\"fusion-clearfix\"><\/div><\/div><\/div><\/div><\/div>\n","protected":false},"excerpt":{"rendered":"","protected":false},"author":1,"featured_media":0,"parent":0,"menu_order":0,"comment_status":"closed","ping_status":"closed","template":"100-width.php","meta":{"_exactmetrics_skip_tracking":false,"_exactmetrics_sitenote_active":false,"_exactmetrics_sitenote_note":"","_exactmetrics_sitenote_category":0,"footnotes":""},"class_list":["post-14321","page","type-page","status-publish","hentry"],"_links":{"self":[{"href":"https:\/\/www.holz-automation.de\/es\/wp-json\/wp\/v2\/pages\/14321","targetHints":{"allow":["GET"]}}],"collection":[{"href":"https:\/\/www.holz-automation.de\/es\/wp-json\/wp\/v2\/pages"}],"about":[{"href":"https:\/\/www.holz-automation.de\/es\/wp-json\/wp\/v2\/types\/page"}],"author":[{"embeddable":true,"href":"https:\/\/www.holz-automation.de\/es\/wp-json\/wp\/v2\/users\/1"}],"replies":[{"embeddable":true,"href":"https:\/\/www.holz-automation.de\/es\/wp-json\/wp\/v2\/comments?post=14321"}],"version-history":[{"count":8,"href":"https:\/\/www.holz-automation.de\/es\/wp-json\/wp\/v2\/pages\/14321\/revisions"}],"predecessor-version":[{"id":14381,"href":"https:\/\/www.holz-automation.de\/es\/wp-json\/wp\/v2\/pages\/14321\/revisions\/14381"}],"wp:attachment":[{"href":"https:\/\/www.holz-automation.de\/es\/wp-json\/wp\/v2\/media?parent=14321"}],"curies":[{"name":"wp","href":"https:\/\/api.w.org\/{rel}","templated":true}]}}