{"id":15305,"date":"2026-04-09T07:01:16","date_gmt":"2026-04-09T05:01:16","guid":{"rendered":"https:\/\/www.holz-automation.de\/creditos-de-imagen\/"},"modified":"2026-04-09T07:01:17","modified_gmt":"2026-04-09T05:01:17","slug":"creditos-de-imagen","status":"publish","type":"page","link":"https:\/\/www.holz-automation.de\/es\/creditos-de-imagen\/","title":{"rendered":"Cr\u00e9ditos de imagen"},"content":{"rendered":"<div class=\"fusion-fullwidth fullwidth-box fusion-builder-row-1 nonhundred-percent-fullwidth non-hundred-percent-height-scrolling\" style=\"--awb-border-radius-top-left:0px;--awb-border-radius-top-right:0px;--awb-border-radius-bottom-right:0px;--awb-border-radius-bottom-left:0px;--awb-padding-top:80px;--awb-padding-right:20px;--awb-padding-bottom:30px;--awb-padding-left:20px;--awb-margin-top:0px;--awb-margin-bottom:0px;--awb-flex-wrap:wrap;\" ><div class=\"fusion-builder-row fusion-row\"><div class=\"fusion-layout-column fusion_builder_column fusion-builder-column-0 fusion_builder_column_1_1 1_1 fusion-one-full fusion-column-first fusion-column-last\" style=\"--awb-bg-size:cover;--awb-margin-bottom:0px;\"><div class=\"fusion-column-wrapper fusion-column-has-shadow fusion-flex-column-wrapper-legacy\"><div class=\"fusion-title title fusion-title-1 fusion-sep-none fusion-title-text fusion-title-size-five\" style=\"--awb-text-color:#131e27;--awb-margin-bottom:0px;--awb-margin-top-small:0px;--awb-margin-right-small:0px;--awb-margin-bottom-small:0px;--awb-margin-left-small:0px;\"><h5 class=\"fusion-title-heading title-heading-left fusion-responsive-typography-calculated\" style=\"margin:0;--fontSize:25;--minFontSize:25;line-height:1.25;\">Fotolia.de \/ Stock.Adobe.com<\/h5><\/div><div class=\"fusion-text fusion-text-1\"><p>ID 79241353 \u2013 Impuesto de sucesiones \u00a9 eyetronic<br \/>\nID 51962992 \u2013 Coche conduciendo r\u00e1pido en un t\u00fanel \u00a9 zentilia<\/p>\n<\/div><div class=\"fusion-sep-clear\"><\/div><div class=\"fusion-separator fusion-full-width-sep\" style=\"margin-left: auto;margin-right: auto;margin-top:19px;margin-bottom:19px;width:100%;max-width:100%;\"><\/div><div class=\"fusion-sep-clear\"><\/div><div class=\"fusion-title title fusion-title-2 fusion-sep-none fusion-title-text fusion-title-size-five\" style=\"--awb-text-color:#131e27;--awb-margin-bottom:0px;--awb-margin-top-small:0px;--awb-margin-right-small:0px;--awb-margin-bottom-small:0px;--awb-margin-left-small:0px;\"><h5 class=\"fusion-title-heading title-heading-left fusion-responsive-typography-calculated\" style=\"margin:0;--fontSize:25;--minFontSize:25;line-height:1.25;\">iStockPhoto.com<\/h5><\/div><div class=\"fusion-text fusion-text-2\"><p>ID 466111840 \u2013 Arquitectos concienzudos \u00a9 mediaphotos<br \/>\nID 1212818584 \u2013 Grupo de personas con forma de coronavirus. Epidemia o pandemia de infecci\u00f3n por Covid-19. \u00a9 arthobbit<br \/>\nID 1139875073 \u2013 Taladro industrial sobre fondo oscuro \u00a9 EduardHarkonen<br \/>\nID 843440626 \u2013 Renderizado 3D de garaje de hormig\u00f3n con patr\u00f3n hexagonal \u00a9 BrilliantEye<\/p>\n<\/div><div class=\"fusion-sep-clear\"><\/div><div class=\"fusion-separator fusion-full-width-sep\" style=\"margin-left: auto;margin-right: auto;margin-top:19px;margin-bottom:19px;width:100%;max-width:100%;\"><\/div><div class=\"fusion-sep-clear\"><\/div><div class=\"fusion-title title fusion-title-3 fusion-sep-none fusion-title-text fusion-title-size-five\" style=\"--awb-text-color:#131e27;--awb-margin-bottom:0px;--awb-margin-top-small:0px;--awb-margin-right-small:0px;--awb-margin-bottom-small:0px;--awb-margin-left-small:0px;\"><h5 class=\"fusion-title-heading title-heading-left fusion-responsive-typography-calculated\" style=\"margin:0;--fontSize:25;--minFontSize:25;line-height:1.25;\">Shutterstock.de<\/h5><\/div><div class=\"fusion-text fusion-text-3\"><p>ID 1034490223 \u2013 Imagen de j\u00f3venes turistas con gafas de sol que consultan informaci\u00f3n en sitios web&#8230; \u00a9 GaudiLab<br \/>\nID 1095174317 \u2013 F\u00e1brica inteligente e Industria 4.0 y robots de producci\u00f3n conectados intercambian datos&#8230; \u00a9 everything possible<br \/>\nID 755617726 \u2013 Chica feliz. Retrato en primer plano de una joven morena rizada y feliz&#8230; \u00a9 HBRH<br \/>\nID 717765166 \u2013 Joven empresaria sentada a la mesa en una cafeter\u00eda delante de un port\u00e1til con inscripci\u00f3n&#8230; \u00a9 Foxy burrow<br \/>\nID 662942956 \u2013 Estrella de mar en la playa al amanecer \u00a9 Valentin Valkov<br \/>\nID 537287941 \u2013 Coche deportivo negro a gran velocidad: concepto futurista \u2013 ilustraci\u00f3n 3D \u00a9 ParabolStudio<br \/>\nID 1101319838 \u2013 Preparaci\u00f3n de la punta met\u00e1lica de una c\u00e1nula a\u00f3rtica en el quir\u00f3fano para cirug\u00eda a coraz\u00f3n abierto \u00a9 FaiPloypilin<\/p>\n<\/div><div class=\"fusion-sep-clear\"><\/div><div class=\"fusion-separator fusion-full-width-sep\" style=\"margin-left: auto;margin-right: auto;margin-top:19px;margin-bottom:19px;width:100%;max-width:100%;\"><\/div><div class=\"fusion-sep-clear\"><\/div><div class=\"fusion-clearfix\"><\/div><\/div><\/div><\/div><\/div>\n","protected":false},"excerpt":{"rendered":"","protected":false},"author":1,"featured_media":0,"parent":0,"menu_order":0,"comment_status":"closed","ping_status":"closed","template":"100-width.php","meta":{"_exactmetrics_skip_tracking":false,"_exactmetrics_sitenote_active":false,"_exactmetrics_sitenote_note":"","_exactmetrics_sitenote_category":0,"footnotes":""},"class_list":["post-15305","page","type-page","status-publish","hentry"],"_links":{"self":[{"href":"https:\/\/www.holz-automation.de\/es\/wp-json\/wp\/v2\/pages\/15305","targetHints":{"allow":["GET"]}}],"collection":[{"href":"https:\/\/www.holz-automation.de\/es\/wp-json\/wp\/v2\/pages"}],"about":[{"href":"https:\/\/www.holz-automation.de\/es\/wp-json\/wp\/v2\/types\/page"}],"author":[{"embeddable":true,"href":"https:\/\/www.holz-automation.de\/es\/wp-json\/wp\/v2\/users\/1"}],"replies":[{"embeddable":true,"href":"https:\/\/www.holz-automation.de\/es\/wp-json\/wp\/v2\/comments?post=15305"}],"version-history":[{"count":2,"href":"https:\/\/www.holz-automation.de\/es\/wp-json\/wp\/v2\/pages\/15305\/revisions"}],"predecessor-version":[{"id":15314,"href":"https:\/\/www.holz-automation.de\/es\/wp-json\/wp\/v2\/pages\/15305\/revisions\/15314"}],"wp:attachment":[{"href":"https:\/\/www.holz-automation.de\/es\/wp-json\/wp\/v2\/media?parent=15305"}],"curies":[{"name":"wp","href":"https:\/\/api.w.org\/{rel}","templated":true}]}}