{"id":16212,"date":"2026-04-09T07:21:53","date_gmt":"2026-04-09T05:21:53","guid":{"rendered":"https:\/\/www.holz-automation.de\/privacy-per-le-candidature\/"},"modified":"2026-04-10T10:17:22","modified_gmt":"2026-04-10T08:17:22","slug":"privacy-per-le-candidature","status":"publish","type":"page","link":"https:\/\/www.holz-automation.de\/it\/privacy-per-le-candidature\/","title":{"rendered":"Privacy per le candidature"},"content":{"rendered":"<div class=\"fusion-fullwidth fullwidth-box fusion-builder-row-1 nonhundred-percent-fullwidth non-hundred-percent-height-scrolling\" style=\"--awb-border-radius-top-left:0px;--awb-border-radius-top-right:0px;--awb-border-radius-bottom-right:0px;--awb-border-radius-bottom-left:0px;--awb-padding-top:80px;--awb-padding-right:20px;--awb-padding-bottom:30px;--awb-padding-left:20px;--awb-margin-top:0px;--awb-margin-bottom:0px;--awb-flex-wrap:wrap;\" ><div class=\"fusion-builder-row fusion-row\"><div class=\"fusion-layout-column fusion_builder_column fusion-builder-column-0 fusion_builder_column_1_1 1_1 fusion-one-full fusion-column-first fusion-column-last\" style=\"--awb-bg-size:cover;--awb-margin-bottom:0px;\"><div class=\"fusion-column-wrapper fusion-column-has-shadow fusion-flex-column-wrapper-legacy\"><div class=\"fusion-title title fusion-title-1 fusion-sep-none fusion-title-text fusion-title-size-two\" style=\"--awb-text-color:#009ba8;--awb-margin-bottom:0px;--awb-margin-top-small:0px;--awb-margin-right-small:0px;--awb-margin-bottom-small:0px;--awb-margin-left-small:0px;\"><h2 class=\"fusion-title-heading title-heading-left fusion-responsive-typography-calculated\" style=\"margin:0;--fontSize:38;line-height:1.25;\">Privacy per i candidati<\/h2><\/div><div class=\"fusion-sep-clear\"><\/div><div class=\"fusion-separator fusion-full-width-sep\" style=\"margin-left: auto;margin-right: auto;margin-top:19px;margin-bottom:19px;width:100%;max-width:100%;\"><\/div><div class=\"fusion-sep-clear\"><\/div><div class=\"fusion-title title fusion-title-2 fusion-sep-none fusion-title-text fusion-title-size-five\" style=\"--awb-text-color:#131e27;--awb-margin-bottom:0px;--awb-margin-top-small:0px;--awb-margin-right-small:0px;--awb-margin-bottom-small:0px;--awb-margin-left-small:0px;\"><h5 class=\"fusion-title-heading title-heading-left fusion-responsive-typography-calculated\" style=\"margin:0;--fontSize:25;--minFontSize:25;line-height:1.25;\">1. Generale<\/h5><\/div><div class=\"fusion-text fusion-text-1\" style=\"--awb-text-transform:none;\"><p>HOLZ automation GmbH (di seguito \u201eHOLZ\u201c) \u00e8 lieta del tuo interesse a collaborare con la nostra azienda. Prendiamo sul serio la protezione dei tuoi dati privati e desideriamo che tu ti senta al sicuro, soprattutto durante la tua candidatura tramite video. La protezione della tua privacy nel trattamento dei dati personali \u00e8 per noi una preoccupazione importante che consideriamo nei nostri processi aziendali.<br \/>La fornitura di dati personali tramite la funzione \u201cCARICA QUI IL TUO VIDEO\u201d non \u00e8 n\u00e9 contrattualmente n\u00e9 legalmente obbligatoria, ma \u00e8 indispensabile per l&#8217;esecuzione del processo di candidatura tramite la funzione \u201cCARICA QUI IL TUO VIDEO\u201d. Non sei obbligato a fornire dati personali in questo contesto. Se ci\u00f2 non avviene, il processo di candidatura non pu\u00f2 essere avviato tramite la funzione \u201cCARICA QUI IL TUO VIDEO\u201d. In alternativa, hai sempre la possibilit\u00e0 di presentare una candidatura in modo tradizionale per posta o tramite la funzione \u201cCaricamento diretto del candidato\u201d.     <\/p>\n<p>Di seguito ti informiamo su quali dati personali vengono memorizzati e come vengono utilizzati quando si utilizza la funzione \u201cCARICA QUI IL TUO VIDEO\u201d. Questa informativa sulla privacy si applica esclusivamente alla funzionalit\u00e0 sopra menzionata e al successivo rimborso delle tue spese di viaggio, integrando cos\u00ec l&#8217;informativa generale sulla privacy, consultabile nel pi\u00e8 di pagina del nostro sito web. <\/p>\n<p>Ti preghiamo di dedicare tempo sufficiente alla lettura di questa nota.<\/p>\n<\/div><div class=\"fusion-sep-clear\"><\/div><div class=\"fusion-separator fusion-full-width-sep\" style=\"margin-left: auto;margin-right: auto;margin-top:19px;margin-bottom:19px;width:100%;max-width:100%;\"><\/div><div class=\"fusion-sep-clear\"><\/div><div class=\"fusion-title title fusion-title-3 fusion-sep-none fusion-title-text fusion-title-size-five\" style=\"--awb-text-color:#131e27;--awb-margin-bottom:0px;--awb-margin-top-small:0px;--awb-margin-right-small:0px;--awb-margin-bottom-small:0px;--awb-margin-left-small:0px;\"><h5 class=\"fusion-title-heading title-heading-left fusion-responsive-typography-calculated\" style=\"margin:0;--fontSize:25;--minFontSize:25;line-height:1.25;\">2. Titolare del trattamento<\/h5><\/div><div class=\"fusion-text fusion-text-2\"><p>HOLZ automation GmbH<br \/>\nDonaustra\u00dfe 23<br \/>\nD-71522 Backnang<\/p>\n<p>Tel.: +49 (0) 7191 \/ 3432-0<br \/>\nFax: +49 (0) 7191 \/ 3432-299<br \/>\n&#98;&#x65;&#119;&#x65;&#114;&#x62;&#117;&#x6e;&#103;&#x40;&#104;&#x6f;&#108;&#x7a;&#45;&#x61;&#117;&#x74;&#111;&#x6d;&#97;&#x74;&#105;&#x6f;&#110;&#x2e;&#100;&#x65;<\/p>\n<\/div><div class=\"fusion-sep-clear\"><\/div><div class=\"fusion-separator fusion-full-width-sep\" style=\"margin-left: auto;margin-right: auto;margin-top:19px;margin-bottom:19px;width:100%;max-width:100%;\"><\/div><div class=\"fusion-sep-clear\"><\/div><div class=\"fusion-title title fusion-title-4 fusion-sep-none fusion-title-text fusion-title-size-five\" style=\"--awb-text-color:#131e27;--awb-margin-bottom:0px;--awb-margin-top-small:0px;--awb-margin-right-small:0px;--awb-margin-bottom-small:0px;--awb-margin-left-small:0px;\"><h5 class=\"fusion-title-heading title-heading-left fusion-responsive-typography-calculated\" style=\"margin:0;--fontSize:25;--minFontSize:25;line-height:1.25;\">3. Tipi di dati raccolti<\/h5><\/div><div class=\"fusion-text fusion-text-3\"><p>possono stabilire un riferimento indiretto alla tua persona, come ad esempio nome e cognome, sesso, indirizzo, numero di telefono, data di nascita o indirizzo e-mail.<\/p>\n<p>Trattiamo i dati personali raccolti durante la visita dei nostri siti web in conformit\u00e0 con le disposizioni sulla protezione dei dati del paese in cui ha sede il titolare del trattamento (Repubblica Federale di Germania). La nostra politica sulla protezione dei dati si basa inoltre sulla direttiva sulla protezione dei dati applicabile a HOLZ. Nel corso di una candidatura tramite video, vengono trattati diversi tipi di dati personali:  <\/p>\n<ul>\n<li>Il contenuto del video inviato (ad esempio informazioni sul curriculum e sulla motivazione del candidato, nonch\u00e9 l&#8217;immagine di sfondo); per noi \u00e8 importante sottolineare espressamente che, in linea di principio, sei libero di decidere cosa rivelare di te nel tuo video e ti consigliamo di agire in modo consapevole e responsabile<\/li>\n<li>Dati di comunicazione (ad esempio indirizzo e-mail o numero di cellulare del candidato)<\/li>\n<li>Un riferimento alle presenze online del candidato su XING o LinkedIn, se queste vengono utilizzate dal candidato per la sua identificazione<\/li>\n<li>Informazioni sul percorso professionale del candidato, reperibili su XING o LinkedIn, se le presenze online del candidato su tali piattaforme vengono utilizzate da quest&#8217;ultimo per la sua identificazione<\/li>\n<li>Altre informazioni che il candidato invia dopo la sua candidatura di 15 secondi o che vengono richieste direttamente al candidato (ad esempio certificati, diplomi, ecc.)<\/li>\n<li>Eventuali dati sulla valutazione e il giudizio di un candidato nel processo di selezione (nessun processo decisionale automatizzato, inclusa la profilazione)<\/li>\n<\/ul>\n<p>Nell&#8217;ambito del rimborso delle tue spese di viaggio, vengono trattati i seguenti dati personali:<\/p>\n<ul>\n<li>Nome e cognome (incluso il prefisso familiare) del candidato<\/li>\n<li>Dati di indirizzo (ad esempio indirizzo postale del candidato)<\/li>\n<li>Dati di comunicazione (ad esempio indirizzo e-mail e numero di telefono del candidato)<\/li>\n<li>Coordinate bancarie del candidato<\/li>\n<li>Partenza e destinazione del viaggio<\/li>\n<\/ul>\n<\/div><div class=\"fusion-sep-clear\"><\/div><div class=\"fusion-separator fusion-full-width-sep\" style=\"margin-left: auto;margin-right: auto;margin-top:19px;margin-bottom:19px;width:100%;max-width:100%;\"><\/div><div class=\"fusion-sep-clear\"><\/div><div class=\"fusion-title title fusion-title-5 fusion-sep-none fusion-title-text fusion-title-size-five\" style=\"--awb-text-color:#131e27;--awb-margin-bottom:0px;--awb-margin-top-small:0px;--awb-margin-right-small:0px;--awb-margin-bottom-small:0px;--awb-margin-left-small:0px;\"><h5 class=\"fusion-title-heading title-heading-left fusion-responsive-typography-calculated\" style=\"margin:0;--fontSize:25;--minFontSize:25;line-height:1.25;\">4. Finalit\u00e0 del trattamento dei dati personali<\/h5><\/div><div class=\"fusion-text fusion-text-4\"><p>Se utilizzi la funzione \u201cCARICA QUI IL TUO VIDEO\u201d sul nostro sito web, i dati personali vengono raccolti tramite una piattaforma software gestita da un fornitore di servizi esterno accuratamente selezionato e impegnato a rispettare le normative sulla protezione dei dati pertinenti, che supporta HOLZ anche nella selezione del personale. I dati raccolti tramite la funzione \u201cCARICA QUI IL TUO VIDEO\u201d sono archiviati presso 1&amp;1 IONOS SE (Elgendorfer Str. 57, 56410 Montabaur). Anche questo fornitore di servizi \u00e8 stato accuratamente selezionato e vincolato alla protezione dei dati. I dati personali raccolti in relazione a una candidatura vengono utilizzati fondamentalmente solo per l&#8217;elaborazione delle candidature presentate e per l&#8217;assegnazione dei posti vacanti, nonch\u00e9 per l&#8217;esecuzione del rimborso delle tue spese di viaggio. Un ulteriore utilizzo di questi dati avverrebbe solo se e nella misura in cui ci\u00f2 sia necessario per adempiere a un obbligo legale e\/o per tutelare diritti legali. Le presenze dei candidati sui social network (XING e LinkedIn) vengono utilizzate su richiesta del candidato per la sua identificazione personale. Le informazioni sul percorso professionale del candidato ivi reperibili possono inoltre essere utilizzate per integrare il suo video di candidatura. Non viene effettuata alcuna ulteriore valutazione del contenuto di queste presenze dei candidati. Dopo il completamento del processo di candidatura, il trattamento viene inizialmente limitato; se non vi sono pi\u00f9 periodi e obblighi di conservazione, segue la cancellazione.<\/p>\n<\/div><div class=\"fusion-sep-clear\"><\/div><div class=\"fusion-separator fusion-full-width-sep\" style=\"margin-left: auto;margin-right: auto;margin-top:19px;margin-bottom:19px;width:100%;max-width:100%;\"><\/div><div class=\"fusion-sep-clear\"><\/div><div class=\"fusion-title title fusion-title-6 fusion-sep-none fusion-title-text fusion-title-size-five\" style=\"--awb-text-color:#131e27;--awb-margin-bottom:0px;--awb-margin-top-small:0px;--awb-margin-right-small:0px;--awb-margin-bottom-small:0px;--awb-margin-left-small:0px;\"><h5 class=\"fusion-title-heading title-heading-left fusion-responsive-typography-calculated\" style=\"margin:0;--fontSize:25;--minFontSize:25;line-height:1.25;\">5. Base giuridica per l&#8217;utilizzo dei tuoi dati<\/h5><\/div><div class=\"fusion-text fusion-text-5\"><p>a. Se ci hai fornito il consenso per il trattamento dei tuoi dati personali, questo costituisce la base giuridica per il trattamento (Art. 6 par. 1 lett. a GDPR).<\/p>\n<p>b. Per il trattamento dei dati personali ai fini dell&#8217;avvio o dell&#8217;esecuzione di un contratto con te, l&#8217;Art. 6 par. 1 lett. b GDPR \u00e8 la base giuridica. <\/p>\n<p>c. Se il trattamento dei tuoi dati personali \u00e8 necessario per adempiere ai nostri obblighi legali (ad esempio, per la conservazione dei dati), siamo autorizzati a farlo ai sensi dell&#8217;Art. 6 par. 1 lett. c GDPR. <\/p>\n<p>d. Inoltre, trattiamo i dati personali per perseguire i nostri legittimi interessi e i legittimi interessi di terzi ai sensi dell&#8217;Art. 6 par. 1 lett. f GDPR. La conservazione della funzionalit\u00e0 dei nostri sistemi IT, la commercializzazione (diretta) di prodotti e servizi propri e di terzi e la documentazione legalmente richiesta dei contatti commerciali sono tali legittimi interessi. Nell&#8217;ambito della necessaria ponderazione degli interessi, consideriamo in particolare la natura dei dati personali, la finalit\u00e0 del trattamento, le circostanze del trattamento e il tuo interesse alla riservatezza dei tuoi dati personali.   <\/p>\n<\/div><div class=\"fusion-sep-clear\"><\/div><div class=\"fusion-separator fusion-full-width-sep\" style=\"margin-left: auto;margin-right: auto;margin-top:19px;margin-bottom:19px;width:100%;max-width:100%;\"><\/div><div class=\"fusion-sep-clear\"><\/div><div class=\"fusion-title title fusion-title-7 fusion-sep-none fusion-title-text fusion-title-size-five\" style=\"--awb-text-color:#131e27;--awb-margin-bottom:0px;--awb-margin-top-small:0px;--awb-margin-right-small:0px;--awb-margin-bottom-small:0px;--awb-margin-left-small:0px;\"><h5 class=\"fusion-title-heading title-heading-left fusion-responsive-typography-calculated\" style=\"margin:0;--fontSize:25;--minFontSize:25;line-height:1.25;\">6. Trasferimento dei tuoi dati a terzi; utilizzo di fornitori di servizi<\/h5><\/div><div class=\"fusion-text fusion-text-6\"><p>I dati raccolti durante il processo di candidatura non vengono generalmente trasmessi a terzi. Ci\u00f2 si applicherebbe solo se e nella misura in cui ci\u00f2 sia necessario per adempiere a un obbligo legale e\/o per tutelare diritti legali. La trasmissione dei tuoi dati ai nostri fornitori di servizi accuratamente selezionati avviene solo nell&#8217;ambito del processo di candidatura, come descritto al \u00a7 5.  <\/p>\n<\/div><div class=\"fusion-sep-clear\"><\/div><div class=\"fusion-separator fusion-full-width-sep\" style=\"margin-left: auto;margin-right: auto;margin-top:19px;margin-bottom:19px;width:100%;max-width:100%;\"><\/div><div class=\"fusion-sep-clear\"><\/div><div class=\"fusion-title title fusion-title-8 fusion-sep-none fusion-title-text fusion-title-size-five\" style=\"--awb-text-color:#131e27;--awb-margin-bottom:0px;--awb-margin-top-small:0px;--awb-margin-right-small:0px;--awb-margin-bottom-small:0px;--awb-margin-left-small:0px;\"><h5 class=\"fusion-title-heading title-heading-left fusion-responsive-typography-calculated\" style=\"margin:0;--fontSize:25;--minFontSize:25;line-height:1.25;\">7. Trasferimento dei tuoi dati all&#8217;estero<\/h5><\/div><div class=\"fusion-text fusion-text-7\"><p>HOLZ opera a livello globale. I tuoi dati vengono in parte trattati anche in paesi al di fuori dell&#8217;Unione Europea (\u201cUE\u201d) o dello Spazio Economico Europeo (\u201cSEE\u201d). In questi casi, garantiamo, ad esempio tramite accordi contrattuali con i nostri partner commerciali o fornitori di servizi, che sia assicurato un livello adeguato di protezione dei dati per i tuoi dati, oppure ti chiediamo il tuo esplicito consenso.  <\/p>\n<p>a. Nell&#8217;utilizzo di fornitori di servizi e nel tracciamento, i dati personali possono essere trasferiti e trattati in paesi al di fuori dell&#8217;Unione Europea, Islanda, Liechtenstein e Norvegia (= Spazio Economico Europeo), in particolare negli Stati Uniti e in India.<\/p>\n<p>b. Nei seguenti paesi, dal punto di vista dell&#8217;UE, esiste un livello di protezione adeguato per il trattamento dei dati personali, conforme agli standard UE (cosiddetta decisione di adeguatezza): Andorra, Argentina, Canada (limitatamente), Isole F\u00e6r \u00d8er, Guernsey, Israele, Isola di Man, Giappone, Jersey, Nuova Zelanda, Svizzera, Uruguay. Con i destinatari in altri paesi, concordiamo l&#8217;applicazione delle clausole contrattuali standard dell&#8217;UE, di norme aziendali vincolanti o del Privacy Shield UE-USA o Svizzera-USA, al fine di creare un \u201clivello di protezione adeguato\u201d in conformit\u00e0 con i requisiti legali. Saremo lieti di fornirti informazioni in merito tramite i contatti sopra menzionati.  <\/p>\n<\/div><div class=\"fusion-sep-clear\"><\/div><div class=\"fusion-separator fusion-full-width-sep\" style=\"margin-left: auto;margin-right: auto;margin-top:19px;margin-bottom:19px;width:100%;max-width:100%;\"><\/div><div class=\"fusion-sep-clear\"><\/div><div class=\"fusion-title title fusion-title-9 fusion-sep-none fusion-title-text fusion-title-size-five\" style=\"--awb-text-color:#131e27;--awb-margin-bottom:0px;--awb-margin-top-small:0px;--awb-margin-right-small:0px;--awb-margin-bottom-small:0px;--awb-margin-left-small:0px;\"><h5 class=\"fusion-title-heading title-heading-left fusion-responsive-typography-calculated\" style=\"margin:0;--fontSize:25;--minFontSize:25;line-height:1.25;\">8. Utilizzo di cookie e di Google Analytics<\/h5><\/div><div class=\"fusion-text fusion-text-8\"><p>Quando visiti il nostro sito web, utilizziamo cookie e altri strumenti di tracciamento. Maggiori informazioni in merito sono disponibili nella nostra Cookie Policy.<br \/>\nInoltre, come menzionato in precedenza, in caso di candidatura video, si viene reindirizzati alla piattaforma software del nostro fornitore di servizi, che utilizza Google Analytics. L&#8217;utilizzo avviene in modo analogo alla descrizione del \u00a7 10 delle note generali sulla protezione dei dati (inserire link) e si applicano le relative disposizioni.  <\/p>\n<\/div><div class=\"fusion-sep-clear\"><\/div><div class=\"fusion-separator fusion-full-width-sep\" style=\"margin-left: auto;margin-right: auto;margin-top:19px;margin-bottom:19px;width:100%;max-width:100%;\"><\/div><div class=\"fusion-sep-clear\"><\/div><div class=\"fusion-title title fusion-title-10 fusion-sep-none fusion-title-text fusion-title-size-five\" style=\"--awb-text-color:#131e27;--awb-margin-bottom:0px;--awb-margin-top-small:0px;--awb-margin-right-small:0px;--awb-margin-bottom-small:0px;--awb-margin-left-small:0px;\"><h5 class=\"fusion-title-heading title-heading-left fusion-responsive-typography-calculated\" style=\"margin:0;--fontSize:25;--minFontSize:25;line-height:1.25;\">9. Conservazione dei dati<\/h5><\/div><div class=\"fusion-text fusion-text-9\"><p>Cancelliamo i tuoi dati personali non appena viene meno lo scopo per cui li abbiamo raccolti e trattati. Oltre tale termine, la conservazione avviene solo se ci\u00f2 \u00e8 richiesto dalle leggi, dai regolamenti o da altre disposizioni legali a cui siamo soggetti, nell&#8217;UE o secondo le normative di paesi terzi, se in essi \u00e8 garantito un adeguato livello di protezione dei dati. Se la cancellazione non \u00e8 possibile in singoli casi, i dati personali corrispondenti vengono contrassegnati con l&#8217;obiettivo di limitarne il futuro trattamento.  <\/p>\n<p>La durata della conservazione dei dati \u00e8:<\/p>\n<ul>\n<li>in caso di instaurazione di un rapporto di lavoro, dieci anni dalla cessazione del rapporto di lavoro<\/li>\n<li>in caso di rifiuto di una candidatura, tre mesi dalla data della decisione di rifiuto<\/li>\n<li>per i rimborsi spese di viaggio, dieci anni dalla ricezione del rimborso spese di viaggio<\/li>\n<\/ul>\n<\/div><div class=\"fusion-sep-clear\"><\/div><div class=\"fusion-separator fusion-full-width-sep\" style=\"margin-left: auto;margin-right: auto;margin-top:19px;margin-bottom:19px;width:100%;max-width:100%;\"><\/div><div class=\"fusion-sep-clear\"><\/div><div class=\"fusion-title title fusion-title-11 fusion-sep-none fusion-title-text fusion-title-size-five\" style=\"--awb-text-color:#131e27;--awb-margin-bottom:0px;--awb-margin-top-small:0px;--awb-margin-right-small:0px;--awb-margin-bottom-small:0px;--awb-margin-left-small:0px;\"><h5 class=\"fusion-title-heading title-heading-left fusion-responsive-typography-calculated\" style=\"margin:0;--fontSize:25;--minFontSize:25;line-height:1.25;\">10. Trasmissione sicura dei dati<\/h5><\/div><div class=\"fusion-text fusion-text-10\"><p>Adottiamo misure di sicurezza tecniche e organizzative adeguate per proteggere i tuoi dati da manipolazioni accidentali o intenzionali, perdita parziale o totale, distruzione o accesso non autorizzato di terzi. Le nostre misure di sicurezza vengono continuamente migliorate in base allo sviluppo tecnologico. <\/p>\n<\/div><div class=\"fusion-sep-clear\"><\/div><div class=\"fusion-separator fusion-full-width-sep\" style=\"margin-left: auto;margin-right: auto;margin-top:19px;margin-bottom:19px;width:100%;max-width:100%;\"><\/div><div class=\"fusion-sep-clear\"><\/div><div class=\"fusion-title title fusion-title-12 fusion-sep-none fusion-title-text fusion-title-size-five\" style=\"--awb-text-color:#131e27;--awb-margin-bottom:0px;--awb-margin-top-small:0px;--awb-margin-right-small:0px;--awb-margin-bottom-small:0px;--awb-margin-left-small:0px;\"><h5 class=\"fusion-title-heading title-heading-left fusion-responsive-typography-calculated\" style=\"margin:0;--fontSize:25;--minFontSize:25;line-height:1.25;\">11. Diritti dell&#8217;interessato e diritto di reclamo presso un&#8217;autorit\u00e0 di controllo<\/h5><\/div><div class=\"fusion-text fusion-text-11\"><p>In quanto persona interessata dal trattamento dei dati, hai il diritto di accesso (Art. 15 GDPR), rettifica (Art. 16 GDPR), cancellazione dei dati (Art. 17 GDPR), limitazione del trattamento (Art. 18 GDPR) e portabilit\u00e0 dei dati (Art. 20 GDPR).<\/p>\n<p>Se hai acconsentito al trattamento dei tuoi dati personali da parte nostra, hai il diritto di revocare il consenso in qualsiasi momento. La legittimit\u00e0 del trattamento dei tuoi dati personali fino alla revoca non \u00e8 pregiudicata dalla revoca. Rimane altres\u00ec impregiudicato un ulteriore trattamento di tali dati basato su un&#8217;altra base giuridica, ad esempio per adempiere a obblighi legali (cfr. sezione \u201cBasi giuridiche del trattamento\u201d).  <\/p>\n<\/div><div class=\"fusion-sep-clear\"><\/div><div class=\"fusion-separator fusion-full-width-sep\" style=\"margin-left: auto;margin-right: auto;margin-top:19px;margin-bottom:19px;width:100%;max-width:100%;\"><\/div><div class=\"fusion-sep-clear\"><\/div><div class=\"fusion-clearfix\"><\/div><\/div><\/div><\/div><\/div>\n","protected":false},"excerpt":{"rendered":"","protected":false},"author":1,"featured_media":0,"parent":0,"menu_order":0,"comment_status":"closed","ping_status":"closed","template":"100-width.php","meta":{"_exactmetrics_skip_tracking":false,"_exactmetrics_sitenote_active":false,"_exactmetrics_sitenote_note":"","_exactmetrics_sitenote_category":0,"footnotes":""},"class_list":["post-16212","page","type-page","status-publish","hentry"],"_links":{"self":[{"href":"https:\/\/www.holz-automation.de\/it\/wp-json\/wp\/v2\/pages\/16212","targetHints":{"allow":["GET"]}}],"collection":[{"href":"https:\/\/www.holz-automation.de\/it\/wp-json\/wp\/v2\/pages"}],"about":[{"href":"https:\/\/www.holz-automation.de\/it\/wp-json\/wp\/v2\/types\/page"}],"author":[{"embeddable":true,"href":"https:\/\/www.holz-automation.de\/it\/wp-json\/wp\/v2\/users\/1"}],"replies":[{"embeddable":true,"href":"https:\/\/www.holz-automation.de\/it\/wp-json\/wp\/v2\/comments?post=16212"}],"version-history":[{"count":3,"href":"https:\/\/www.holz-automation.de\/it\/wp-json\/wp\/v2\/pages\/16212\/revisions"}],"predecessor-version":[{"id":18781,"href":"https:\/\/www.holz-automation.de\/it\/wp-json\/wp\/v2\/pages\/16212\/revisions\/18781"}],"wp:attachment":[{"href":"https:\/\/www.holz-automation.de\/it\/wp-json\/wp\/v2\/media?parent=16212"}],"curies":[{"name":"wp","href":"https:\/\/api.w.org\/{rel}","templated":true}]}}